{"id":92,"date":"2024-05-05T19:02:01","date_gmt":"2024-05-05T19:02:01","guid":{"rendered":"https:\/\/aymetalkaplama.com\/?page_id=92"},"modified":"2024-05-17T12:21:42","modified_gmt":"2024-05-17T12:21:42","slug":"diger-profiller","status":"publish","type":"page","link":"https:\/\/aymetalkaplama.com\/index.php\/diger-profiller\/","title":{"rendered":"Di\u011fer Profiller"},"content":{"rendered":"\n<p class=\"has-text-align-center has-medium-font-size\"><strong>D\u0130\u011eER PROF\u0130LLER<\/strong><\/p>\n\n\n<div class=\"wp-block-image\">\n<figure class=\"aligncenter size-full is-resized\"><img fetchpriority=\"high\" decoding=\"async\" width=\"668\" height=\"528\" src=\"https:\/\/aymetalkaplama.com\/wp-content\/uploads\/2024\/05\/image-2.png\" alt=\"\" class=\"wp-image-179\" style=\"width:887px;height:auto\" srcset=\"https:\/\/aymetalkaplama.com\/wp-content\/uploads\/2024\/05\/image-2.png 668w, https:\/\/aymetalkaplama.com\/wp-content\/uploads\/2024\/05\/image-2-300x237.png 300w\" sizes=\"(max-width: 668px) 100vw, 668px\" \/><\/figure>\n<\/div>","protected":false},"excerpt":{"rendered":"<p>D\u0130\u011eER PROF\u0130LLER<\/p>\n","protected":false},"author":1,"featured_media":0,"parent":0,"menu_order":0,"comment_status":"closed","ping_status":"closed","template":"","meta":{"footnotes":""},"class_list":["post-92","page","type-page","status-publish","hentry"],"yoast_head":"<!-- This site is optimized with the Yoast SEO plugin v22.7 - https:\/\/yoast.com\/wordpress\/plugins\/seo\/ -->\n<title>Di\u011fer Profiller -<\/title>\n<meta name=\"robots\" content=\"index, follow, max-snippet:-1, max-image-preview:large, max-video-preview:-1\" \/>\n<link rel=\"canonical\" href=\"https:\/\/aymetalkaplama.com\/index.php\/diger-profiller\/\" \/>\n<meta property=\"og:locale\" content=\"tr_TR\" \/>\n<meta property=\"og:type\" content=\"article\" \/>\n<meta property=\"og:title\" content=\"Di\u011fer Profiller -\" \/>\n<meta property=\"og:description\" content=\"D\u0130\u011eER PROF\u0130LLER\" \/>\n<meta property=\"og:url\" content=\"https:\/\/aymetalkaplama.com\/index.php\/diger-profiller\/\" \/>\n<meta property=\"article:modified_time\" content=\"2024-05-17T12:21:42+00:00\" \/>\n<meta property=\"og:image\" content=\"https:\/\/aymetalkaplama.com\/wp-content\/uploads\/2024\/05\/image-2.png\" \/>\n<meta name=\"twitter:card\" content=\"summary_large_image\" \/>\n<meta name=\"twitter:label1\" content=\"Tahmini okuma s\u00fcresi\" \/>\n\t<meta name=\"twitter:data1\" content=\"1 dakika\" \/>\n<script type=\"application\/ld+json\" class=\"yoast-schema-graph\">{\"@context\":\"https:\/\/schema.org\",\"@graph\":[{\"@type\":\"WebPage\",\"@id\":\"https:\/\/aymetalkaplama.com\/index.php\/diger-profiller\/\",\"url\":\"https:\/\/aymetalkaplama.com\/index.php\/diger-profiller\/\",\"name\":\"Di\u011fer Profiller -\",\"isPartOf\":{\"@id\":\"https:\/\/aymetalkaplama.com\/#website\"},\"primaryImageOfPage\":{\"@id\":\"https:\/\/aymetalkaplama.com\/index.php\/diger-profiller\/#primaryimage\"},\"image\":{\"@id\":\"https:\/\/aymetalkaplama.com\/index.php\/diger-profiller\/#primaryimage\"},\"thumbnailUrl\":\"https:\/\/aymetalkaplama.com\/wp-content\/uploads\/2024\/05\/image-2.png\",\"datePublished\":\"2024-05-05T19:02:01+00:00\",\"dateModified\":\"2024-05-17T12:21:42+00:00\",\"breadcrumb\":{\"@id\":\"https:\/\/aymetalkaplama.com\/index.php\/diger-profiller\/#breadcrumb\"},\"inLanguage\":\"tr\",\"potentialAction\":[{\"@type\":\"ReadAction\",\"target\":[\"https:\/\/aymetalkaplama.com\/index.php\/diger-profiller\/\"]}]},{\"@type\":\"ImageObject\",\"inLanguage\":\"tr\",\"@id\":\"https:\/\/aymetalkaplama.com\/index.php\/diger-profiller\/#primaryimage\",\"url\":\"https:\/\/aymetalkaplama.com\/wp-content\/uploads\/2024\/05\/image-2.png\",\"contentUrl\":\"https:\/\/aymetalkaplama.com\/wp-content\/uploads\/2024\/05\/image-2.png\",\"width\":668,\"height\":528},{\"@type\":\"BreadcrumbList\",\"@id\":\"https:\/\/aymetalkaplama.com\/index.php\/diger-profiller\/#breadcrumb\",\"itemListElement\":[{\"@type\":\"ListItem\",\"position\":1,\"name\":\"Anasayfa\",\"item\":\"https:\/\/aymetalkaplama.com\/\"},{\"@type\":\"ListItem\",\"position\":2,\"name\":\"Di\u011fer Profiller\"}]},{\"@type\":\"WebSite\",\"@id\":\"https:\/\/aymetalkaplama.com\/#website\",\"url\":\"https:\/\/aymetalkaplama.com\/\",\"name\":\"\",\"description\":\"\",\"potentialAction\":[{\"@type\":\"SearchAction\",\"target\":{\"@type\":\"EntryPoint\",\"urlTemplate\":\"https:\/\/aymetalkaplama.com\/?s={search_term_string}\"},\"query-input\":\"required name=search_term_string\"}],\"inLanguage\":\"tr\"}]}<\/script>\n<!-- \/ Yoast SEO plugin. -->","yoast_head_json":{"title":"Di\u011fer Profiller -","robots":{"index":"index","follow":"follow","max-snippet":"max-snippet:-1","max-image-preview":"max-image-preview:large","max-video-preview":"max-video-preview:-1"},"canonical":"https:\/\/aymetalkaplama.com\/index.php\/diger-profiller\/","og_locale":"tr_TR","og_type":"article","og_title":"Di\u011fer Profiller -","og_description":"D\u0130\u011eER PROF\u0130LLER","og_url":"https:\/\/aymetalkaplama.com\/index.php\/diger-profiller\/","article_modified_time":"2024-05-17T12:21:42+00:00","og_image":[{"url":"https:\/\/aymetalkaplama.com\/wp-content\/uploads\/2024\/05\/image-2.png"}],"twitter_card":"summary_large_image","twitter_misc":{"Tahmini okuma s\u00fcresi":"1 dakika"},"schema":{"@context":"https:\/\/schema.org","@graph":[{"@type":"WebPage","@id":"https:\/\/aymetalkaplama.com\/index.php\/diger-profiller\/","url":"https:\/\/aymetalkaplama.com\/index.php\/diger-profiller\/","name":"Di\u011fer Profiller -","isPartOf":{"@id":"https:\/\/aymetalkaplama.com\/#website"},"primaryImageOfPage":{"@id":"https:\/\/aymetalkaplama.com\/index.php\/diger-profiller\/#primaryimage"},"image":{"@id":"https:\/\/aymetalkaplama.com\/index.php\/diger-profiller\/#primaryimage"},"thumbnailUrl":"https:\/\/aymetalkaplama.com\/wp-content\/uploads\/2024\/05\/image-2.png","datePublished":"2024-05-05T19:02:01+00:00","dateModified":"2024-05-17T12:21:42+00:00","breadcrumb":{"@id":"https:\/\/aymetalkaplama.com\/index.php\/diger-profiller\/#breadcrumb"},"inLanguage":"tr","potentialAction":[{"@type":"ReadAction","target":["https:\/\/aymetalkaplama.com\/index.php\/diger-profiller\/"]}]},{"@type":"ImageObject","inLanguage":"tr","@id":"https:\/\/aymetalkaplama.com\/index.php\/diger-profiller\/#primaryimage","url":"https:\/\/aymetalkaplama.com\/wp-content\/uploads\/2024\/05\/image-2.png","contentUrl":"https:\/\/aymetalkaplama.com\/wp-content\/uploads\/2024\/05\/image-2.png","width":668,"height":528},{"@type":"BreadcrumbList","@id":"https:\/\/aymetalkaplama.com\/index.php\/diger-profiller\/#breadcrumb","itemListElement":[{"@type":"ListItem","position":1,"name":"Anasayfa","item":"https:\/\/aymetalkaplama.com\/"},{"@type":"ListItem","position":2,"name":"Di\u011fer Profiller"}]},{"@type":"WebSite","@id":"https:\/\/aymetalkaplama.com\/#website","url":"https:\/\/aymetalkaplama.com\/","name":"","description":"","potentialAction":[{"@type":"SearchAction","target":{"@type":"EntryPoint","urlTemplate":"https:\/\/aymetalkaplama.com\/?s={search_term_string}"},"query-input":"required name=search_term_string"}],"inLanguage":"tr"}]}},"_links":{"self":[{"href":"https:\/\/aymetalkaplama.com\/index.php\/wp-json\/wp\/v2\/pages\/92","targetHints":{"allow":["GET"]}}],"collection":[{"href":"https:\/\/aymetalkaplama.com\/index.php\/wp-json\/wp\/v2\/pages"}],"about":[{"href":"https:\/\/aymetalkaplama.com\/index.php\/wp-json\/wp\/v2\/types\/page"}],"author":[{"embeddable":true,"href":"https:\/\/aymetalkaplama.com\/index.php\/wp-json\/wp\/v2\/users\/1"}],"replies":[{"embeddable":true,"href":"https:\/\/aymetalkaplama.com\/index.php\/wp-json\/wp\/v2\/comments?post=92"}],"version-history":[{"count":8,"href":"https:\/\/aymetalkaplama.com\/index.php\/wp-json\/wp\/v2\/pages\/92\/revisions"}],"predecessor-version":[{"id":226,"href":"https:\/\/aymetalkaplama.com\/index.php\/wp-json\/wp\/v2\/pages\/92\/revisions\/226"}],"wp:attachment":[{"href":"https:\/\/aymetalkaplama.com\/index.php\/wp-json\/wp\/v2\/media?parent=92"}],"curies":[{"name":"wp","href":"https:\/\/api.w.org\/{rel}","templated":true}]}}