{"id":90,"date":"2024-05-05T19:02:01","date_gmt":"2024-05-05T19:02:01","guid":{"rendered":"https:\/\/aymetalkaplama.com\/?page_id=90"},"modified":"2024-05-17T12:18:57","modified_gmt":"2024-05-17T12:18:57","slug":"soguk-depo-profilleri","status":"publish","type":"page","link":"https:\/\/aymetalkaplama.com\/index.php\/soguk-depo-profilleri\/","title":{"rendered":"SO\u011eUK DEPO PROF\u0130LLER\u0130"},"content":{"rendered":"\n<p class=\"has-text-align-center has-medium-font-size\"><strong>SO\u011eUK DEPO PROF\u0130LLER\u0130<\/strong><\/p>\n\n\n<div class=\"wp-block-image\">\n<figure class=\"aligncenter size-full is-resized\"><img fetchpriority=\"high\" decoding=\"async\" width=\"696\" height=\"989\" src=\"https:\/\/aymetalkaplama.com\/wp-content\/uploads\/2024\/05\/image-7.png\" alt=\"\" class=\"wp-image-217\" style=\"width:719px;height:auto\" srcset=\"https:\/\/aymetalkaplama.com\/wp-content\/uploads\/2024\/05\/image-7.png 696w, https:\/\/aymetalkaplama.com\/wp-content\/uploads\/2024\/05\/image-7-211x300.png 211w\" sizes=\"(max-width: 696px) 100vw, 696px\" \/><\/figure>\n<\/div>","protected":false},"excerpt":{"rendered":"<p>SO\u011eUK DEPO PROF\u0130LLER\u0130<\/p>\n","protected":false},"author":1,"featured_media":0,"parent":0,"menu_order":0,"comment_status":"closed","ping_status":"closed","template":"page-templates\/full-width.php","meta":{"footnotes":""},"class_list":["post-90","page","type-page","status-publish","hentry"],"yoast_head":"<!-- This site is optimized with the Yoast SEO plugin v22.7 - https:\/\/yoast.com\/wordpress\/plugins\/seo\/ -->\n<title>SO\u011eUK DEPO PROF\u0130LLER\u0130 -<\/title>\n<meta name=\"robots\" content=\"index, follow, max-snippet:-1, max-image-preview:large, max-video-preview:-1\" \/>\n<link rel=\"canonical\" href=\"https:\/\/aymetalkaplama.com\/index.php\/soguk-depo-profilleri\/\" \/>\n<meta property=\"og:locale\" content=\"tr_TR\" \/>\n<meta property=\"og:type\" content=\"article\" \/>\n<meta property=\"og:title\" content=\"SO\u011eUK DEPO PROF\u0130LLER\u0130 -\" \/>\n<meta property=\"og:description\" content=\"SO\u011eUK DEPO PROF\u0130LLER\u0130\" \/>\n<meta property=\"og:url\" content=\"https:\/\/aymetalkaplama.com\/index.php\/soguk-depo-profilleri\/\" \/>\n<meta property=\"article:modified_time\" content=\"2024-05-17T12:18:57+00:00\" \/>\n<meta property=\"og:image\" content=\"https:\/\/aymetalkaplama.com\/wp-content\/uploads\/2024\/05\/image-7.png\" \/>\n<meta name=\"twitter:card\" content=\"summary_large_image\" \/>\n<meta name=\"twitter:label1\" content=\"Tahmini okuma s\u00fcresi\" \/>\n\t<meta name=\"twitter:data1\" content=\"1 dakika\" \/>\n<script type=\"application\/ld+json\" class=\"yoast-schema-graph\">{\"@context\":\"https:\/\/schema.org\",\"@graph\":[{\"@type\":\"WebPage\",\"@id\":\"https:\/\/aymetalkaplama.com\/index.php\/soguk-depo-profilleri\/\",\"url\":\"https:\/\/aymetalkaplama.com\/index.php\/soguk-depo-profilleri\/\",\"name\":\"SO\u011eUK DEPO PROF\u0130LLER\u0130 -\",\"isPartOf\":{\"@id\":\"https:\/\/aymetalkaplama.com\/#website\"},\"primaryImageOfPage\":{\"@id\":\"https:\/\/aymetalkaplama.com\/index.php\/soguk-depo-profilleri\/#primaryimage\"},\"image\":{\"@id\":\"https:\/\/aymetalkaplama.com\/index.php\/soguk-depo-profilleri\/#primaryimage\"},\"thumbnailUrl\":\"https:\/\/aymetalkaplama.com\/wp-content\/uploads\/2024\/05\/image-7.png\",\"datePublished\":\"2024-05-05T19:02:01+00:00\",\"dateModified\":\"2024-05-17T12:18:57+00:00\",\"breadcrumb\":{\"@id\":\"https:\/\/aymetalkaplama.com\/index.php\/soguk-depo-profilleri\/#breadcrumb\"},\"inLanguage\":\"tr\",\"potentialAction\":[{\"@type\":\"ReadAction\",\"target\":[\"https:\/\/aymetalkaplama.com\/index.php\/soguk-depo-profilleri\/\"]}]},{\"@type\":\"ImageObject\",\"inLanguage\":\"tr\",\"@id\":\"https:\/\/aymetalkaplama.com\/index.php\/soguk-depo-profilleri\/#primaryimage\",\"url\":\"https:\/\/aymetalkaplama.com\/wp-content\/uploads\/2024\/05\/image-7.png\",\"contentUrl\":\"https:\/\/aymetalkaplama.com\/wp-content\/uploads\/2024\/05\/image-7.png\",\"width\":696,\"height\":989},{\"@type\":\"BreadcrumbList\",\"@id\":\"https:\/\/aymetalkaplama.com\/index.php\/soguk-depo-profilleri\/#breadcrumb\",\"itemListElement\":[{\"@type\":\"ListItem\",\"position\":1,\"name\":\"Anasayfa\",\"item\":\"https:\/\/aymetalkaplama.com\/\"},{\"@type\":\"ListItem\",\"position\":2,\"name\":\"SO\u011eUK DEPO PROF\u0130LLER\u0130\"}]},{\"@type\":\"WebSite\",\"@id\":\"https:\/\/aymetalkaplama.com\/#website\",\"url\":\"https:\/\/aymetalkaplama.com\/\",\"name\":\"\",\"description\":\"\",\"potentialAction\":[{\"@type\":\"SearchAction\",\"target\":{\"@type\":\"EntryPoint\",\"urlTemplate\":\"https:\/\/aymetalkaplama.com\/?s={search_term_string}\"},\"query-input\":\"required name=search_term_string\"}],\"inLanguage\":\"tr\"}]}<\/script>\n<!-- \/ Yoast SEO plugin. -->","yoast_head_json":{"title":"SO\u011eUK DEPO PROF\u0130LLER\u0130 -","robots":{"index":"index","follow":"follow","max-snippet":"max-snippet:-1","max-image-preview":"max-image-preview:large","max-video-preview":"max-video-preview:-1"},"canonical":"https:\/\/aymetalkaplama.com\/index.php\/soguk-depo-profilleri\/","og_locale":"tr_TR","og_type":"article","og_title":"SO\u011eUK DEPO PROF\u0130LLER\u0130 -","og_description":"SO\u011eUK DEPO PROF\u0130LLER\u0130","og_url":"https:\/\/aymetalkaplama.com\/index.php\/soguk-depo-profilleri\/","article_modified_time":"2024-05-17T12:18:57+00:00","og_image":[{"url":"https:\/\/aymetalkaplama.com\/wp-content\/uploads\/2024\/05\/image-7.png"}],"twitter_card":"summary_large_image","twitter_misc":{"Tahmini okuma s\u00fcresi":"1 dakika"},"schema":{"@context":"https:\/\/schema.org","@graph":[{"@type":"WebPage","@id":"https:\/\/aymetalkaplama.com\/index.php\/soguk-depo-profilleri\/","url":"https:\/\/aymetalkaplama.com\/index.php\/soguk-depo-profilleri\/","name":"SO\u011eUK DEPO PROF\u0130LLER\u0130 -","isPartOf":{"@id":"https:\/\/aymetalkaplama.com\/#website"},"primaryImageOfPage":{"@id":"https:\/\/aymetalkaplama.com\/index.php\/soguk-depo-profilleri\/#primaryimage"},"image":{"@id":"https:\/\/aymetalkaplama.com\/index.php\/soguk-depo-profilleri\/#primaryimage"},"thumbnailUrl":"https:\/\/aymetalkaplama.com\/wp-content\/uploads\/2024\/05\/image-7.png","datePublished":"2024-05-05T19:02:01+00:00","dateModified":"2024-05-17T12:18:57+00:00","breadcrumb":{"@id":"https:\/\/aymetalkaplama.com\/index.php\/soguk-depo-profilleri\/#breadcrumb"},"inLanguage":"tr","potentialAction":[{"@type":"ReadAction","target":["https:\/\/aymetalkaplama.com\/index.php\/soguk-depo-profilleri\/"]}]},{"@type":"ImageObject","inLanguage":"tr","@id":"https:\/\/aymetalkaplama.com\/index.php\/soguk-depo-profilleri\/#primaryimage","url":"https:\/\/aymetalkaplama.com\/wp-content\/uploads\/2024\/05\/image-7.png","contentUrl":"https:\/\/aymetalkaplama.com\/wp-content\/uploads\/2024\/05\/image-7.png","width":696,"height":989},{"@type":"BreadcrumbList","@id":"https:\/\/aymetalkaplama.com\/index.php\/soguk-depo-profilleri\/#breadcrumb","itemListElement":[{"@type":"ListItem","position":1,"name":"Anasayfa","item":"https:\/\/aymetalkaplama.com\/"},{"@type":"ListItem","position":2,"name":"SO\u011eUK DEPO PROF\u0130LLER\u0130"}]},{"@type":"WebSite","@id":"https:\/\/aymetalkaplama.com\/#website","url":"https:\/\/aymetalkaplama.com\/","name":"","description":"","potentialAction":[{"@type":"SearchAction","target":{"@type":"EntryPoint","urlTemplate":"https:\/\/aymetalkaplama.com\/?s={search_term_string}"},"query-input":"required name=search_term_string"}],"inLanguage":"tr"}]}},"_links":{"self":[{"href":"https:\/\/aymetalkaplama.com\/index.php\/wp-json\/wp\/v2\/pages\/90","targetHints":{"allow":["GET"]}}],"collection":[{"href":"https:\/\/aymetalkaplama.com\/index.php\/wp-json\/wp\/v2\/pages"}],"about":[{"href":"https:\/\/aymetalkaplama.com\/index.php\/wp-json\/wp\/v2\/types\/page"}],"author":[{"embeddable":true,"href":"https:\/\/aymetalkaplama.com\/index.php\/wp-json\/wp\/v2\/users\/1"}],"replies":[{"embeddable":true,"href":"https:\/\/aymetalkaplama.com\/index.php\/wp-json\/wp\/v2\/comments?post=90"}],"version-history":[{"count":5,"href":"https:\/\/aymetalkaplama.com\/index.php\/wp-json\/wp\/v2\/pages\/90\/revisions"}],"predecessor-version":[{"id":223,"href":"https:\/\/aymetalkaplama.com\/index.php\/wp-json\/wp\/v2\/pages\/90\/revisions\/223"}],"wp:attachment":[{"href":"https:\/\/aymetalkaplama.com\/index.php\/wp-json\/wp\/v2\/media?parent=90"}],"curies":[{"name":"wp","href":"https:\/\/api.w.org\/{rel}","templated":true}]}}