{"id":88,"date":"2024-05-05T19:02:01","date_gmt":"2024-05-05T19:02:01","guid":{"rendered":"https:\/\/aymetalkaplama.com\/?page_id=88"},"modified":"2024-05-17T10:38:35","modified_gmt":"2024-05-17T10:38:35","slug":"damlalik-profilleri","status":"publish","type":"page","link":"https:\/\/aymetalkaplama.com\/index.php\/damlalik-profilleri\/","title":{"rendered":"Damlal\u0131k Profilleri"},"content":{"rendered":"\n<figure class=\"wp-block-table\"><table><thead><tr><td rowspan=\"2\"><strong>\u00dcr\u00fcn Ad\u0131<\/strong><\/td><td rowspan=\"2\"><strong>Teknik \u00c7izim<\/strong><\/td><td colspan=\"4\"><strong>\u00dcr\u00fcn \u00d6zellikleri<\/strong><\/td><\/tr><tr><td><strong>Malzemesi<\/strong><\/td><td><strong>Kal\u0131nl\u0131\u011f\u0131<\/strong><\/td><td><strong>A\u00e7\u0131l\u0131m<\/strong><\/td><td><strong>Boy<\/strong><\/td><\/tr><\/thead><tbody><tr><td colspan=\"16\"><\/td><\/tr><tr><td rowspan=\"2\"><strong>Damlal\u0131k Profili 65\u2019lik<\/strong><\/td><td rowspan=\"2\"><img decoding=\"async\" src=\"https:\/\/web.archive.org\/web\/20190103000534im_\/http:\/\/www.teknopanel.com.tr\/Document\/ap\/DamlalikProfilleri\/65.png\" alt=\"\"><\/td><td>Galvaniz<\/td><td>0.70<\/td><td>165<\/td><td>3.00 mt<\/td><\/tr><tr><td>Al\u00fcminyum<\/td><td>1.00<\/td><td>165<\/td><td>3.00 mt<\/td><\/tr><tr><td rowspan=\"2\"><strong>Damlal\u0131k Profili 75\u2019lik<\/strong><\/td><td rowspan=\"2\"><img decoding=\"async\" src=\"https:\/\/web.archive.org\/web\/20190103000534im_\/http:\/\/www.teknopanel.com.tr\/Document\/ap\/DamlalikProfilleri\/75.png\" alt=\"\"><\/td><td>Galvaniz<\/td><td>0.70<\/td><td>175<\/td><td>3.00 mt<\/td><\/tr><tr><td>Al\u00fcminyum<\/td><td>1.00<\/td><td>175<\/td><td>3.00 mt<\/td><\/tr><tr><td rowspan=\"2\"><strong>Damlal\u0131k Profili 85\u2019lik<\/strong><\/td><td rowspan=\"2\"><img decoding=\"async\" src=\"https:\/\/web.archive.org\/web\/20190103000534im_\/http:\/\/www.teknopanel.com.tr\/Document\/ap\/DamlalikProfilleri\/85.png\" alt=\"\"><\/td><td>Galvaniz<\/td><td>0.70<\/td><td>185<\/td><td>3.00 mt<\/td><\/tr><tr><td>Al\u00fcminyum<\/td><td>1.00<\/td><td>185<\/td><td>3.00 mt<\/td><\/tr><tr><td rowspan=\"2\"><strong>Damlal\u0131k Profili 95\u2019lik<\/strong><\/td><td rowspan=\"2\"><img decoding=\"async\" src=\"https:\/\/web.archive.org\/web\/20190103000534im_\/http:\/\/www.teknopanel.com.tr\/Document\/ap\/DamlalikProfilleri\/95.png\" alt=\"\"><\/td><td>Galvaniz<\/td><td>0.70<\/td><td><\/td><td><\/td><\/tr><tr><td>Al\u00fcminyum<\/td><td>1.00<\/td><td>195<\/td><td>3.00 mt<\/td><\/tr><tr><td rowspan=\"2\"><strong>Damlal\u0131k Profili 105\u2019lik<\/strong><\/td><td rowspan=\"2\"><img decoding=\"async\" src=\"https:\/\/web.archive.org\/web\/20190103000534im_\/http:\/\/www.teknopanel.com.tr\/Document\/ap\/DamlalikProfilleri\/105.png\" alt=\"\"><\/td><td>Galvaniz<\/td><td>0.70<\/td><td>205<\/td><td>3.00 mt<\/td><\/tr><tr><td>Al\u00fcminyum<\/td><td>1.00<\/td><td>205<\/td><td>3.00 mt<\/td><\/tr><tr><td rowspan=\"2\"><strong>Damlal\u0131k Profili 125\u2019lik<\/strong><\/td><td rowspan=\"2\"><img decoding=\"async\" src=\"https:\/\/web.archive.org\/web\/20190103000534im_\/http:\/\/www.teknopanel.com.tr\/Document\/ap\/DamlalikProfilleri\/125.png\" alt=\"\"><\/td><td>Galvaniz<\/td><td>0.70<\/td><td>225<\/td><td>3.00 mt<\/td><\/tr><tr><td>Al\u00fcminyum<\/td><td>1.00<\/td><td>225<\/td><td>3.00 mt<\/td><\/tr><tr><td rowspan=\"2\"><strong>Damlal\u0131k Profili 145\u2019lik<\/strong><\/td><td rowspan=\"2\"><img decoding=\"async\" src=\"https:\/\/web.archive.org\/web\/20190103000534im_\/http:\/\/www.teknopanel.com.tr\/Document\/ap\/DamlalikProfilleri\/145.png\" alt=\"\"><\/td><td>Galvaniz<\/td><td>0.70<\/td><td>245<\/td><td>3.00 mt<\/td><\/tr><tr><td>Al\u00fcminyum<\/td><td>1.00<\/td><td>245<\/td><td>3.00 mt<\/td><\/tr><tr><td rowspan=\"2\"><strong>Damlal\u0131k Profili 175\u2019lik<\/strong><\/td><td rowspan=\"2\"><img decoding=\"async\" src=\"https:\/\/web.archive.org\/web\/20190103000534im_\/http:\/\/www.teknopanel.com.tr\/Document\/ap\/DamlalikProfilleri\/175.png\" alt=\"\"><\/td><td>Galvaniz<\/td><td>0.70<\/td><td>275<\/td><td>3.00 mt<\/td><\/tr><tr><td>Al\u00fcminyum<\/td><td>1.00<\/td><td>275<\/td><td>3.00 mt<\/td><\/tr><tr><td rowspan=\"2\"><strong>Damlal\u0131k Profili 205\u2019lik<\/strong><\/td><td rowspan=\"2\"><img decoding=\"async\" src=\"https:\/\/web.archive.org\/web\/20190103000534im_\/http:\/\/www.teknopanel.com.tr\/Document\/ap\/DamlalikProfilleri\/205.png\" alt=\"\"><\/td><td>Galvaniz<\/td><td>0.70<\/td><td>305<\/td><td>3.00 mt<\/td><\/tr><tr><td>Al\u00fcminyum<\/td><td>1.00<\/td><td>305<\/td><td>3.00 mt<\/td><\/tr><tr><td rowspan=\"2\"><strong>Damlal\u0131k Profili 225\u2019lik<\/strong><\/td><td rowspan=\"2\"><img decoding=\"async\" src=\"https:\/\/web.archive.org\/web\/20190103000534im_\/http:\/\/www.teknopanel.com.tr\/Document\/ap\/DamlalikProfilleri\/225.png\" alt=\"\"><\/td><td>Galvaniz<\/td><td>0.70<\/td><td>325<\/td><td>3.00 mt<\/td><\/tr><tr><td>Al\u00fcminyum<\/td><td>1.00<\/td><td>325<\/td><td>3.00 mt<\/td><\/tr><\/tbody><\/table><\/figure>\n","protected":false},"excerpt":{"rendered":"<p>\u00dcr\u00fcn Ad\u0131 Teknik \u00c7izim \u00dcr\u00fcn \u00d6zellikleri Malzemesi Kal\u0131nl\u0131\u011f\u0131 A\u00e7\u0131l\u0131m Boy Damlal\u0131k Profili 65\u2019lik Galvaniz 0.70 165 3.00 mt Al\u00fcminyum 1.00 165 3.00 mt Damlal\u0131k Profili 75\u2019lik Galvaniz 0.70 175 3.00 mt Al\u00fcminyum 1.00 175 3.00 mt Damlal\u0131k Profili 85\u2019lik Galvaniz<\/p>\n","protected":false},"author":1,"featured_media":0,"parent":0,"menu_order":0,"comment_status":"closed","ping_status":"closed","template":"","meta":{"footnotes":""},"class_list":["post-88","page","type-page","status-publish","hentry"],"yoast_head":"<!-- This site is optimized with the Yoast SEO plugin v22.7 - https:\/\/yoast.com\/wordpress\/plugins\/seo\/ -->\n<title>Damlal\u0131k Profilleri -<\/title>\n<meta name=\"robots\" content=\"index, follow, max-snippet:-1, max-image-preview:large, max-video-preview:-1\" \/>\n<link rel=\"canonical\" href=\"https:\/\/aymetalkaplama.com\/index.php\/damlalik-profilleri\/\" \/>\n<meta property=\"og:locale\" content=\"tr_TR\" \/>\n<meta property=\"og:type\" content=\"article\" \/>\n<meta property=\"og:title\" content=\"Damlal\u0131k Profilleri -\" \/>\n<meta property=\"og:description\" content=\"\u00dcr\u00fcn Ad\u0131 Teknik \u00c7izim \u00dcr\u00fcn \u00d6zellikleri Malzemesi Kal\u0131nl\u0131\u011f\u0131 A\u00e7\u0131l\u0131m Boy Damlal\u0131k Profili 65\u2019lik Galvaniz 0.70 165 3.00 mt Al\u00fcminyum 1.00 165 3.00 mt Damlal\u0131k Profili 75\u2019lik Galvaniz 0.70 175 3.00 mt Al\u00fcminyum 1.00 175 3.00 mt Damlal\u0131k Profili 85\u2019lik Galvaniz\" \/>\n<meta property=\"og:url\" content=\"https:\/\/aymetalkaplama.com\/index.php\/damlalik-profilleri\/\" \/>\n<meta property=\"article:modified_time\" content=\"2024-05-17T10:38:35+00:00\" \/>\n<meta property=\"og:image\" content=\"https:\/\/web.archive.org\/web\/20190103000534im_\/http:\/\/www.teknopanel.com.tr\/Document\/ap\/DamlalikProfilleri\/65.png\" \/>\n<meta name=\"twitter:card\" content=\"summary_large_image\" \/>\n<meta name=\"twitter:label1\" content=\"Tahmini okuma s\u00fcresi\" \/>\n\t<meta name=\"twitter:data1\" content=\"3 dakika\" \/>\n<script type=\"application\/ld+json\" class=\"yoast-schema-graph\">{\"@context\":\"https:\/\/schema.org\",\"@graph\":[{\"@type\":\"WebPage\",\"@id\":\"https:\/\/aymetalkaplama.com\/index.php\/damlalik-profilleri\/\",\"url\":\"https:\/\/aymetalkaplama.com\/index.php\/damlalik-profilleri\/\",\"name\":\"Damlal\u0131k Profilleri -\",\"isPartOf\":{\"@id\":\"https:\/\/aymetalkaplama.com\/#website\"},\"primaryImageOfPage\":{\"@id\":\"https:\/\/aymetalkaplama.com\/index.php\/damlalik-profilleri\/#primaryimage\"},\"image\":{\"@id\":\"https:\/\/aymetalkaplama.com\/index.php\/damlalik-profilleri\/#primaryimage\"},\"thumbnailUrl\":\"https:\/\/web.archive.org\/web\/20190103000534im_\/http:\/\/www.teknopanel.com.tr\/Document\/ap\/DamlalikProfilleri\/65.png\",\"datePublished\":\"2024-05-05T19:02:01+00:00\",\"dateModified\":\"2024-05-17T10:38:35+00:00\",\"breadcrumb\":{\"@id\":\"https:\/\/aymetalkaplama.com\/index.php\/damlalik-profilleri\/#breadcrumb\"},\"inLanguage\":\"tr\",\"potentialAction\":[{\"@type\":\"ReadAction\",\"target\":[\"https:\/\/aymetalkaplama.com\/index.php\/damlalik-profilleri\/\"]}]},{\"@type\":\"ImageObject\",\"inLanguage\":\"tr\",\"@id\":\"https:\/\/aymetalkaplama.com\/index.php\/damlalik-profilleri\/#primaryimage\",\"url\":\"https:\/\/web.archive.org\/web\/20190103000534im_\/http:\/\/www.teknopanel.com.tr\/Document\/ap\/DamlalikProfilleri\/65.png\",\"contentUrl\":\"https:\/\/web.archive.org\/web\/20190103000534im_\/http:\/\/www.teknopanel.com.tr\/Document\/ap\/DamlalikProfilleri\/65.png\"},{\"@type\":\"BreadcrumbList\",\"@id\":\"https:\/\/aymetalkaplama.com\/index.php\/damlalik-profilleri\/#breadcrumb\",\"itemListElement\":[{\"@type\":\"ListItem\",\"position\":1,\"name\":\"Anasayfa\",\"item\":\"https:\/\/aymetalkaplama.com\/\"},{\"@type\":\"ListItem\",\"position\":2,\"name\":\"Damlal\u0131k Profilleri\"}]},{\"@type\":\"WebSite\",\"@id\":\"https:\/\/aymetalkaplama.com\/#website\",\"url\":\"https:\/\/aymetalkaplama.com\/\",\"name\":\"\",\"description\":\"\",\"potentialAction\":[{\"@type\":\"SearchAction\",\"target\":{\"@type\":\"EntryPoint\",\"urlTemplate\":\"https:\/\/aymetalkaplama.com\/?s={search_term_string}\"},\"query-input\":\"required name=search_term_string\"}],\"inLanguage\":\"tr\"}]}<\/script>\n<!-- \/ Yoast SEO plugin. -->","yoast_head_json":{"title":"Damlal\u0131k Profilleri -","robots":{"index":"index","follow":"follow","max-snippet":"max-snippet:-1","max-image-preview":"max-image-preview:large","max-video-preview":"max-video-preview:-1"},"canonical":"https:\/\/aymetalkaplama.com\/index.php\/damlalik-profilleri\/","og_locale":"tr_TR","og_type":"article","og_title":"Damlal\u0131k Profilleri -","og_description":"\u00dcr\u00fcn Ad\u0131 Teknik \u00c7izim \u00dcr\u00fcn \u00d6zellikleri Malzemesi Kal\u0131nl\u0131\u011f\u0131 A\u00e7\u0131l\u0131m Boy Damlal\u0131k Profili 65\u2019lik Galvaniz 0.70 165 3.00 mt Al\u00fcminyum 1.00 165 3.00 mt Damlal\u0131k Profili 75\u2019lik Galvaniz 0.70 175 3.00 mt Al\u00fcminyum 1.00 175 3.00 mt Damlal\u0131k Profili 85\u2019lik Galvaniz","og_url":"https:\/\/aymetalkaplama.com\/index.php\/damlalik-profilleri\/","article_modified_time":"2024-05-17T10:38:35+00:00","og_image":[{"url":"https:\/\/web.archive.org\/web\/20190103000534im_\/http:\/\/www.teknopanel.com.tr\/Document\/ap\/DamlalikProfilleri\/65.png"}],"twitter_card":"summary_large_image","twitter_misc":{"Tahmini okuma s\u00fcresi":"3 dakika"},"schema":{"@context":"https:\/\/schema.org","@graph":[{"@type":"WebPage","@id":"https:\/\/aymetalkaplama.com\/index.php\/damlalik-profilleri\/","url":"https:\/\/aymetalkaplama.com\/index.php\/damlalik-profilleri\/","name":"Damlal\u0131k Profilleri -","isPartOf":{"@id":"https:\/\/aymetalkaplama.com\/#website"},"primaryImageOfPage":{"@id":"https:\/\/aymetalkaplama.com\/index.php\/damlalik-profilleri\/#primaryimage"},"image":{"@id":"https:\/\/aymetalkaplama.com\/index.php\/damlalik-profilleri\/#primaryimage"},"thumbnailUrl":"https:\/\/web.archive.org\/web\/20190103000534im_\/http:\/\/www.teknopanel.com.tr\/Document\/ap\/DamlalikProfilleri\/65.png","datePublished":"2024-05-05T19:02:01+00:00","dateModified":"2024-05-17T10:38:35+00:00","breadcrumb":{"@id":"https:\/\/aymetalkaplama.com\/index.php\/damlalik-profilleri\/#breadcrumb"},"inLanguage":"tr","potentialAction":[{"@type":"ReadAction","target":["https:\/\/aymetalkaplama.com\/index.php\/damlalik-profilleri\/"]}]},{"@type":"ImageObject","inLanguage":"tr","@id":"https:\/\/aymetalkaplama.com\/index.php\/damlalik-profilleri\/#primaryimage","url":"https:\/\/web.archive.org\/web\/20190103000534im_\/http:\/\/www.teknopanel.com.tr\/Document\/ap\/DamlalikProfilleri\/65.png","contentUrl":"https:\/\/web.archive.org\/web\/20190103000534im_\/http:\/\/www.teknopanel.com.tr\/Document\/ap\/DamlalikProfilleri\/65.png"},{"@type":"BreadcrumbList","@id":"https:\/\/aymetalkaplama.com\/index.php\/damlalik-profilleri\/#breadcrumb","itemListElement":[{"@type":"ListItem","position":1,"name":"Anasayfa","item":"https:\/\/aymetalkaplama.com\/"},{"@type":"ListItem","position":2,"name":"Damlal\u0131k Profilleri"}]},{"@type":"WebSite","@id":"https:\/\/aymetalkaplama.com\/#website","url":"https:\/\/aymetalkaplama.com\/","name":"","description":"","potentialAction":[{"@type":"SearchAction","target":{"@type":"EntryPoint","urlTemplate":"https:\/\/aymetalkaplama.com\/?s={search_term_string}"},"query-input":"required name=search_term_string"}],"inLanguage":"tr"}]}},"_links":{"self":[{"href":"https:\/\/aymetalkaplama.com\/index.php\/wp-json\/wp\/v2\/pages\/88","targetHints":{"allow":["GET"]}}],"collection":[{"href":"https:\/\/aymetalkaplama.com\/index.php\/wp-json\/wp\/v2\/pages"}],"about":[{"href":"https:\/\/aymetalkaplama.com\/index.php\/wp-json\/wp\/v2\/types\/page"}],"author":[{"embeddable":true,"href":"https:\/\/aymetalkaplama.com\/index.php\/wp-json\/wp\/v2\/users\/1"}],"replies":[{"embeddable":true,"href":"https:\/\/aymetalkaplama.com\/index.php\/wp-json\/wp\/v2\/comments?post=88"}],"version-history":[{"count":7,"href":"https:\/\/aymetalkaplama.com\/index.php\/wp-json\/wp\/v2\/pages\/88\/revisions"}],"predecessor-version":[{"id":207,"href":"https:\/\/aymetalkaplama.com\/index.php\/wp-json\/wp\/v2\/pages\/88\/revisions\/207"}],"wp:attachment":[{"href":"https:\/\/aymetalkaplama.com\/index.php\/wp-json\/wp\/v2\/media?parent=88"}],"curies":[{"name":"wp","href":"https:\/\/api.w.org\/{rel}","templated":true}]}}