{"id":80,"date":"2024-05-05T18:57:47","date_gmt":"2024-05-05T18:57:47","guid":{"rendered":"https:\/\/aymetalkaplama.com\/?page_id=80"},"modified":"2024-05-17T08:54:32","modified_gmt":"2024-05-17T08:54:32","slug":"gizli-vidali-cephe-paneli","status":"publish","type":"page","link":"https:\/\/aymetalkaplama.com\/index.php\/gizli-vidali-cephe-paneli\/","title":{"rendered":"Gizli Vidal\u0131 Cephe Paneli"},"content":{"rendered":"\n<figure class=\"wp-block-image size-full is-resized\"><img fetchpriority=\"high\" decoding=\"async\" width=\"768\" height=\"307\" src=\"https:\/\/aymetalkaplama.com\/wp-content\/uploads\/2024\/05\/image-3.png\" alt=\"\" class=\"wp-image-189\" style=\"width:995px;height:auto\" srcset=\"https:\/\/aymetalkaplama.com\/wp-content\/uploads\/2024\/05\/image-3.png 768w, https:\/\/aymetalkaplama.com\/wp-content\/uploads\/2024\/05\/image-3-300x120.png 300w\" sizes=\"(max-width: 768px) 100vw, 768px\" \/><\/figure>\n\n\n\n<p class=\"has-text-align-center has-small-font-size\"><strong><em>POL\u0130\u00dcRETAN \u00d6ZELL\u0130KLER\u0130<\/em><\/strong><\/p>\n\n\n\n<p class=\"has-small-font-size\"><strong>Is\u0131 \u0130letim Katsay\u0131s\u0131&nbsp;&nbsp;&nbsp; (EN 13165) &nbsp;&nbsp;&nbsp;&nbsp;&nbsp;&nbsp;<\/strong>0,022-0,024 W\/mK<\/p>\n\n\n\n<p class=\"has-small-font-size\"><strong>Boyutsal Kararl\u0131l\u0131k&nbsp; EN 13165) &nbsp;&nbsp;&nbsp;&nbsp;&nbsp;&nbsp;&nbsp;&nbsp;&nbsp;<\/strong>Seviye DS (TH) &nbsp;11<\/p>\n\n\n\n<p class=\"has-small-font-size\"><strong>Su abzorbisyonu&nbsp; (EN ISO 354) &nbsp;&nbsp;&nbsp;&nbsp;&nbsp;&nbsp;&nbsp;<\/strong>Hacimce % 2 -168 saat<\/p>\n\n\n\n<p class=\"has-small-font-size\"><strong>Kapal\u0131 h\u00fccre oran\u0131&nbsp; (EN 14509) &nbsp;&nbsp;&nbsp;&nbsp;&nbsp;&nbsp;&nbsp;&nbsp;<\/strong>% 95<\/p>\n\n\n\n<p class=\"has-small-font-size\"><strong>Buhar Dif\u00fczyon Direnci&nbsp; (EN 12086)&nbsp;<\/strong>30-100<\/p>\n\n\n\n<p class=\"has-small-font-size\"><strong>METAL \u00d6ZELL\u0130KLER\u0130<\/strong><\/p>\n\n\n\n<p class=\"has-small-font-size\"><strong>S\u0131cakl\u0131k Metal Tipi &nbsp;&nbsp;&nbsp;&nbsp;&nbsp;&nbsp;&nbsp;&nbsp;&nbsp;&nbsp;&nbsp;&nbsp;&nbsp;&nbsp;&nbsp;&nbsp;&nbsp;&nbsp;&nbsp;<\/strong>Boyal\u0131 Galvaniz Sac<\/p>\n\n\n\n<p class=\"has-small-font-size\"><strong>\u00dcst Metal Kal\u0131nl\u0131\u011f\u0131 &nbsp;&nbsp;&nbsp;&nbsp;&nbsp;&nbsp;&nbsp;&nbsp;&nbsp;&nbsp;&nbsp;&nbsp;&nbsp;&nbsp;&nbsp;&nbsp;&nbsp;&nbsp;&nbsp;<\/strong>0,40 mm \u2013 0,50 mm \u2013 0,60 mm \u2013 0,70 mm<\/p>\n\n\n\n<p class=\"has-small-font-size\"><strong>Alt Metal Kal\u0131nl\u0131\u011f\u0131&nbsp;&nbsp;&nbsp;&nbsp;&nbsp;&nbsp;&nbsp;&nbsp;&nbsp;&nbsp;&nbsp;&nbsp;&nbsp;&nbsp;&nbsp;&nbsp;&nbsp;&nbsp;&nbsp; &nbsp;<\/strong>0,40 mm \u2013 0,50 mm \u2013 0,60 mm<\/p>\n\n\n\n<p class=\"has-small-font-size\"><strong>Kal\u0131nl\u0131k Tolerans\u0131 (EN 10143)&nbsp;<\/strong>Nominal<\/p>\n\n\n\n<p class=\"has-small-font-size\"><strong>Sac Kalitesi (EN 10327) &nbsp;&nbsp;&nbsp;&nbsp;&nbsp;&nbsp;&nbsp;&nbsp;&nbsp;&nbsp;<\/strong>DX51 D+Z Boyal\u0131 Galvanizli Sac<\/p>\n\n\n\n<p class=\"has-small-font-size\"><strong>S\u0131cak Dald\u0131rma Kaplama&nbsp;&nbsp;&nbsp;&nbsp;&nbsp;&nbsp; &nbsp;<\/strong>100-275 gr\/m2<\/p>\n\n\n\n<p class=\"has-small-font-size\"><strong>MEKAN\u0130K DAYANIMI<\/strong><\/p>\n\n\n\n<p class=\"has-small-font-size\"><strong>Boy\u00c7elik Y\u00fczeyler Akma Dayan\u0131m\u0131 &nbsp;&nbsp;&nbsp;&nbsp;&nbsp;&nbsp;&nbsp;&nbsp;&nbsp;&nbsp;&nbsp;&nbsp;&nbsp;&nbsp;&nbsp;&nbsp;&nbsp;&nbsp;&nbsp;&nbsp;&nbsp;&nbsp;&nbsp;&nbsp;&nbsp; &nbsp;&nbsp;&nbsp;<\/strong>min. 220 N\/mm2<\/p>\n\n\n\n<p class=\"has-small-font-size\"><strong>Panelin \u00c7ekme Dayan\u0131m\u0131 (fct) &nbsp;&nbsp;&nbsp;&nbsp;&nbsp;&nbsp;&nbsp;&nbsp;&nbsp;&nbsp;&nbsp;&nbsp;&nbsp;&nbsp;&nbsp;&nbsp;&nbsp;&nbsp;&nbsp;&nbsp;&nbsp;&nbsp;&nbsp;&nbsp;&nbsp;&nbsp;&nbsp;&nbsp;&nbsp;&nbsp;&nbsp;&nbsp;&nbsp;&nbsp;&nbsp;&nbsp;&nbsp;<\/strong>min. 0,018 Mpa<\/p>\n\n\n\n<p class=\"has-small-font-size\"><strong>Y\u00fcksek S\u0131cakl\u0131kta Enine Do\u011frultuda \u00c7ekme Mod\u00fcl\u00fc&nbsp;<\/strong>min. 0,04 Mpa<\/p>\n\n\n\n<p class=\"has-small-font-size\"><strong>\u00c7ekirdek Malzeme Kayma Dayan\u0131m\u0131 (fcv) &nbsp;&nbsp;&nbsp;&nbsp;&nbsp;&nbsp;&nbsp;&nbsp;&nbsp;&nbsp;&nbsp;&nbsp;&nbsp;&nbsp;&nbsp;&nbsp;&nbsp;<\/strong>min. 0,11 Mpa<\/p>\n\n\n\n<p class=\"has-small-font-size\"><strong>\u00c7ekirdek Malzeme Kayma Mod\u00fcl\u00fc (G)&nbsp;&nbsp;&nbsp;&nbsp;&nbsp;&nbsp;&nbsp;&nbsp;&nbsp;&nbsp;&nbsp;&nbsp;&nbsp;&nbsp;&nbsp;&nbsp;&nbsp;&nbsp;&nbsp;&nbsp;&nbsp; &nbsp;&nbsp;<\/strong>min. 1,5 Mpa<\/p>\n\n\n\n<p class=\"has-small-font-size\"><strong>\u00c7ekirdek Malzeme Bas\u0131n\u00e7 Dayan\u0131m\u0131 (\u03c310) &nbsp;&nbsp;&nbsp;&nbsp;&nbsp;&nbsp;&nbsp;&nbsp;&nbsp;&nbsp;&nbsp;&nbsp;&nbsp;&nbsp;&nbsp;&nbsp;<\/strong>min. 0,095 Mpa<\/p>\n\n\n\n<p class=\"has-small-font-size\"><strong>A\u00e7\u0131kl\u0131kta E\u011filme Moment Kapasitesi (Mu) &nbsp;&nbsp;&nbsp;&nbsp;&nbsp;&nbsp;&nbsp;&nbsp;&nbsp;&nbsp;&nbsp;&nbsp;&nbsp;&nbsp;&nbsp;&nbsp;&nbsp;<\/strong>min. 1,5 KNm\/m<\/p>\n","protected":false},"excerpt":{"rendered":"<p>POL\u0130\u00dcRETAN \u00d6ZELL\u0130KLER\u0130 Is\u0131 \u0130letim Katsay\u0131s\u0131&nbsp;&nbsp;&nbsp; (EN 13165) &nbsp;&nbsp;&nbsp;&nbsp;&nbsp;&nbsp;0,022-0,024 W\/mK Boyutsal Kararl\u0131l\u0131k&nbsp; EN 13165) &nbsp;&nbsp;&nbsp;&nbsp;&nbsp;&nbsp;&nbsp;&nbsp;&nbsp;Seviye DS (TH) &nbsp;11 Su abzorbisyonu&nbsp; (EN ISO 354) &nbsp;&nbsp;&nbsp;&nbsp;&nbsp;&nbsp;&nbsp;Hacimce % 2 -168 saat Kapal\u0131 h\u00fccre oran\u0131&nbsp; (EN 14509) &nbsp;&nbsp;&nbsp;&nbsp;&nbsp;&nbsp;&nbsp;&nbsp;% 95 Buhar Dif\u00fczyon Direnci&nbsp; (EN 12086)&nbsp;30-100 METAL<\/p>\n","protected":false},"author":1,"featured_media":0,"parent":0,"menu_order":0,"comment_status":"closed","ping_status":"closed","template":"","meta":{"footnotes":""},"class_list":["post-80","page","type-page","status-publish","hentry"],"yoast_head":"<!-- This site is optimized with the Yoast SEO plugin v22.7 - https:\/\/yoast.com\/wordpress\/plugins\/seo\/ -->\n<title>Gizli Vidal\u0131 Cephe Paneli -<\/title>\n<meta name=\"robots\" content=\"index, follow, max-snippet:-1, max-image-preview:large, max-video-preview:-1\" \/>\n<link rel=\"canonical\" href=\"https:\/\/aymetalkaplama.com\/index.php\/gizli-vidali-cephe-paneli\/\" \/>\n<meta property=\"og:locale\" content=\"tr_TR\" \/>\n<meta property=\"og:type\" content=\"article\" \/>\n<meta property=\"og:title\" content=\"Gizli Vidal\u0131 Cephe Paneli -\" \/>\n<meta property=\"og:description\" content=\"POL\u0130\u00dcRETAN \u00d6ZELL\u0130KLER\u0130 Is\u0131 \u0130letim Katsay\u0131s\u0131&nbsp;&nbsp;&nbsp; (EN 13165) &nbsp;&nbsp;&nbsp;&nbsp;&nbsp;&nbsp;0,022-0,024 W\/mK Boyutsal Kararl\u0131l\u0131k&nbsp; EN 13165) &nbsp;&nbsp;&nbsp;&nbsp;&nbsp;&nbsp;&nbsp;&nbsp;&nbsp;Seviye DS (TH) &nbsp;11 Su abzorbisyonu&nbsp; (EN ISO 354) &nbsp;&nbsp;&nbsp;&nbsp;&nbsp;&nbsp;&nbsp;Hacimce % 2 -168 saat Kapal\u0131 h\u00fccre oran\u0131&nbsp; (EN 14509) &nbsp;&nbsp;&nbsp;&nbsp;&nbsp;&nbsp;&nbsp;&nbsp;% 95 Buhar Dif\u00fczyon Direnci&nbsp; (EN 12086)&nbsp;30-100 METAL\" \/>\n<meta property=\"og:url\" content=\"https:\/\/aymetalkaplama.com\/index.php\/gizli-vidali-cephe-paneli\/\" \/>\n<meta property=\"article:modified_time\" content=\"2024-05-17T08:54:32+00:00\" \/>\n<meta property=\"og:image\" content=\"https:\/\/aymetalkaplama.com\/wp-content\/uploads\/2024\/05\/image-3.png\" \/>\n<meta name=\"twitter:card\" content=\"summary_large_image\" \/>\n<meta name=\"twitter:label1\" content=\"Tahmini okuma s\u00fcresi\" \/>\n\t<meta name=\"twitter:data1\" content=\"2 dakika\" \/>\n<script type=\"application\/ld+json\" class=\"yoast-schema-graph\">{\"@context\":\"https:\/\/schema.org\",\"@graph\":[{\"@type\":\"WebPage\",\"@id\":\"https:\/\/aymetalkaplama.com\/index.php\/gizli-vidali-cephe-paneli\/\",\"url\":\"https:\/\/aymetalkaplama.com\/index.php\/gizli-vidali-cephe-paneli\/\",\"name\":\"Gizli Vidal\u0131 Cephe Paneli -\",\"isPartOf\":{\"@id\":\"https:\/\/aymetalkaplama.com\/#website\"},\"primaryImageOfPage\":{\"@id\":\"https:\/\/aymetalkaplama.com\/index.php\/gizli-vidali-cephe-paneli\/#primaryimage\"},\"image\":{\"@id\":\"https:\/\/aymetalkaplama.com\/index.php\/gizli-vidali-cephe-paneli\/#primaryimage\"},\"thumbnailUrl\":\"https:\/\/aymetalkaplama.com\/wp-content\/uploads\/2024\/05\/image-3.png\",\"datePublished\":\"2024-05-05T18:57:47+00:00\",\"dateModified\":\"2024-05-17T08:54:32+00:00\",\"breadcrumb\":{\"@id\":\"https:\/\/aymetalkaplama.com\/index.php\/gizli-vidali-cephe-paneli\/#breadcrumb\"},\"inLanguage\":\"tr\",\"potentialAction\":[{\"@type\":\"ReadAction\",\"target\":[\"https:\/\/aymetalkaplama.com\/index.php\/gizli-vidali-cephe-paneli\/\"]}]},{\"@type\":\"ImageObject\",\"inLanguage\":\"tr\",\"@id\":\"https:\/\/aymetalkaplama.com\/index.php\/gizli-vidali-cephe-paneli\/#primaryimage\",\"url\":\"https:\/\/aymetalkaplama.com\/wp-content\/uploads\/2024\/05\/image-3.png\",\"contentUrl\":\"https:\/\/aymetalkaplama.com\/wp-content\/uploads\/2024\/05\/image-3.png\",\"width\":768,\"height\":307},{\"@type\":\"BreadcrumbList\",\"@id\":\"https:\/\/aymetalkaplama.com\/index.php\/gizli-vidali-cephe-paneli\/#breadcrumb\",\"itemListElement\":[{\"@type\":\"ListItem\",\"position\":1,\"name\":\"Anasayfa\",\"item\":\"https:\/\/aymetalkaplama.com\/\"},{\"@type\":\"ListItem\",\"position\":2,\"name\":\"Gizli Vidal\u0131 Cephe Paneli\"}]},{\"@type\":\"WebSite\",\"@id\":\"https:\/\/aymetalkaplama.com\/#website\",\"url\":\"https:\/\/aymetalkaplama.com\/\",\"name\":\"\",\"description\":\"\",\"potentialAction\":[{\"@type\":\"SearchAction\",\"target\":{\"@type\":\"EntryPoint\",\"urlTemplate\":\"https:\/\/aymetalkaplama.com\/?s={search_term_string}\"},\"query-input\":\"required name=search_term_string\"}],\"inLanguage\":\"tr\"}]}<\/script>\n<!-- \/ Yoast SEO plugin. -->","yoast_head_json":{"title":"Gizli Vidal\u0131 Cephe Paneli -","robots":{"index":"index","follow":"follow","max-snippet":"max-snippet:-1","max-image-preview":"max-image-preview:large","max-video-preview":"max-video-preview:-1"},"canonical":"https:\/\/aymetalkaplama.com\/index.php\/gizli-vidali-cephe-paneli\/","og_locale":"tr_TR","og_type":"article","og_title":"Gizli Vidal\u0131 Cephe Paneli -","og_description":"POL\u0130\u00dcRETAN \u00d6ZELL\u0130KLER\u0130 Is\u0131 \u0130letim Katsay\u0131s\u0131&nbsp;&nbsp;&nbsp; (EN 13165) &nbsp;&nbsp;&nbsp;&nbsp;&nbsp;&nbsp;0,022-0,024 W\/mK Boyutsal Kararl\u0131l\u0131k&nbsp; EN 13165) &nbsp;&nbsp;&nbsp;&nbsp;&nbsp;&nbsp;&nbsp;&nbsp;&nbsp;Seviye DS (TH) &nbsp;11 Su abzorbisyonu&nbsp; (EN ISO 354) &nbsp;&nbsp;&nbsp;&nbsp;&nbsp;&nbsp;&nbsp;Hacimce % 2 -168 saat Kapal\u0131 h\u00fccre oran\u0131&nbsp; (EN 14509) &nbsp;&nbsp;&nbsp;&nbsp;&nbsp;&nbsp;&nbsp;&nbsp;% 95 Buhar Dif\u00fczyon Direnci&nbsp; (EN 12086)&nbsp;30-100 METAL","og_url":"https:\/\/aymetalkaplama.com\/index.php\/gizli-vidali-cephe-paneli\/","article_modified_time":"2024-05-17T08:54:32+00:00","og_image":[{"url":"https:\/\/aymetalkaplama.com\/wp-content\/uploads\/2024\/05\/image-3.png"}],"twitter_card":"summary_large_image","twitter_misc":{"Tahmini okuma s\u00fcresi":"2 dakika"},"schema":{"@context":"https:\/\/schema.org","@graph":[{"@type":"WebPage","@id":"https:\/\/aymetalkaplama.com\/index.php\/gizli-vidali-cephe-paneli\/","url":"https:\/\/aymetalkaplama.com\/index.php\/gizli-vidali-cephe-paneli\/","name":"Gizli Vidal\u0131 Cephe Paneli -","isPartOf":{"@id":"https:\/\/aymetalkaplama.com\/#website"},"primaryImageOfPage":{"@id":"https:\/\/aymetalkaplama.com\/index.php\/gizli-vidali-cephe-paneli\/#primaryimage"},"image":{"@id":"https:\/\/aymetalkaplama.com\/index.php\/gizli-vidali-cephe-paneli\/#primaryimage"},"thumbnailUrl":"https:\/\/aymetalkaplama.com\/wp-content\/uploads\/2024\/05\/image-3.png","datePublished":"2024-05-05T18:57:47+00:00","dateModified":"2024-05-17T08:54:32+00:00","breadcrumb":{"@id":"https:\/\/aymetalkaplama.com\/index.php\/gizli-vidali-cephe-paneli\/#breadcrumb"},"inLanguage":"tr","potentialAction":[{"@type":"ReadAction","target":["https:\/\/aymetalkaplama.com\/index.php\/gizli-vidali-cephe-paneli\/"]}]},{"@type":"ImageObject","inLanguage":"tr","@id":"https:\/\/aymetalkaplama.com\/index.php\/gizli-vidali-cephe-paneli\/#primaryimage","url":"https:\/\/aymetalkaplama.com\/wp-content\/uploads\/2024\/05\/image-3.png","contentUrl":"https:\/\/aymetalkaplama.com\/wp-content\/uploads\/2024\/05\/image-3.png","width":768,"height":307},{"@type":"BreadcrumbList","@id":"https:\/\/aymetalkaplama.com\/index.php\/gizli-vidali-cephe-paneli\/#breadcrumb","itemListElement":[{"@type":"ListItem","position":1,"name":"Anasayfa","item":"https:\/\/aymetalkaplama.com\/"},{"@type":"ListItem","position":2,"name":"Gizli Vidal\u0131 Cephe Paneli"}]},{"@type":"WebSite","@id":"https:\/\/aymetalkaplama.com\/#website","url":"https:\/\/aymetalkaplama.com\/","name":"","description":"","potentialAction":[{"@type":"SearchAction","target":{"@type":"EntryPoint","urlTemplate":"https:\/\/aymetalkaplama.com\/?s={search_term_string}"},"query-input":"required name=search_term_string"}],"inLanguage":"tr"}]}},"_links":{"self":[{"href":"https:\/\/aymetalkaplama.com\/index.php\/wp-json\/wp\/v2\/pages\/80","targetHints":{"allow":["GET"]}}],"collection":[{"href":"https:\/\/aymetalkaplama.com\/index.php\/wp-json\/wp\/v2\/pages"}],"about":[{"href":"https:\/\/aymetalkaplama.com\/index.php\/wp-json\/wp\/v2\/types\/page"}],"author":[{"embeddable":true,"href":"https:\/\/aymetalkaplama.com\/index.php\/wp-json\/wp\/v2\/users\/1"}],"replies":[{"embeddable":true,"href":"https:\/\/aymetalkaplama.com\/index.php\/wp-json\/wp\/v2\/comments?post=80"}],"version-history":[{"count":2,"href":"https:\/\/aymetalkaplama.com\/index.php\/wp-json\/wp\/v2\/pages\/80\/revisions"}],"predecessor-version":[{"id":191,"href":"https:\/\/aymetalkaplama.com\/index.php\/wp-json\/wp\/v2\/pages\/80\/revisions\/191"}],"wp:attachment":[{"href":"https:\/\/aymetalkaplama.com\/index.php\/wp-json\/wp\/v2\/media?parent=80"}],"curies":[{"name":"wp","href":"https:\/\/api.w.org\/{rel}","templated":true}]}}