{"id":78,"date":"2024-05-05T18:57:47","date_gmt":"2024-05-05T18:57:47","guid":{"rendered":"https:\/\/aymetalkaplama.com\/?page_id=78"},"modified":"2024-05-06T10:02:38","modified_gmt":"2024-05-06T10:02:38","slug":"tasyunu-cephe-paneli","status":"publish","type":"page","link":"https:\/\/aymetalkaplama.com\/index.php\/tasyunu-cephe-paneli\/","title":{"rendered":"Ta\u015fy\u00fcn\u00fc Cephe Paneli"},"content":{"rendered":"\n<h2 class=\"wp-block-heading\"><a href=\"https:\/\/web.archive.org\/web\/20190102184516\/http:\/\/www.aymetalkaplama.com\/tasyunu-cephe-paneli\/\">Ta\u015fy\u00fcn\u00fc Cephe Paneli<\/a><\/h2>\n\n\n\n<figure class=\"wp-block-image\"><a href=\"https:\/\/web.archive.org\/web\/20190102184516\/http:\/\/www.aymetalkaplama.com\/wp-content\/uploads\/2016\/06\/5hd.jpg\"><img decoding=\"async\" src=\"https:\/\/web.archive.org\/web\/20190102184516im_\/http:\/\/www.aymetalkaplama.com\/wp-content\/uploads\/2016\/06\/5hd-1024x314.jpg\" alt=\"5hd\" class=\"wp-image-1823\"\/><\/a><\/figure>\n\n\n\n<p><a href=\"https:\/\/web.archive.org\/web\/20190102184516\/http:\/\/www.aymetalkaplama.com\/\/wp-content\/uploads\/2016\/06\/TA%C5%9EY%C3%9CN%C3%9C-DOLGULU-CEPHE-PANEL%C4%B0.png\"><\/a><\/p>\n\n\n\n<p><strong>TA\u015eY\u00dcN\u00dc \u00d6ZELL\u0130KLER\u0130<\/strong><\/p>\n\n\n\n<p><strong>Is\u0131 \u0130letim Katsay\u0131s\u0131&nbsp;&nbsp;&nbsp; (EN 13165) &nbsp;&nbsp;&nbsp;&nbsp;&nbsp;<\/strong>0,68&nbsp; W\/mK<\/p>\n\n\n\n<p><strong>Boyutsal Kararl\u0131l\u0131k&nbsp; EN 13165) &nbsp;&nbsp;&nbsp;&nbsp;&nbsp;&nbsp;&nbsp;&nbsp;&nbsp;<\/strong>Seviye DS (TH) &nbsp;11<\/p>\n\n\n\n<p><strong>Su abzorbisyonu&nbsp; (EN ISO 354) &nbsp;&nbsp;&nbsp;&nbsp;&nbsp;&nbsp;&nbsp;<\/strong>Hacimce % 2 -168 saat<\/p>\n\n\n\n<p><strong>Kapal\u0131 h\u00fccre oran\u0131&nbsp; (EN 14509) &nbsp;&nbsp;&nbsp;&nbsp;&nbsp;&nbsp;&nbsp;&nbsp;<\/strong>% 95<\/p>\n\n\n\n<p><strong>Buhar Dif\u00fczyon Direnci&nbsp; (EN 12086)&nbsp;<\/strong>30-100<\/p>\n\n\n\n<p><strong>METAL \u00d6ZELL\u0130KLER\u0130<\/strong><\/p>\n\n\n\n<p><strong>S\u0131cakl\u0131k Metal Tipi &nbsp;&nbsp;&nbsp;&nbsp;&nbsp;&nbsp;&nbsp;&nbsp;&nbsp;&nbsp;&nbsp;&nbsp;&nbsp;&nbsp;&nbsp;&nbsp;&nbsp;&nbsp;&nbsp;<\/strong>Boyal\u0131 Galvaniz Sac<\/p>\n\n\n\n<p><strong>\u00dcst Metal Kal\u0131nl\u0131\u011f\u0131 &nbsp;&nbsp;&nbsp;&nbsp;&nbsp;&nbsp;&nbsp;&nbsp;&nbsp;&nbsp;&nbsp;&nbsp;&nbsp;&nbsp;&nbsp;&nbsp;&nbsp;&nbsp;&nbsp;<\/strong>0,50 mm<\/p>\n\n\n\n<p><strong>Alt Metal Kal\u0131nl\u0131\u011f\u0131&nbsp;&nbsp;&nbsp;&nbsp;&nbsp;&nbsp;&nbsp;&nbsp;&nbsp;&nbsp;&nbsp;&nbsp;&nbsp;&nbsp;&nbsp;&nbsp;&nbsp;&nbsp;&nbsp; &nbsp;<\/strong>0,40-0,50 mm<\/p>\n\n\n\n<p><strong>Kal\u0131nl\u0131k Tolerans\u0131 (EN 10143)&nbsp;<\/strong>Nominal<\/p>\n\n\n\n<p><strong>Sac Kalitesi (EN 10327) &nbsp;&nbsp;&nbsp;&nbsp;&nbsp;&nbsp;&nbsp;&nbsp;&nbsp;&nbsp;<\/strong>DX51 D+Z Boyal\u0131 Galvanizli Sac<\/p>\n\n\n\n<p><strong>S\u0131cak Dald\u0131rma Kaplama&nbsp;&nbsp;&nbsp;&nbsp;&nbsp;&nbsp; &nbsp;<\/strong>100-275 gr\/m2<\/p>\n\n\n\n<p><strong>MEKAN\u0130K DAYANIMI<\/strong><\/p>\n\n\n\n<p><strong>Boy\u00c7elik Y\u00fczeyler Akma Dayan\u0131m\u0131 &nbsp;&nbsp;&nbsp;&nbsp;&nbsp;&nbsp;&nbsp;&nbsp;&nbsp;&nbsp;&nbsp;&nbsp;&nbsp;&nbsp;&nbsp;&nbsp;&nbsp;&nbsp;&nbsp;&nbsp;&nbsp;&nbsp;&nbsp;&nbsp;&nbsp; &nbsp;&nbsp;&nbsp;<\/strong>min. 220 N\/mm2<\/p>\n\n\n\n<p><strong>Panelin \u00c7ekme Dayan\u0131m\u0131 (fct) &nbsp;&nbsp;&nbsp;&nbsp;&nbsp;&nbsp;&nbsp;&nbsp;&nbsp;&nbsp;&nbsp;&nbsp;&nbsp;&nbsp;&nbsp;&nbsp;&nbsp;&nbsp;&nbsp;&nbsp;&nbsp;&nbsp;&nbsp;&nbsp;&nbsp;&nbsp;&nbsp;&nbsp;&nbsp;&nbsp;&nbsp;&nbsp;&nbsp;&nbsp;&nbsp;&nbsp;&nbsp;<\/strong>min. 0,018 Mpa<\/p>\n\n\n\n<p><strong>Y\u00fcksek S\u0131cakl\u0131kta Enine Do\u011frultuda \u00c7ekme Mod\u00fcl\u00fc&nbsp;<\/strong>min. 0,04 Mpa<\/p>\n\n\n\n<p><strong>\u00c7ekirdek Malzeme Kayma Dayan\u0131m\u0131 (fcv) &nbsp;&nbsp;&nbsp;&nbsp;&nbsp;&nbsp;&nbsp;&nbsp;&nbsp;&nbsp;&nbsp;&nbsp;&nbsp;&nbsp;&nbsp;&nbsp;&nbsp;<\/strong>min. 0,11 Mpa<\/p>\n\n\n\n<p><strong>\u00c7ekirdek Malzeme Kayma Mod\u00fcl\u00fc (G)&nbsp;&nbsp;&nbsp;&nbsp;&nbsp;&nbsp;&nbsp;&nbsp;&nbsp;&nbsp;&nbsp;&nbsp;&nbsp;&nbsp;&nbsp;&nbsp;&nbsp;&nbsp;&nbsp;&nbsp;&nbsp; &nbsp;&nbsp;<\/strong>min. 1,5 Mpa<\/p>\n\n\n\n<p><strong>\u00c7ekirdek Malzeme Bas\u0131n\u00e7 Dayan\u0131m\u0131 (\u03c310) &nbsp;&nbsp;&nbsp;&nbsp;&nbsp;&nbsp;&nbsp;&nbsp;&nbsp;&nbsp;&nbsp;&nbsp;&nbsp;&nbsp;&nbsp;&nbsp;<\/strong>min. 0,095 Mpa<\/p>\n\n\n\n<p><strong>A\u00e7\u0131kl\u0131kta E\u011filme Moment Kapasitesi (Mu) &nbsp;&nbsp;&nbsp;&nbsp;&nbsp;&nbsp;&nbsp;&nbsp;&nbsp;&nbsp;&nbsp;&nbsp;&nbsp;&nbsp;&nbsp;&nbsp;&nbsp;<\/strong>min. 1,5 KNm\/m<\/p>\n","protected":false},"excerpt":{"rendered":"<p>Ta\u015fy\u00fcn\u00fc Cephe Paneli TA\u015eY\u00dcN\u00dc \u00d6ZELL\u0130KLER\u0130 Is\u0131 \u0130letim Katsay\u0131s\u0131&nbsp;&nbsp;&nbsp; (EN 13165) &nbsp;&nbsp;&nbsp;&nbsp;&nbsp;0,68&nbsp; W\/mK Boyutsal Kararl\u0131l\u0131k&nbsp; EN 13165) &nbsp;&nbsp;&nbsp;&nbsp;&nbsp;&nbsp;&nbsp;&nbsp;&nbsp;Seviye DS (TH) &nbsp;11 Su abzorbisyonu&nbsp; (EN ISO 354) &nbsp;&nbsp;&nbsp;&nbsp;&nbsp;&nbsp;&nbsp;Hacimce % 2 -168 saat Kapal\u0131 h\u00fccre oran\u0131&nbsp; (EN 14509) &nbsp;&nbsp;&nbsp;&nbsp;&nbsp;&nbsp;&nbsp;&nbsp;% 95 Buhar Dif\u00fczyon Direnci&nbsp;<\/p>\n","protected":false},"author":1,"featured_media":0,"parent":0,"menu_order":0,"comment_status":"closed","ping_status":"closed","template":"","meta":{"footnotes":""},"class_list":["post-78","page","type-page","status-publish","hentry"],"yoast_head":"<!-- This site is optimized with the Yoast SEO plugin v22.7 - https:\/\/yoast.com\/wordpress\/plugins\/seo\/ -->\n<title>Ta\u015fy\u00fcn\u00fc Cephe Paneli -<\/title>\n<meta name=\"robots\" content=\"index, follow, max-snippet:-1, max-image-preview:large, max-video-preview:-1\" \/>\n<link rel=\"canonical\" href=\"https:\/\/aymetalkaplama.com\/index.php\/tasyunu-cephe-paneli\/\" \/>\n<meta property=\"og:locale\" content=\"tr_TR\" \/>\n<meta property=\"og:type\" content=\"article\" \/>\n<meta property=\"og:title\" content=\"Ta\u015fy\u00fcn\u00fc Cephe Paneli -\" \/>\n<meta property=\"og:description\" content=\"Ta\u015fy\u00fcn\u00fc Cephe Paneli TA\u015eY\u00dcN\u00dc \u00d6ZELL\u0130KLER\u0130 Is\u0131 \u0130letim Katsay\u0131s\u0131&nbsp;&nbsp;&nbsp; (EN 13165) &nbsp;&nbsp;&nbsp;&nbsp;&nbsp;0,68&nbsp; W\/mK Boyutsal Kararl\u0131l\u0131k&nbsp; EN 13165) &nbsp;&nbsp;&nbsp;&nbsp;&nbsp;&nbsp;&nbsp;&nbsp;&nbsp;Seviye DS (TH) &nbsp;11 Su abzorbisyonu&nbsp; (EN ISO 354) &nbsp;&nbsp;&nbsp;&nbsp;&nbsp;&nbsp;&nbsp;Hacimce % 2 -168 saat Kapal\u0131 h\u00fccre oran\u0131&nbsp; (EN 14509) &nbsp;&nbsp;&nbsp;&nbsp;&nbsp;&nbsp;&nbsp;&nbsp;% 95 Buhar Dif\u00fczyon Direnci&nbsp;\" \/>\n<meta property=\"og:url\" content=\"https:\/\/aymetalkaplama.com\/index.php\/tasyunu-cephe-paneli\/\" \/>\n<meta property=\"article:modified_time\" content=\"2024-05-06T10:02:38+00:00\" \/>\n<meta property=\"og:image\" content=\"https:\/\/web.archive.org\/web\/20190102184516im_\/http:\/\/www.aymetalkaplama.com\/wp-content\/uploads\/2016\/06\/5hd-1024x314.jpg\" \/>\n<meta name=\"twitter:card\" content=\"summary_large_image\" \/>\n<meta name=\"twitter:label1\" content=\"Tahmini okuma s\u00fcresi\" \/>\n\t<meta name=\"twitter:data1\" content=\"2 dakika\" \/>\n<script type=\"application\/ld+json\" class=\"yoast-schema-graph\">{\"@context\":\"https:\/\/schema.org\",\"@graph\":[{\"@type\":\"WebPage\",\"@id\":\"https:\/\/aymetalkaplama.com\/index.php\/tasyunu-cephe-paneli\/\",\"url\":\"https:\/\/aymetalkaplama.com\/index.php\/tasyunu-cephe-paneli\/\",\"name\":\"Ta\u015fy\u00fcn\u00fc Cephe Paneli -\",\"isPartOf\":{\"@id\":\"https:\/\/aymetalkaplama.com\/#website\"},\"primaryImageOfPage\":{\"@id\":\"https:\/\/aymetalkaplama.com\/index.php\/tasyunu-cephe-paneli\/#primaryimage\"},\"image\":{\"@id\":\"https:\/\/aymetalkaplama.com\/index.php\/tasyunu-cephe-paneli\/#primaryimage\"},\"thumbnailUrl\":\"https:\/\/web.archive.org\/web\/20190102184516im_\/http:\/\/www.aymetalkaplama.com\/wp-content\/uploads\/2016\/06\/5hd-1024x314.jpg\",\"datePublished\":\"2024-05-05T18:57:47+00:00\",\"dateModified\":\"2024-05-06T10:02:38+00:00\",\"breadcrumb\":{\"@id\":\"https:\/\/aymetalkaplama.com\/index.php\/tasyunu-cephe-paneli\/#breadcrumb\"},\"inLanguage\":\"tr\",\"potentialAction\":[{\"@type\":\"ReadAction\",\"target\":[\"https:\/\/aymetalkaplama.com\/index.php\/tasyunu-cephe-paneli\/\"]}]},{\"@type\":\"ImageObject\",\"inLanguage\":\"tr\",\"@id\":\"https:\/\/aymetalkaplama.com\/index.php\/tasyunu-cephe-paneli\/#primaryimage\",\"url\":\"https:\/\/web.archive.org\/web\/20190102184516im_\/http:\/\/www.aymetalkaplama.com\/wp-content\/uploads\/2016\/06\/5hd-1024x314.jpg\",\"contentUrl\":\"https:\/\/web.archive.org\/web\/20190102184516im_\/http:\/\/www.aymetalkaplama.com\/wp-content\/uploads\/2016\/06\/5hd-1024x314.jpg\"},{\"@type\":\"BreadcrumbList\",\"@id\":\"https:\/\/aymetalkaplama.com\/index.php\/tasyunu-cephe-paneli\/#breadcrumb\",\"itemListElement\":[{\"@type\":\"ListItem\",\"position\":1,\"name\":\"Anasayfa\",\"item\":\"https:\/\/aymetalkaplama.com\/\"},{\"@type\":\"ListItem\",\"position\":2,\"name\":\"Ta\u015fy\u00fcn\u00fc Cephe Paneli\"}]},{\"@type\":\"WebSite\",\"@id\":\"https:\/\/aymetalkaplama.com\/#website\",\"url\":\"https:\/\/aymetalkaplama.com\/\",\"name\":\"\",\"description\":\"\",\"potentialAction\":[{\"@type\":\"SearchAction\",\"target\":{\"@type\":\"EntryPoint\",\"urlTemplate\":\"https:\/\/aymetalkaplama.com\/?s={search_term_string}\"},\"query-input\":\"required name=search_term_string\"}],\"inLanguage\":\"tr\"}]}<\/script>\n<!-- \/ Yoast SEO plugin. -->","yoast_head_json":{"title":"Ta\u015fy\u00fcn\u00fc Cephe Paneli -","robots":{"index":"index","follow":"follow","max-snippet":"max-snippet:-1","max-image-preview":"max-image-preview:large","max-video-preview":"max-video-preview:-1"},"canonical":"https:\/\/aymetalkaplama.com\/index.php\/tasyunu-cephe-paneli\/","og_locale":"tr_TR","og_type":"article","og_title":"Ta\u015fy\u00fcn\u00fc Cephe Paneli -","og_description":"Ta\u015fy\u00fcn\u00fc Cephe Paneli TA\u015eY\u00dcN\u00dc \u00d6ZELL\u0130KLER\u0130 Is\u0131 \u0130letim Katsay\u0131s\u0131&nbsp;&nbsp;&nbsp; (EN 13165) &nbsp;&nbsp;&nbsp;&nbsp;&nbsp;0,68&nbsp; W\/mK Boyutsal Kararl\u0131l\u0131k&nbsp; EN 13165) &nbsp;&nbsp;&nbsp;&nbsp;&nbsp;&nbsp;&nbsp;&nbsp;&nbsp;Seviye DS (TH) &nbsp;11 Su abzorbisyonu&nbsp; (EN ISO 354) &nbsp;&nbsp;&nbsp;&nbsp;&nbsp;&nbsp;&nbsp;Hacimce % 2 -168 saat Kapal\u0131 h\u00fccre oran\u0131&nbsp; (EN 14509) &nbsp;&nbsp;&nbsp;&nbsp;&nbsp;&nbsp;&nbsp;&nbsp;% 95 Buhar Dif\u00fczyon Direnci&nbsp;","og_url":"https:\/\/aymetalkaplama.com\/index.php\/tasyunu-cephe-paneli\/","article_modified_time":"2024-05-06T10:02:38+00:00","og_image":[{"url":"https:\/\/web.archive.org\/web\/20190102184516im_\/http:\/\/www.aymetalkaplama.com\/wp-content\/uploads\/2016\/06\/5hd-1024x314.jpg"}],"twitter_card":"summary_large_image","twitter_misc":{"Tahmini okuma s\u00fcresi":"2 dakika"},"schema":{"@context":"https:\/\/schema.org","@graph":[{"@type":"WebPage","@id":"https:\/\/aymetalkaplama.com\/index.php\/tasyunu-cephe-paneli\/","url":"https:\/\/aymetalkaplama.com\/index.php\/tasyunu-cephe-paneli\/","name":"Ta\u015fy\u00fcn\u00fc Cephe Paneli -","isPartOf":{"@id":"https:\/\/aymetalkaplama.com\/#website"},"primaryImageOfPage":{"@id":"https:\/\/aymetalkaplama.com\/index.php\/tasyunu-cephe-paneli\/#primaryimage"},"image":{"@id":"https:\/\/aymetalkaplama.com\/index.php\/tasyunu-cephe-paneli\/#primaryimage"},"thumbnailUrl":"https:\/\/web.archive.org\/web\/20190102184516im_\/http:\/\/www.aymetalkaplama.com\/wp-content\/uploads\/2016\/06\/5hd-1024x314.jpg","datePublished":"2024-05-05T18:57:47+00:00","dateModified":"2024-05-06T10:02:38+00:00","breadcrumb":{"@id":"https:\/\/aymetalkaplama.com\/index.php\/tasyunu-cephe-paneli\/#breadcrumb"},"inLanguage":"tr","potentialAction":[{"@type":"ReadAction","target":["https:\/\/aymetalkaplama.com\/index.php\/tasyunu-cephe-paneli\/"]}]},{"@type":"ImageObject","inLanguage":"tr","@id":"https:\/\/aymetalkaplama.com\/index.php\/tasyunu-cephe-paneli\/#primaryimage","url":"https:\/\/web.archive.org\/web\/20190102184516im_\/http:\/\/www.aymetalkaplama.com\/wp-content\/uploads\/2016\/06\/5hd-1024x314.jpg","contentUrl":"https:\/\/web.archive.org\/web\/20190102184516im_\/http:\/\/www.aymetalkaplama.com\/wp-content\/uploads\/2016\/06\/5hd-1024x314.jpg"},{"@type":"BreadcrumbList","@id":"https:\/\/aymetalkaplama.com\/index.php\/tasyunu-cephe-paneli\/#breadcrumb","itemListElement":[{"@type":"ListItem","position":1,"name":"Anasayfa","item":"https:\/\/aymetalkaplama.com\/"},{"@type":"ListItem","position":2,"name":"Ta\u015fy\u00fcn\u00fc Cephe Paneli"}]},{"@type":"WebSite","@id":"https:\/\/aymetalkaplama.com\/#website","url":"https:\/\/aymetalkaplama.com\/","name":"","description":"","potentialAction":[{"@type":"SearchAction","target":{"@type":"EntryPoint","urlTemplate":"https:\/\/aymetalkaplama.com\/?s={search_term_string}"},"query-input":"required name=search_term_string"}],"inLanguage":"tr"}]}},"_links":{"self":[{"href":"https:\/\/aymetalkaplama.com\/index.php\/wp-json\/wp\/v2\/pages\/78","targetHints":{"allow":["GET"]}}],"collection":[{"href":"https:\/\/aymetalkaplama.com\/index.php\/wp-json\/wp\/v2\/pages"}],"about":[{"href":"https:\/\/aymetalkaplama.com\/index.php\/wp-json\/wp\/v2\/types\/page"}],"author":[{"embeddable":true,"href":"https:\/\/aymetalkaplama.com\/index.php\/wp-json\/wp\/v2\/users\/1"}],"replies":[{"embeddable":true,"href":"https:\/\/aymetalkaplama.com\/index.php\/wp-json\/wp\/v2\/comments?post=78"}],"version-history":[{"count":2,"href":"https:\/\/aymetalkaplama.com\/index.php\/wp-json\/wp\/v2\/pages\/78\/revisions"}],"predecessor-version":[{"id":119,"href":"https:\/\/aymetalkaplama.com\/index.php\/wp-json\/wp\/v2\/pages\/78\/revisions\/119"}],"wp:attachment":[{"href":"https:\/\/aymetalkaplama.com\/index.php\/wp-json\/wp\/v2\/media?parent=78"}],"curies":[{"name":"wp","href":"https:\/\/api.w.org\/{rel}","templated":true}]}}