{"id":67,"date":"2024-05-05T18:36:42","date_gmt":"2024-05-05T18:36:42","guid":{"rendered":"https:\/\/aymetalkaplama.com\/?page_id=67"},"modified":"2024-05-17T10:16:23","modified_gmt":"2024-05-17T10:16:23","slug":"4-hadveli-polistren-eps-cati-paneli","status":"publish","type":"page","link":"https:\/\/aymetalkaplama.com\/index.php\/4-hadveli-polistren-eps-cati-paneli\/","title":{"rendered":"4 Hadveli Polistren (EPS) \u00c7at\u0131 Paneli"},"content":{"rendered":"<div class=\"wp-block-image\">\n<figure class=\"aligncenter is-resized\"><img decoding=\"async\" src=\"https:\/\/www.kace.com.tr\/products\/dort-hadveli-polistiren-eps-dolgulu-sandvic-panel-cati-paneli-01.jpg\" alt=\"\" style=\"width:537px;height:auto\"\/><\/figure>\n<\/div>\n\n\n<figure class=\"wp-block-table has-small-font-size\"><table><tbody><tr><td>\u0130SOPANEL ATR<\/td><td>&nbsp;<\/td><\/tr><tr><td>Belgeler<\/td><td>TS EN 14509<\/td><\/tr><tr><td rowspan=\"2\">D\u0131\u015f y\u00fcz se\u00e7enekleri<\/td><td>Boyal\u0131 Galvanizli Sac<\/td><\/tr><tr><td>Aluminyum<\/td><\/tr><tr><td>\u0130\u00e7 y\u00fcz se\u00e7enekleri<\/td><td>Boyal\u0131 Galvanizli Sac<\/td><\/tr><tr><td>&nbsp;<\/td><td>Aluminyum<\/td><\/tr><tr><td>Yal\u0131t\u0131m kal\u0131nl\u0131\u011f\u0131 se\u00e7enekleri (mm)<\/td><td>40-45-50-55-\u2026\u2026\u2026&#8230;-120mm<\/td><\/tr><tr><td rowspan=\"3\">U de\u011feri (W\/m2K)<\/td><td>40 mm kal\u0131nl\u0131k =&nbsp;&nbsp;0,78&nbsp;<\/td><\/tr><tr><td>60 mm kal\u0131nl\u0131k&nbsp;&nbsp;= 0,58<\/td><\/tr><tr><td>100 mm kal\u0131nl\u0131k = 0,36<\/td><\/tr><tr><td>Yal\u0131t\u0131m yo\u011funlu\u011fu<\/td><td>16-22 kg\/m3 (standart)<\/td><\/tr><tr><td>Yanmazl\u0131k s\u0131n\u0131f\u0131<\/td><td>E (TS EN 13501-1)<\/td><\/tr><tr><td>Y\u00fck ta\u015f\u0131ma de\u011feri&nbsp;<\/td><td>140 cm \u00e7ok a\u00e7\u0131kl\u0131k<\/td><\/tr><tr><td>(40 mm panel 38\/333 form i\u00e7indir.)<\/td><td>180 cm \u00e7ok a\u00e7\u0131kl\u0131k<\/td><\/tr><\/tbody><\/table><\/figure>\n\n\n<div class=\"wp-block-image\">\n<figure class=\"aligncenter is-resized\"><a href=\"https:\/\/web.archive.org\/web\/20190102214103\/http:\/\/www.aymetalkaplama.com\/\/wp-content\/uploads\/2016\/06\/1-1.jpg\"><img decoding=\"async\" src=\"https:\/\/web.archive.org\/web\/20190102214103im_\/http:\/\/www.aymetalkaplama.com\/\/wp-content\/uploads\/2016\/06\/1-1.jpg\" alt=\"1\" class=\"wp-image-1745\" style=\"width:572px;height:auto\"\/><\/a><\/figure>\n<\/div>\n\n\n<p class=\"has-small-font-size\">Yanmaz \u00f6zelli\u011fi ile&nbsp;<strong>Expande Polistren&nbsp;<\/strong>dolgu d\u00fcnyada \u0131s\u0131 ve ses yal\u0131t\u0131m\u0131 malzemesi olarak en iyi se\u00e7imdir. Atermit \u0130sopanel yap\u0131s\u0131 itibariyle y\u00fcksek y\u00fcksek \u0131s\u0131 ve ses yal\u0131t\u0131m\u0131, hafiflik, sa\u011flaml\u0131k gibi \u00f6zellikleri b\u00fcnyesinde bulundurur. \u0130stenilen boy ve kal\u0131nl\u0131kta \u00fcretilebilmektedir. Amaca uygun olarak boyu kolayca ayarlanabilir, kolayca ta\u015f\u0131nabilir, istenilen renge boyanabilir. \u0130sopanel her t\u00fcrl\u00fc sanayi, z\u0131rai ve askeri yap\u0131larda so\u011fuk hava depolar\u0131nda garajlar, hangarlar, spor tesisleri, konutlar ve t\u00fcm geni\u015f mekanlar\u0131n \u00e7at\u0131\u0131 ve cephe kaplama, mekan b\u00f6l\u00fcc\u00fc duvarlar\u0131 ve tavan uygulamalar\u0131nda ba\u015far\u0131 ile kullan\u0131lmaktad\u0131r. Atermit \u0130sopanel\u2019de kullan\u0131lan malzemeler, uluslar aras\u0131 standart\u0131 Amerikan A-1000 ve 3000 serisi al\u00fcminyum ve \u0131s\u0131 iletkenlik katsay\u0131s\u0131 0,034 kcal\/m\u00b2h\u00b0c olan, suda \u00e7\u00f6z\u00fclmeyen ve erimeyen \u00f6zellige sahip, levha boyunca homojen yap\u0131da, B1 s\u0131n\u0131f\u0131nda zor alevlenen ve CFC gazi i\u00e7ermeyen Ekspande Polistren \u2018dir.<\/p>\n\n\n\n<p class=\"has-small-font-size\">\u0130sopanel benzerleri aras\u0131nda mukavemeti ve ta\u015f\u0131ma g\u00fcc\u00fc en y\u00fcksek olan \u00fcr\u00fcnd\u00fcr. K\u0131r\u0131lmaz, \u00e7atlamaz, deforme olmaz, pas tutmaz, kolayca ta\u015f\u0131n\u0131r, kolayca monte edilir, s\u00f6k\u00fclebilir. Ayr\u0131ca al\u0131n kapama \u00f6zelli\u011fi yaln\u0131za Atermit \u0130sopanel de mevcuttur. Al\u0131n kaplama sandvi\u00e7 panellerin a\u00e7\u0131k b\u0131rak\u0131lan her iki ucunu da kapatmak \u00fczere geli\u015ftirilmi\u015ftir. Rutubetsiz ortamlar yarat\u0131r. Bakteri \u00e7o\u011falmas\u0131na kar\u015f\u0131 diren\u00e7lidir. G\u0131da nizamnamelerine uygundur. Ana ta\u015f\u0131y\u0131c\u0131 sistemi hafiflemesi nedeniyle \u00e7elikten ve betonarmeden tasarruf sa\u011flar.\u00dcst boyal\u0131 sac, alt\u0131 boyal\u0131 sac\u00dcst boyal\u0131 sac, alt al\u00fcminyum\u00dcst al\u00fcminyum, alt al\u00fcminyumaras\u0131 4.5 ile 10 cm aras\u0131nda de\u011fi\u015fen boyutlarda polistren dolgu yap\u0131l\u0131r.<\/p>\n\n\n\n<p class=\"has-small-font-size\"><strong>*** Malzemeye \u00fcretici Atermit Firmas\u0131 15 y\u0131l ayr\u0131lmazl\u0131k garantisi vermektedir.<\/strong><\/p>\n","protected":false},"excerpt":{"rendered":"<p>\u0130SOPANEL ATR &nbsp; Belgeler TS EN 14509 D\u0131\u015f y\u00fcz se\u00e7enekleri Boyal\u0131 Galvanizli Sac Aluminyum \u0130\u00e7 y\u00fcz se\u00e7enekleri Boyal\u0131 Galvanizli Sac &nbsp; Aluminyum Yal\u0131t\u0131m kal\u0131nl\u0131\u011f\u0131 se\u00e7enekleri (mm) 40-45-50-55-\u2026\u2026\u2026&#8230;-120mm U de\u011feri (W\/m2K) 40 mm kal\u0131nl\u0131k =&nbsp;&nbsp;0,78&nbsp; 60 mm kal\u0131nl\u0131k&nbsp;&nbsp;= 0,58 100 mm<\/p>\n","protected":false},"author":1,"featured_media":0,"parent":0,"menu_order":0,"comment_status":"closed","ping_status":"closed","template":"","meta":{"footnotes":""},"class_list":["post-67","page","type-page","status-publish","hentry"],"yoast_head":"<!-- This site is optimized with the Yoast SEO plugin v22.7 - https:\/\/yoast.com\/wordpress\/plugins\/seo\/ -->\n<title>4 Hadveli Polistren (EPS) \u00c7at\u0131 Paneli -<\/title>\n<meta name=\"robots\" content=\"index, follow, max-snippet:-1, max-image-preview:large, max-video-preview:-1\" \/>\n<link rel=\"canonical\" href=\"https:\/\/aymetalkaplama.com\/index.php\/4-hadveli-polistren-eps-cati-paneli\/\" \/>\n<meta property=\"og:locale\" content=\"tr_TR\" \/>\n<meta property=\"og:type\" content=\"article\" \/>\n<meta property=\"og:title\" content=\"4 Hadveli Polistren (EPS) \u00c7at\u0131 Paneli -\" \/>\n<meta property=\"og:description\" content=\"\u0130SOPANEL ATR &nbsp; Belgeler TS EN 14509 D\u0131\u015f y\u00fcz se\u00e7enekleri Boyal\u0131 Galvanizli Sac Aluminyum \u0130\u00e7 y\u00fcz se\u00e7enekleri Boyal\u0131 Galvanizli Sac &nbsp; Aluminyum Yal\u0131t\u0131m kal\u0131nl\u0131\u011f\u0131 se\u00e7enekleri (mm) 40-45-50-55-\u2026\u2026\u2026&#8230;-120mm U de\u011feri (W\/m2K) 40 mm kal\u0131nl\u0131k =&nbsp;&nbsp;0,78&nbsp; 60 mm kal\u0131nl\u0131k&nbsp;&nbsp;= 0,58 100 mm\" \/>\n<meta property=\"og:url\" content=\"https:\/\/aymetalkaplama.com\/index.php\/4-hadveli-polistren-eps-cati-paneli\/\" \/>\n<meta property=\"article:modified_time\" content=\"2024-05-17T10:16:23+00:00\" \/>\n<meta property=\"og:image\" content=\"https:\/\/www.kace.com.tr\/products\/dort-hadveli-polistiren-eps-dolgulu-sandvic-panel-cati-paneli-01.jpg\" \/>\n<meta name=\"twitter:card\" content=\"summary_large_image\" \/>\n<meta name=\"twitter:label1\" content=\"Tahmini okuma s\u00fcresi\" \/>\n\t<meta name=\"twitter:data1\" content=\"3 dakika\" \/>\n<script type=\"application\/ld+json\" class=\"yoast-schema-graph\">{\"@context\":\"https:\/\/schema.org\",\"@graph\":[{\"@type\":\"WebPage\",\"@id\":\"https:\/\/aymetalkaplama.com\/index.php\/4-hadveli-polistren-eps-cati-paneli\/\",\"url\":\"https:\/\/aymetalkaplama.com\/index.php\/4-hadveli-polistren-eps-cati-paneli\/\",\"name\":\"4 Hadveli Polistren (EPS) \u00c7at\u0131 Paneli -\",\"isPartOf\":{\"@id\":\"https:\/\/aymetalkaplama.com\/#website\"},\"primaryImageOfPage\":{\"@id\":\"https:\/\/aymetalkaplama.com\/index.php\/4-hadveli-polistren-eps-cati-paneli\/#primaryimage\"},\"image\":{\"@id\":\"https:\/\/aymetalkaplama.com\/index.php\/4-hadveli-polistren-eps-cati-paneli\/#primaryimage\"},\"thumbnailUrl\":\"https:\/\/www.kace.com.tr\/products\/dort-hadveli-polistiren-eps-dolgulu-sandvic-panel-cati-paneli-01.jpg\",\"datePublished\":\"2024-05-05T18:36:42+00:00\",\"dateModified\":\"2024-05-17T10:16:23+00:00\",\"breadcrumb\":{\"@id\":\"https:\/\/aymetalkaplama.com\/index.php\/4-hadveli-polistren-eps-cati-paneli\/#breadcrumb\"},\"inLanguage\":\"tr\",\"potentialAction\":[{\"@type\":\"ReadAction\",\"target\":[\"https:\/\/aymetalkaplama.com\/index.php\/4-hadveli-polistren-eps-cati-paneli\/\"]}]},{\"@type\":\"ImageObject\",\"inLanguage\":\"tr\",\"@id\":\"https:\/\/aymetalkaplama.com\/index.php\/4-hadveli-polistren-eps-cati-paneli\/#primaryimage\",\"url\":\"https:\/\/www.kace.com.tr\/products\/dort-hadveli-polistiren-eps-dolgulu-sandvic-panel-cati-paneli-01.jpg\",\"contentUrl\":\"https:\/\/www.kace.com.tr\/products\/dort-hadveli-polistiren-eps-dolgulu-sandvic-panel-cati-paneli-01.jpg\"},{\"@type\":\"BreadcrumbList\",\"@id\":\"https:\/\/aymetalkaplama.com\/index.php\/4-hadveli-polistren-eps-cati-paneli\/#breadcrumb\",\"itemListElement\":[{\"@type\":\"ListItem\",\"position\":1,\"name\":\"Anasayfa\",\"item\":\"https:\/\/aymetalkaplama.com\/\"},{\"@type\":\"ListItem\",\"position\":2,\"name\":\"4 Hadveli Polistren (EPS) \u00c7at\u0131 Paneli\"}]},{\"@type\":\"WebSite\",\"@id\":\"https:\/\/aymetalkaplama.com\/#website\",\"url\":\"https:\/\/aymetalkaplama.com\/\",\"name\":\"\",\"description\":\"\",\"potentialAction\":[{\"@type\":\"SearchAction\",\"target\":{\"@type\":\"EntryPoint\",\"urlTemplate\":\"https:\/\/aymetalkaplama.com\/?s={search_term_string}\"},\"query-input\":\"required name=search_term_string\"}],\"inLanguage\":\"tr\"}]}<\/script>\n<!-- \/ Yoast SEO plugin. -->","yoast_head_json":{"title":"4 Hadveli Polistren (EPS) \u00c7at\u0131 Paneli -","robots":{"index":"index","follow":"follow","max-snippet":"max-snippet:-1","max-image-preview":"max-image-preview:large","max-video-preview":"max-video-preview:-1"},"canonical":"https:\/\/aymetalkaplama.com\/index.php\/4-hadveli-polistren-eps-cati-paneli\/","og_locale":"tr_TR","og_type":"article","og_title":"4 Hadveli Polistren (EPS) \u00c7at\u0131 Paneli -","og_description":"\u0130SOPANEL ATR &nbsp; Belgeler TS EN 14509 D\u0131\u015f y\u00fcz se\u00e7enekleri Boyal\u0131 Galvanizli Sac Aluminyum \u0130\u00e7 y\u00fcz se\u00e7enekleri Boyal\u0131 Galvanizli Sac &nbsp; Aluminyum Yal\u0131t\u0131m kal\u0131nl\u0131\u011f\u0131 se\u00e7enekleri (mm) 40-45-50-55-\u2026\u2026\u2026&#8230;-120mm U de\u011feri (W\/m2K) 40 mm kal\u0131nl\u0131k =&nbsp;&nbsp;0,78&nbsp; 60 mm kal\u0131nl\u0131k&nbsp;&nbsp;= 0,58 100 mm","og_url":"https:\/\/aymetalkaplama.com\/index.php\/4-hadveli-polistren-eps-cati-paneli\/","article_modified_time":"2024-05-17T10:16:23+00:00","og_image":[{"url":"https:\/\/www.kace.com.tr\/products\/dort-hadveli-polistiren-eps-dolgulu-sandvic-panel-cati-paneli-01.jpg"}],"twitter_card":"summary_large_image","twitter_misc":{"Tahmini okuma s\u00fcresi":"3 dakika"},"schema":{"@context":"https:\/\/schema.org","@graph":[{"@type":"WebPage","@id":"https:\/\/aymetalkaplama.com\/index.php\/4-hadveli-polistren-eps-cati-paneli\/","url":"https:\/\/aymetalkaplama.com\/index.php\/4-hadveli-polistren-eps-cati-paneli\/","name":"4 Hadveli Polistren (EPS) \u00c7at\u0131 Paneli -","isPartOf":{"@id":"https:\/\/aymetalkaplama.com\/#website"},"primaryImageOfPage":{"@id":"https:\/\/aymetalkaplama.com\/index.php\/4-hadveli-polistren-eps-cati-paneli\/#primaryimage"},"image":{"@id":"https:\/\/aymetalkaplama.com\/index.php\/4-hadveli-polistren-eps-cati-paneli\/#primaryimage"},"thumbnailUrl":"https:\/\/www.kace.com.tr\/products\/dort-hadveli-polistiren-eps-dolgulu-sandvic-panel-cati-paneli-01.jpg","datePublished":"2024-05-05T18:36:42+00:00","dateModified":"2024-05-17T10:16:23+00:00","breadcrumb":{"@id":"https:\/\/aymetalkaplama.com\/index.php\/4-hadveli-polistren-eps-cati-paneli\/#breadcrumb"},"inLanguage":"tr","potentialAction":[{"@type":"ReadAction","target":["https:\/\/aymetalkaplama.com\/index.php\/4-hadveli-polistren-eps-cati-paneli\/"]}]},{"@type":"ImageObject","inLanguage":"tr","@id":"https:\/\/aymetalkaplama.com\/index.php\/4-hadveli-polistren-eps-cati-paneli\/#primaryimage","url":"https:\/\/www.kace.com.tr\/products\/dort-hadveli-polistiren-eps-dolgulu-sandvic-panel-cati-paneli-01.jpg","contentUrl":"https:\/\/www.kace.com.tr\/products\/dort-hadveli-polistiren-eps-dolgulu-sandvic-panel-cati-paneli-01.jpg"},{"@type":"BreadcrumbList","@id":"https:\/\/aymetalkaplama.com\/index.php\/4-hadveli-polistren-eps-cati-paneli\/#breadcrumb","itemListElement":[{"@type":"ListItem","position":1,"name":"Anasayfa","item":"https:\/\/aymetalkaplama.com\/"},{"@type":"ListItem","position":2,"name":"4 Hadveli Polistren (EPS) \u00c7at\u0131 Paneli"}]},{"@type":"WebSite","@id":"https:\/\/aymetalkaplama.com\/#website","url":"https:\/\/aymetalkaplama.com\/","name":"","description":"","potentialAction":[{"@type":"SearchAction","target":{"@type":"EntryPoint","urlTemplate":"https:\/\/aymetalkaplama.com\/?s={search_term_string}"},"query-input":"required name=search_term_string"}],"inLanguage":"tr"}]}},"_links":{"self":[{"href":"https:\/\/aymetalkaplama.com\/index.php\/wp-json\/wp\/v2\/pages\/67","targetHints":{"allow":["GET"]}}],"collection":[{"href":"https:\/\/aymetalkaplama.com\/index.php\/wp-json\/wp\/v2\/pages"}],"about":[{"href":"https:\/\/aymetalkaplama.com\/index.php\/wp-json\/wp\/v2\/types\/page"}],"author":[{"embeddable":true,"href":"https:\/\/aymetalkaplama.com\/index.php\/wp-json\/wp\/v2\/users\/1"}],"replies":[{"embeddable":true,"href":"https:\/\/aymetalkaplama.com\/index.php\/wp-json\/wp\/v2\/comments?post=67"}],"version-history":[{"count":4,"href":"https:\/\/aymetalkaplama.com\/index.php\/wp-json\/wp\/v2\/pages\/67\/revisions"}],"predecessor-version":[{"id":196,"href":"https:\/\/aymetalkaplama.com\/index.php\/wp-json\/wp\/v2\/pages\/67\/revisions\/196"}],"wp:attachment":[{"href":"https:\/\/aymetalkaplama.com\/index.php\/wp-json\/wp\/v2\/media?parent=67"}],"curies":[{"name":"wp","href":"https:\/\/api.w.org\/{rel}","templated":true}]}}