{"id":52,"date":"2024-05-05T18:35:31","date_gmt":"2024-05-05T18:35:31","guid":{"rendered":"https:\/\/aymetalkaplama.com\/?page_id=52"},"modified":"2024-05-05T19:17:41","modified_gmt":"2024-05-05T19:17:41","slug":"3-hadveli-cati-paneli","status":"publish","type":"page","link":"https:\/\/aymetalkaplama.com\/index.php\/3-hadveli-cati-paneli\/","title":{"rendered":"3 Hadveli \u00c7at\u0131 Paneli"},"content":{"rendered":"\n<h2 class=\"wp-block-heading\"><a href=\"https:\/\/web.archive.org\/web\/20190102205335\/http:\/\/www.aymetalkaplama.com\/3-haveli-cati-paneli\/\">3 Hadveli \u00c7at\u0131 Paneli<\/a><\/h2>\n\n\n<div class=\"wp-block-image\">\n<figure class=\"aligncenter\"><a href=\"https:\/\/web.archive.org\/web\/20190102205335\/http:\/\/www.aymetalkaplama.com\/wp-content\/uploads\/2016\/06\/2-2.jpg\"><img decoding=\"async\" src=\"https:\/\/web.archive.org\/web\/20190102205335im_\/http:\/\/www.aymetalkaplama.com\/wp-content\/uploads\/2016\/06\/2-2-1024x511.jpg\" alt=\"2\" class=\"wp-image-1812\"\/><\/a><\/figure>\n<\/div>\n\n\n<p><strong>Poli\u00fcretan Dolgulu Paneller<\/strong><\/p>\n\n\n\n<p>Sipari\u015fe g\u00f6re istenilen boyutta \u00fcretim yap\u0131labilmektedir. Yap\u0131larda iklimsel ko\u015fullara uygun olarak \u0131s\u0131 yal\u0131t\u0131m\u0131 sa\u011flayan poli\u00fcretan \u0131s\u0131 iletkenli\u011fi en d\u00fc\u015f\u00fck olan malzemedir. Panellerin alt ve \u00fcst y\u00fczeylerinde kullan\u0131lan al\u00fcminyum ve galvanizli sa\u00e7 Coil Coating teknolojisi ile boyanmaktad\u0131r. Uygulanan boya teknolojisi, panellerin d\u0131\u015f ortam ko\u015fullar\u0131na uzun y\u0131llar boyunca dayan\u0131kl\u0131 ve zengin renk se\u00e7eneklerine sahip olmas\u0131 sa\u011flamaktad\u0131r. Panel \u00fcretiminde de\u011fi\u015fik kal\u0131nl\u0131kta y\u00fcksek kaliteli al\u00fcminyum ve sac kullan\u0131m\u0131 ile farkl\u0131 ta\u015f\u0131y\u0131c\u0131 sistemlere uygun malzeme se\u00e7enekleri sunulmaktad\u0131r. Monta\u015f kolayl\u0131\u011f\u0131 ve aksesuar se\u00e7enekleri ile poli\u00fcretanl\u0131 paneller, yap\u0131larda alternatif \u00e7\u00f6z\u00fcmler sunan g\u00fcvenilir \u00e7at\u0131 ve cephe kaplama \u00fcr\u00fcnleridir. Poli\u00fcretanl\u0131 paneller, geni\u015f a\u015f\u0131k aral\u0131klar\u0131 ve a\u011f\u0131r \u00e7at\u0131 y\u00fcklerine(ya\u011fmur, kar , r\u00fczgar) kar\u015f\u0131 diren\u00e7li, \u00e7at\u0131 kaplar\u0131na en uygun \u00e7\u00f6z\u00fcm\u00fc sa\u011flayan kesitte dizayn edilmi\u015ftir. Poli\u00fcretanl\u0131 paneli enine ek binili istem olarak tasarlanm\u0131\u015f olup, kep kullanmay\u0131 gerektirmeden su izolasyonunu m\u00fckemmel sa\u011flar. Kep m\u00fc\u015fteri talebine g\u00f6re opsiyonel olarak \u00fcretilebilir. \u0130stendi\u011finde cephe kaplamas\u0131 olarak g\u00fcvenle kullan\u0131labilir.<\/p>\n\n\n\n<p><strong>POL\u0130\u00dcRETAN \u00d6ZELL\u0130KLER\u0130<\/strong><\/p>\n\n\n\n<p><strong>Poli\u00fcretan Kal\u0131nl\u0131\u011f\u0131 &nbsp;&nbsp;&nbsp;&nbsp;&nbsp;&nbsp;&nbsp;&nbsp;&nbsp;&nbsp;&nbsp;&nbsp;&nbsp;&nbsp;&nbsp;&nbsp;&nbsp;&nbsp;&nbsp;&nbsp;&nbsp;&nbsp;&nbsp;&nbsp;&nbsp;<\/strong>40-50-60-70-80-90-100 mm kal\u0131nl\u0131kta<\/p>\n\n\n\n<p><strong>Is\u0131 \u0130letim Katsay\u0131s\u0131&nbsp;&nbsp;&nbsp; (EN 13165) &nbsp;&nbsp;&nbsp;&nbsp;&nbsp;&nbsp;<\/strong>0,022-0,024 W\/mK<\/p>\n\n\n\n<p><strong>Boyutsal Kararl\u0131l\u0131k&nbsp; EN 13165) &nbsp;&nbsp;&nbsp;&nbsp;&nbsp;&nbsp;&nbsp;&nbsp;&nbsp;<\/strong>Seviye DS (TH) &nbsp;11<\/p>\n\n\n\n<p><strong>Su abzorbisyonu&nbsp; (EN ISO 354) &nbsp;&nbsp;&nbsp;&nbsp;&nbsp;&nbsp;&nbsp;<\/strong>Hacimce % 2 -168 saat<\/p>\n\n\n\n<p><strong>Kapal\u0131 h\u00fccre oran\u0131&nbsp; (EN 14509) &nbsp;&nbsp;&nbsp;&nbsp;&nbsp;&nbsp;&nbsp;&nbsp;<\/strong>% 95<\/p>\n\n\n\n<p><strong>Buhar Dif\u00fczyon Direnci&nbsp; (EN 12086)&nbsp;<\/strong>30-100<\/p>\n\n\n\n<p><strong>METAL \u00d6ZELL\u0130KLER\u0130<\/strong><\/p>\n\n\n\n<p><strong>S\u0131cakl\u0131k Metal Tipi &nbsp;&nbsp;&nbsp;&nbsp;&nbsp;&nbsp;&nbsp;&nbsp;&nbsp;&nbsp;&nbsp;&nbsp;&nbsp;&nbsp;&nbsp;&nbsp;&nbsp;&nbsp;&nbsp;<\/strong>Boyal\u0131 Galvaniz Sac<\/p>\n\n\n\n<p><strong>\u00dcst Metal Kal\u0131nl\u0131\u011f\u0131 &nbsp;&nbsp;&nbsp;&nbsp;&nbsp;&nbsp;&nbsp;&nbsp;&nbsp;&nbsp;&nbsp;&nbsp;&nbsp;&nbsp;&nbsp;&nbsp;&nbsp;&nbsp;<\/strong><strong>0,45 mm \u2013&nbsp;<\/strong>0,50 mm \u2013 0,60 mm \u2013 0,70 mm<\/p>\n\n\n\n<p><strong>Alt Metal Kal\u0131nl\u0131\u011f\u0131&nbsp;&nbsp;&nbsp;&nbsp;&nbsp;&nbsp;&nbsp;&nbsp;&nbsp;&nbsp;&nbsp;&nbsp;&nbsp;&nbsp;&nbsp;&nbsp;&nbsp;&nbsp;&nbsp;&nbsp;<\/strong><strong>0,35 mm \u2013&nbsp;<\/strong>0,40 mm &nbsp;\u2013 0,50 mm \u2013 0,60 mm<\/p>\n\n\n\n<p><strong>Kal\u0131nl\u0131k Tolerans\u0131 (EN 10143)&nbsp;<\/strong>Nominal<\/p>\n\n\n\n<p><strong>Sac Kalitesi (EN 10327) &nbsp;&nbsp;&nbsp;&nbsp;&nbsp;&nbsp;&nbsp;&nbsp;&nbsp;&nbsp;<\/strong>DX51 D+Z Boyal\u0131 Galvanizli Sac<\/p>\n\n\n\n<p><strong>S\u0131cak Dald\u0131rma Kaplama&nbsp;&nbsp;&nbsp;&nbsp;&nbsp;&nbsp; &nbsp;<\/strong>100-275 gr\/m2<\/p>\n\n\n\n<p><strong>MEKAN\u0130K DAYANIMI<\/strong><\/p>\n\n\n\n<p><strong>Boy\u00c7elik Y\u00fczeyler Akma Dayan\u0131m\u0131 &nbsp;&nbsp;&nbsp;&nbsp;&nbsp;&nbsp;&nbsp;&nbsp;&nbsp;&nbsp;&nbsp;&nbsp;&nbsp;&nbsp;&nbsp;&nbsp;&nbsp;&nbsp;&nbsp;&nbsp;&nbsp;&nbsp;&nbsp;&nbsp;&nbsp; &nbsp;&nbsp;&nbsp;<\/strong>min. 220 N\/mm2<\/p>\n\n\n\n<p><strong>Panelin \u00c7ekme Dayan\u0131m\u0131 (fct) &nbsp;&nbsp;&nbsp;&nbsp;&nbsp;&nbsp;&nbsp;&nbsp;&nbsp;&nbsp;&nbsp;&nbsp;&nbsp;&nbsp;&nbsp;&nbsp;&nbsp;&nbsp;&nbsp;&nbsp;&nbsp;&nbsp;&nbsp;&nbsp;&nbsp;&nbsp;&nbsp;&nbsp;&nbsp;&nbsp;&nbsp;&nbsp;&nbsp;&nbsp;&nbsp;&nbsp;&nbsp;<\/strong>min. 0,018 Mpa<\/p>\n\n\n\n<p><strong>Y\u00fcksek S\u0131cakl\u0131kta Enine Do\u011frultuda \u00c7ekme Mod\u00fcl\u00fc&nbsp;<\/strong>min. 0,04 Mpa<\/p>\n\n\n\n<p><strong>\u00c7ekirdek Malzeme Kayma Dayan\u0131m\u0131 (fcv) &nbsp;&nbsp;&nbsp;&nbsp;&nbsp;&nbsp;&nbsp;&nbsp;&nbsp;&nbsp;&nbsp;&nbsp;&nbsp;&nbsp;&nbsp;&nbsp;&nbsp;<\/strong>min. 0,11 Mpa<\/p>\n\n\n\n<p><strong>\u00c7ekirdek Malzeme Kayma Mod\u00fcl\u00fc (G)&nbsp;&nbsp;&nbsp;&nbsp;&nbsp;&nbsp;&nbsp;&nbsp;&nbsp;&nbsp;&nbsp;&nbsp;&nbsp;&nbsp;&nbsp;&nbsp;&nbsp;&nbsp;&nbsp;&nbsp;&nbsp; &nbsp;&nbsp;<\/strong>min. 1,5 Mpa<\/p>\n\n\n\n<p><strong>\u00c7ekirdek Malzeme Bas\u0131n\u00e7 Dayan\u0131m\u0131 (\u03c310) &nbsp;&nbsp;&nbsp;&nbsp;&nbsp;&nbsp;&nbsp;&nbsp;&nbsp;&nbsp;&nbsp;&nbsp;&nbsp;&nbsp;&nbsp;&nbsp;<\/strong>min. 0,095 Mpa<\/p>\n\n\n\n<p><strong>A\u00e7\u0131kl\u0131kta E\u011filme Moment Kapasitesi (Mu) &nbsp;&nbsp;&nbsp;&nbsp;&nbsp;&nbsp;&nbsp;&nbsp;&nbsp;&nbsp;&nbsp;&nbsp;&nbsp;&nbsp;&nbsp;&nbsp;&nbsp;<\/strong>min. 1,5 KNm\/m<\/p>\n","protected":false},"excerpt":{"rendered":"<p>3 Hadveli \u00c7at\u0131 Paneli Poli\u00fcretan Dolgulu Paneller Sipari\u015fe g\u00f6re istenilen boyutta \u00fcretim yap\u0131labilmektedir. Yap\u0131larda iklimsel ko\u015fullara uygun olarak \u0131s\u0131 yal\u0131t\u0131m\u0131 sa\u011flayan poli\u00fcretan \u0131s\u0131 iletkenli\u011fi en d\u00fc\u015f\u00fck olan malzemedir. Panellerin alt ve \u00fcst y\u00fczeylerinde kullan\u0131lan al\u00fcminyum ve galvanizli sa\u00e7 Coil Coating<\/p>\n","protected":false},"author":1,"featured_media":0,"parent":0,"menu_order":0,"comment_status":"closed","ping_status":"closed","template":"","meta":{"footnotes":""},"class_list":["post-52","page","type-page","status-publish","hentry"],"yoast_head":"<!-- This site is optimized with the Yoast SEO plugin v22.7 - https:\/\/yoast.com\/wordpress\/plugins\/seo\/ -->\n<title>3 Hadveli \u00c7at\u0131 Paneli -<\/title>\n<meta name=\"robots\" content=\"index, follow, max-snippet:-1, max-image-preview:large, max-video-preview:-1\" \/>\n<link rel=\"canonical\" href=\"https:\/\/aymetalkaplama.com\/index.php\/3-hadveli-cati-paneli\/\" \/>\n<meta property=\"og:locale\" content=\"tr_TR\" \/>\n<meta property=\"og:type\" content=\"article\" \/>\n<meta property=\"og:title\" content=\"3 Hadveli \u00c7at\u0131 Paneli -\" \/>\n<meta property=\"og:description\" content=\"3 Hadveli \u00c7at\u0131 Paneli Poli\u00fcretan Dolgulu Paneller Sipari\u015fe g\u00f6re istenilen boyutta \u00fcretim yap\u0131labilmektedir. Yap\u0131larda iklimsel ko\u015fullara uygun olarak \u0131s\u0131 yal\u0131t\u0131m\u0131 sa\u011flayan poli\u00fcretan \u0131s\u0131 iletkenli\u011fi en d\u00fc\u015f\u00fck olan malzemedir. Panellerin alt ve \u00fcst y\u00fczeylerinde kullan\u0131lan al\u00fcminyum ve galvanizli sa\u00e7 Coil Coating\" \/>\n<meta property=\"og:url\" content=\"https:\/\/aymetalkaplama.com\/index.php\/3-hadveli-cati-paneli\/\" \/>\n<meta property=\"article:modified_time\" content=\"2024-05-05T19:17:41+00:00\" \/>\n<meta property=\"og:image\" content=\"https:\/\/web.archive.org\/web\/20190102205335im_\/http:\/\/www.aymetalkaplama.com\/wp-content\/uploads\/2016\/06\/2-2-1024x511.jpg\" \/>\n<meta name=\"twitter:card\" content=\"summary_large_image\" \/>\n<meta name=\"twitter:label1\" content=\"Tahmini okuma s\u00fcresi\" \/>\n\t<meta name=\"twitter:data1\" content=\"3 dakika\" \/>\n<script type=\"application\/ld+json\" class=\"yoast-schema-graph\">{\"@context\":\"https:\/\/schema.org\",\"@graph\":[{\"@type\":\"WebPage\",\"@id\":\"https:\/\/aymetalkaplama.com\/index.php\/3-hadveli-cati-paneli\/\",\"url\":\"https:\/\/aymetalkaplama.com\/index.php\/3-hadveli-cati-paneli\/\",\"name\":\"3 Hadveli \u00c7at\u0131 Paneli -\",\"isPartOf\":{\"@id\":\"https:\/\/aymetalkaplama.com\/#website\"},\"primaryImageOfPage\":{\"@id\":\"https:\/\/aymetalkaplama.com\/index.php\/3-hadveli-cati-paneli\/#primaryimage\"},\"image\":{\"@id\":\"https:\/\/aymetalkaplama.com\/index.php\/3-hadveli-cati-paneli\/#primaryimage\"},\"thumbnailUrl\":\"https:\/\/web.archive.org\/web\/20190102205335im_\/http:\/\/www.aymetalkaplama.com\/wp-content\/uploads\/2016\/06\/2-2-1024x511.jpg\",\"datePublished\":\"2024-05-05T18:35:31+00:00\",\"dateModified\":\"2024-05-05T19:17:41+00:00\",\"breadcrumb\":{\"@id\":\"https:\/\/aymetalkaplama.com\/index.php\/3-hadveli-cati-paneli\/#breadcrumb\"},\"inLanguage\":\"tr\",\"potentialAction\":[{\"@type\":\"ReadAction\",\"target\":[\"https:\/\/aymetalkaplama.com\/index.php\/3-hadveli-cati-paneli\/\"]}]},{\"@type\":\"ImageObject\",\"inLanguage\":\"tr\",\"@id\":\"https:\/\/aymetalkaplama.com\/index.php\/3-hadveli-cati-paneli\/#primaryimage\",\"url\":\"https:\/\/web.archive.org\/web\/20190102205335im_\/http:\/\/www.aymetalkaplama.com\/wp-content\/uploads\/2016\/06\/2-2-1024x511.jpg\",\"contentUrl\":\"https:\/\/web.archive.org\/web\/20190102205335im_\/http:\/\/www.aymetalkaplama.com\/wp-content\/uploads\/2016\/06\/2-2-1024x511.jpg\"},{\"@type\":\"BreadcrumbList\",\"@id\":\"https:\/\/aymetalkaplama.com\/index.php\/3-hadveli-cati-paneli\/#breadcrumb\",\"itemListElement\":[{\"@type\":\"ListItem\",\"position\":1,\"name\":\"Anasayfa\",\"item\":\"https:\/\/aymetalkaplama.com\/\"},{\"@type\":\"ListItem\",\"position\":2,\"name\":\"3 Hadveli \u00c7at\u0131 Paneli\"}]},{\"@type\":\"WebSite\",\"@id\":\"https:\/\/aymetalkaplama.com\/#website\",\"url\":\"https:\/\/aymetalkaplama.com\/\",\"name\":\"\",\"description\":\"\",\"potentialAction\":[{\"@type\":\"SearchAction\",\"target\":{\"@type\":\"EntryPoint\",\"urlTemplate\":\"https:\/\/aymetalkaplama.com\/?s={search_term_string}\"},\"query-input\":\"required name=search_term_string\"}],\"inLanguage\":\"tr\"}]}<\/script>\n<!-- \/ Yoast SEO plugin. -->","yoast_head_json":{"title":"3 Hadveli \u00c7at\u0131 Paneli -","robots":{"index":"index","follow":"follow","max-snippet":"max-snippet:-1","max-image-preview":"max-image-preview:large","max-video-preview":"max-video-preview:-1"},"canonical":"https:\/\/aymetalkaplama.com\/index.php\/3-hadveli-cati-paneli\/","og_locale":"tr_TR","og_type":"article","og_title":"3 Hadveli \u00c7at\u0131 Paneli -","og_description":"3 Hadveli \u00c7at\u0131 Paneli Poli\u00fcretan Dolgulu Paneller Sipari\u015fe g\u00f6re istenilen boyutta \u00fcretim yap\u0131labilmektedir. Yap\u0131larda iklimsel ko\u015fullara uygun olarak \u0131s\u0131 yal\u0131t\u0131m\u0131 sa\u011flayan poli\u00fcretan \u0131s\u0131 iletkenli\u011fi en d\u00fc\u015f\u00fck olan malzemedir. Panellerin alt ve \u00fcst y\u00fczeylerinde kullan\u0131lan al\u00fcminyum ve galvanizli sa\u00e7 Coil Coating","og_url":"https:\/\/aymetalkaplama.com\/index.php\/3-hadveli-cati-paneli\/","article_modified_time":"2024-05-05T19:17:41+00:00","og_image":[{"url":"https:\/\/web.archive.org\/web\/20190102205335im_\/http:\/\/www.aymetalkaplama.com\/wp-content\/uploads\/2016\/06\/2-2-1024x511.jpg"}],"twitter_card":"summary_large_image","twitter_misc":{"Tahmini okuma s\u00fcresi":"3 dakika"},"schema":{"@context":"https:\/\/schema.org","@graph":[{"@type":"WebPage","@id":"https:\/\/aymetalkaplama.com\/index.php\/3-hadveli-cati-paneli\/","url":"https:\/\/aymetalkaplama.com\/index.php\/3-hadveli-cati-paneli\/","name":"3 Hadveli \u00c7at\u0131 Paneli -","isPartOf":{"@id":"https:\/\/aymetalkaplama.com\/#website"},"primaryImageOfPage":{"@id":"https:\/\/aymetalkaplama.com\/index.php\/3-hadveli-cati-paneli\/#primaryimage"},"image":{"@id":"https:\/\/aymetalkaplama.com\/index.php\/3-hadveli-cati-paneli\/#primaryimage"},"thumbnailUrl":"https:\/\/web.archive.org\/web\/20190102205335im_\/http:\/\/www.aymetalkaplama.com\/wp-content\/uploads\/2016\/06\/2-2-1024x511.jpg","datePublished":"2024-05-05T18:35:31+00:00","dateModified":"2024-05-05T19:17:41+00:00","breadcrumb":{"@id":"https:\/\/aymetalkaplama.com\/index.php\/3-hadveli-cati-paneli\/#breadcrumb"},"inLanguage":"tr","potentialAction":[{"@type":"ReadAction","target":["https:\/\/aymetalkaplama.com\/index.php\/3-hadveli-cati-paneli\/"]}]},{"@type":"ImageObject","inLanguage":"tr","@id":"https:\/\/aymetalkaplama.com\/index.php\/3-hadveli-cati-paneli\/#primaryimage","url":"https:\/\/web.archive.org\/web\/20190102205335im_\/http:\/\/www.aymetalkaplama.com\/wp-content\/uploads\/2016\/06\/2-2-1024x511.jpg","contentUrl":"https:\/\/web.archive.org\/web\/20190102205335im_\/http:\/\/www.aymetalkaplama.com\/wp-content\/uploads\/2016\/06\/2-2-1024x511.jpg"},{"@type":"BreadcrumbList","@id":"https:\/\/aymetalkaplama.com\/index.php\/3-hadveli-cati-paneli\/#breadcrumb","itemListElement":[{"@type":"ListItem","position":1,"name":"Anasayfa","item":"https:\/\/aymetalkaplama.com\/"},{"@type":"ListItem","position":2,"name":"3 Hadveli \u00c7at\u0131 Paneli"}]},{"@type":"WebSite","@id":"https:\/\/aymetalkaplama.com\/#website","url":"https:\/\/aymetalkaplama.com\/","name":"","description":"","potentialAction":[{"@type":"SearchAction","target":{"@type":"EntryPoint","urlTemplate":"https:\/\/aymetalkaplama.com\/?s={search_term_string}"},"query-input":"required name=search_term_string"}],"inLanguage":"tr"}]}},"_links":{"self":[{"href":"https:\/\/aymetalkaplama.com\/index.php\/wp-json\/wp\/v2\/pages\/52","targetHints":{"allow":["GET"]}}],"collection":[{"href":"https:\/\/aymetalkaplama.com\/index.php\/wp-json\/wp\/v2\/pages"}],"about":[{"href":"https:\/\/aymetalkaplama.com\/index.php\/wp-json\/wp\/v2\/types\/page"}],"author":[{"embeddable":true,"href":"https:\/\/aymetalkaplama.com\/index.php\/wp-json\/wp\/v2\/users\/1"}],"replies":[{"embeddable":true,"href":"https:\/\/aymetalkaplama.com\/index.php\/wp-json\/wp\/v2\/comments?post=52"}],"version-history":[{"count":3,"href":"https:\/\/aymetalkaplama.com\/index.php\/wp-json\/wp\/v2\/pages\/52\/revisions"}],"predecessor-version":[{"id":113,"href":"https:\/\/aymetalkaplama.com\/index.php\/wp-json\/wp\/v2\/pages\/52\/revisions\/113"}],"wp:attachment":[{"href":"https:\/\/aymetalkaplama.com\/index.php\/wp-json\/wp\/v2\/media?parent=52"}],"curies":[{"name":"wp","href":"https:\/\/api.w.org\/{rel}","templated":true}]}}