{"id":50,"date":"2024-05-05T18:35:31","date_gmt":"2024-05-05T18:35:31","guid":{"rendered":"https:\/\/aymetalkaplama.com\/?page_id=50"},"modified":"2024-05-06T10:03:48","modified_gmt":"2024-05-06T10:03:48","slug":"tamamlayici-elemanlar","status":"publish","type":"page","link":"https:\/\/aymetalkaplama.com\/index.php\/tamamlayici-elemanlar\/","title":{"rendered":"Tamamlay\u0131c\u0131 Elemanlar"},"content":{"rendered":"\n<h2 class=\"wp-block-heading\"><a href=\"https:\/\/web.archive.org\/web\/20190102232435\/http:\/\/www.aymetalkaplama.com\/tamamlayici-elemanlar\/\">Tamamlay\u0131c\u0131 Elemanlar<\/a><\/h2>\n\n\n\n<figure class=\"wp-block-image\"><img decoding=\"async\" src=\"https:\/\/web.archive.org\/web\/20190102232435im_\/http:\/\/egepoli.com.tr\/Upload\/images\/AKSESUAR.jpg\" alt=\"\"\/><\/figure>\n\n\n\n<figure class=\"wp-block-table\"><table><tbody><tr><td>D\u00fcz \u00dcst Mahya (A)<img decoding=\"async\" src=\"https:\/\/web.archive.org\/web\/20190102232435im_\/http:\/\/www.assanpanel.com.tr\/~\/media\/Images\/Pages-Inside\/Tamamlayici-Elemanlar\/DuzUstMahya.ashx\" alt=\"\"><\/td><td>B\u00fck\u00fcml\u00fc \u00dcst Mahya (A)<img decoding=\"async\" src=\"https:\/\/web.archive.org\/web\/20190102232435im_\/http:\/\/www.assanpanel.com.tr\/~\/media\/Images\/Pages-Inside\/Tamamlayici-Elemanlar\/BukumluUstMahya.ashx\" alt=\"\"><\/td><\/tr><tr><td>Alt Mahya (B)<img decoding=\"async\" src=\"https:\/\/web.archive.org\/web\/20190102232435im_\/http:\/\/www.assanpanel.com.tr\/~\/media\/Images\/Pages-Inside\/Tamamlayici-Elemanlar\/AltMahya.ashx\" alt=\"\"><\/td><td>Yan Sa\u00e7ak Mahya (C)<img decoding=\"async\" src=\"https:\/\/web.archive.org\/web\/20190102232435im_\/http:\/\/www.assanpanel.com.tr\/~\/media\/Images\/Pages-Inside\/Tamamlayici-Elemanlar\/YanSacakMahya.ashx\" alt=\"\"><\/td><\/tr><tr><td>S\u0131va Dibi (D)<img decoding=\"async\" src=\"https:\/\/web.archive.org\/web\/20190102232435im_\/http:\/\/www.assanpanel.com.tr\/~\/media\/Images\/Pages-Inside\/Tamamlayici-Elemanlar\/SivaDibi.ashx\" alt=\"\"><\/td><td>Cephe Alt Biti\u015f (D)<img decoding=\"async\" src=\"https:\/\/web.archive.org\/web\/20190102232435im_\/http:\/\/www.assanpanel.com.tr\/~\/media\/Images\/Pages-Inside\/Tamamlayici-Elemanlar\/CepheAltBitis.ashx\" alt=\"\"><\/td><\/tr><tr><td>Cephe Ek Aksesuar\u0131<img decoding=\"async\" src=\"https:\/\/web.archive.org\/web\/20190102232435im_\/http:\/\/www.assanpanel.com.tr\/~\/media\/Images\/Pages-Inside\/Tamamlayici-Elemanlar\/CepheEkAksesuari.ashx\" alt=\"\"><\/td><td>D\u0131\u015f ve \u0130\u00e7 K\u00f6\u015fe Aksesuarlar\u0131 (E)<img decoding=\"async\" src=\"https:\/\/web.archive.org\/web\/20190102232435im_\/http:\/\/www.assanpanel.com.tr\/~\/media\/Images\/Pages-Inside\/Tamamlayici-Elemanlar\/DisveIcKoseAksesuari.ashx\" alt=\"\"><\/td><\/tr><tr><td>Harpu\u015fta Aksesuar\u0131 (F)<img decoding=\"async\" src=\"https:\/\/web.archive.org\/web\/20190102232435im_\/http:\/\/www.assanpanel.com.tr\/~\/media\/Images\/Pages-Inside\/Tamamlayici-Elemanlar\/HarpustaAksesuari.ashx\" alt=\"\"><\/td><\/tr><\/tbody><\/table><\/figure>\n","protected":false},"excerpt":{"rendered":"<p>Tamamlay\u0131c\u0131 Elemanlar D\u00fcz \u00dcst Mahya (A) B\u00fck\u00fcml\u00fc \u00dcst Mahya (A) Alt Mahya (B) Yan Sa\u00e7ak Mahya (C) S\u0131va Dibi (D) Cephe Alt Biti\u015f (D) Cephe Ek Aksesuar\u0131 D\u0131\u015f ve \u0130\u00e7 K\u00f6\u015fe Aksesuarlar\u0131 (E) Harpu\u015fta Aksesuar\u0131 (F)<\/p>\n","protected":false},"author":1,"featured_media":0,"parent":0,"menu_order":0,"comment_status":"closed","ping_status":"closed","template":"","meta":{"footnotes":""},"class_list":["post-50","page","type-page","status-publish","hentry"],"yoast_head":"<!-- This site is optimized with the Yoast SEO plugin v22.7 - https:\/\/yoast.com\/wordpress\/plugins\/seo\/ -->\n<title>Tamamlay\u0131c\u0131 Elemanlar -<\/title>\n<meta name=\"robots\" content=\"index, follow, max-snippet:-1, max-image-preview:large, max-video-preview:-1\" \/>\n<link rel=\"canonical\" href=\"https:\/\/aymetalkaplama.com\/index.php\/tamamlayici-elemanlar\/\" \/>\n<meta property=\"og:locale\" content=\"tr_TR\" \/>\n<meta property=\"og:type\" content=\"article\" \/>\n<meta property=\"og:title\" content=\"Tamamlay\u0131c\u0131 Elemanlar -\" \/>\n<meta property=\"og:description\" content=\"Tamamlay\u0131c\u0131 Elemanlar D\u00fcz \u00dcst Mahya (A) B\u00fck\u00fcml\u00fc \u00dcst Mahya (A) Alt Mahya (B) Yan Sa\u00e7ak Mahya (C) S\u0131va Dibi (D) Cephe Alt Biti\u015f (D) Cephe Ek Aksesuar\u0131 D\u0131\u015f ve \u0130\u00e7 K\u00f6\u015fe Aksesuarlar\u0131 (E) Harpu\u015fta Aksesuar\u0131 (F)\" \/>\n<meta property=\"og:url\" content=\"https:\/\/aymetalkaplama.com\/index.php\/tamamlayici-elemanlar\/\" \/>\n<meta property=\"article:modified_time\" content=\"2024-05-06T10:03:48+00:00\" \/>\n<meta property=\"og:image\" content=\"https:\/\/web.archive.org\/web\/20190102232435im_\/http:\/\/egepoli.com.tr\/Upload\/images\/AKSESUAR.jpg\" \/>\n<meta name=\"twitter:card\" content=\"summary_large_image\" \/>\n<meta name=\"twitter:label1\" content=\"Tahmini okuma s\u00fcresi\" \/>\n\t<meta name=\"twitter:data1\" content=\"3 dakika\" \/>\n<script type=\"application\/ld+json\" class=\"yoast-schema-graph\">{\"@context\":\"https:\/\/schema.org\",\"@graph\":[{\"@type\":\"WebPage\",\"@id\":\"https:\/\/aymetalkaplama.com\/index.php\/tamamlayici-elemanlar\/\",\"url\":\"https:\/\/aymetalkaplama.com\/index.php\/tamamlayici-elemanlar\/\",\"name\":\"Tamamlay\u0131c\u0131 Elemanlar -\",\"isPartOf\":{\"@id\":\"https:\/\/aymetalkaplama.com\/#website\"},\"primaryImageOfPage\":{\"@id\":\"https:\/\/aymetalkaplama.com\/index.php\/tamamlayici-elemanlar\/#primaryimage\"},\"image\":{\"@id\":\"https:\/\/aymetalkaplama.com\/index.php\/tamamlayici-elemanlar\/#primaryimage\"},\"thumbnailUrl\":\"https:\/\/web.archive.org\/web\/20190102232435im_\/http:\/\/egepoli.com.tr\/Upload\/images\/AKSESUAR.jpg\",\"datePublished\":\"2024-05-05T18:35:31+00:00\",\"dateModified\":\"2024-05-06T10:03:48+00:00\",\"breadcrumb\":{\"@id\":\"https:\/\/aymetalkaplama.com\/index.php\/tamamlayici-elemanlar\/#breadcrumb\"},\"inLanguage\":\"tr\",\"potentialAction\":[{\"@type\":\"ReadAction\",\"target\":[\"https:\/\/aymetalkaplama.com\/index.php\/tamamlayici-elemanlar\/\"]}]},{\"@type\":\"ImageObject\",\"inLanguage\":\"tr\",\"@id\":\"https:\/\/aymetalkaplama.com\/index.php\/tamamlayici-elemanlar\/#primaryimage\",\"url\":\"https:\/\/web.archive.org\/web\/20190102232435im_\/http:\/\/egepoli.com.tr\/Upload\/images\/AKSESUAR.jpg\",\"contentUrl\":\"https:\/\/web.archive.org\/web\/20190102232435im_\/http:\/\/egepoli.com.tr\/Upload\/images\/AKSESUAR.jpg\"},{\"@type\":\"BreadcrumbList\",\"@id\":\"https:\/\/aymetalkaplama.com\/index.php\/tamamlayici-elemanlar\/#breadcrumb\",\"itemListElement\":[{\"@type\":\"ListItem\",\"position\":1,\"name\":\"Anasayfa\",\"item\":\"https:\/\/aymetalkaplama.com\/\"},{\"@type\":\"ListItem\",\"position\":2,\"name\":\"Tamamlay\u0131c\u0131 Elemanlar\"}]},{\"@type\":\"WebSite\",\"@id\":\"https:\/\/aymetalkaplama.com\/#website\",\"url\":\"https:\/\/aymetalkaplama.com\/\",\"name\":\"\",\"description\":\"\",\"potentialAction\":[{\"@type\":\"SearchAction\",\"target\":{\"@type\":\"EntryPoint\",\"urlTemplate\":\"https:\/\/aymetalkaplama.com\/?s={search_term_string}\"},\"query-input\":\"required name=search_term_string\"}],\"inLanguage\":\"tr\"}]}<\/script>\n<!-- \/ Yoast SEO plugin. -->","yoast_head_json":{"title":"Tamamlay\u0131c\u0131 Elemanlar -","robots":{"index":"index","follow":"follow","max-snippet":"max-snippet:-1","max-image-preview":"max-image-preview:large","max-video-preview":"max-video-preview:-1"},"canonical":"https:\/\/aymetalkaplama.com\/index.php\/tamamlayici-elemanlar\/","og_locale":"tr_TR","og_type":"article","og_title":"Tamamlay\u0131c\u0131 Elemanlar -","og_description":"Tamamlay\u0131c\u0131 Elemanlar D\u00fcz \u00dcst Mahya (A) B\u00fck\u00fcml\u00fc \u00dcst Mahya (A) Alt Mahya (B) Yan Sa\u00e7ak Mahya (C) S\u0131va Dibi (D) Cephe Alt Biti\u015f (D) Cephe Ek Aksesuar\u0131 D\u0131\u015f ve \u0130\u00e7 K\u00f6\u015fe Aksesuarlar\u0131 (E) Harpu\u015fta Aksesuar\u0131 (F)","og_url":"https:\/\/aymetalkaplama.com\/index.php\/tamamlayici-elemanlar\/","article_modified_time":"2024-05-06T10:03:48+00:00","og_image":[{"url":"https:\/\/web.archive.org\/web\/20190102232435im_\/http:\/\/egepoli.com.tr\/Upload\/images\/AKSESUAR.jpg"}],"twitter_card":"summary_large_image","twitter_misc":{"Tahmini okuma s\u00fcresi":"3 dakika"},"schema":{"@context":"https:\/\/schema.org","@graph":[{"@type":"WebPage","@id":"https:\/\/aymetalkaplama.com\/index.php\/tamamlayici-elemanlar\/","url":"https:\/\/aymetalkaplama.com\/index.php\/tamamlayici-elemanlar\/","name":"Tamamlay\u0131c\u0131 Elemanlar -","isPartOf":{"@id":"https:\/\/aymetalkaplama.com\/#website"},"primaryImageOfPage":{"@id":"https:\/\/aymetalkaplama.com\/index.php\/tamamlayici-elemanlar\/#primaryimage"},"image":{"@id":"https:\/\/aymetalkaplama.com\/index.php\/tamamlayici-elemanlar\/#primaryimage"},"thumbnailUrl":"https:\/\/web.archive.org\/web\/20190102232435im_\/http:\/\/egepoli.com.tr\/Upload\/images\/AKSESUAR.jpg","datePublished":"2024-05-05T18:35:31+00:00","dateModified":"2024-05-06T10:03:48+00:00","breadcrumb":{"@id":"https:\/\/aymetalkaplama.com\/index.php\/tamamlayici-elemanlar\/#breadcrumb"},"inLanguage":"tr","potentialAction":[{"@type":"ReadAction","target":["https:\/\/aymetalkaplama.com\/index.php\/tamamlayici-elemanlar\/"]}]},{"@type":"ImageObject","inLanguage":"tr","@id":"https:\/\/aymetalkaplama.com\/index.php\/tamamlayici-elemanlar\/#primaryimage","url":"https:\/\/web.archive.org\/web\/20190102232435im_\/http:\/\/egepoli.com.tr\/Upload\/images\/AKSESUAR.jpg","contentUrl":"https:\/\/web.archive.org\/web\/20190102232435im_\/http:\/\/egepoli.com.tr\/Upload\/images\/AKSESUAR.jpg"},{"@type":"BreadcrumbList","@id":"https:\/\/aymetalkaplama.com\/index.php\/tamamlayici-elemanlar\/#breadcrumb","itemListElement":[{"@type":"ListItem","position":1,"name":"Anasayfa","item":"https:\/\/aymetalkaplama.com\/"},{"@type":"ListItem","position":2,"name":"Tamamlay\u0131c\u0131 Elemanlar"}]},{"@type":"WebSite","@id":"https:\/\/aymetalkaplama.com\/#website","url":"https:\/\/aymetalkaplama.com\/","name":"","description":"","potentialAction":[{"@type":"SearchAction","target":{"@type":"EntryPoint","urlTemplate":"https:\/\/aymetalkaplama.com\/?s={search_term_string}"},"query-input":"required name=search_term_string"}],"inLanguage":"tr"}]}},"_links":{"self":[{"href":"https:\/\/aymetalkaplama.com\/index.php\/wp-json\/wp\/v2\/pages\/50","targetHints":{"allow":["GET"]}}],"collection":[{"href":"https:\/\/aymetalkaplama.com\/index.php\/wp-json\/wp\/v2\/pages"}],"about":[{"href":"https:\/\/aymetalkaplama.com\/index.php\/wp-json\/wp\/v2\/types\/page"}],"author":[{"embeddable":true,"href":"https:\/\/aymetalkaplama.com\/index.php\/wp-json\/wp\/v2\/users\/1"}],"replies":[{"embeddable":true,"href":"https:\/\/aymetalkaplama.com\/index.php\/wp-json\/wp\/v2\/comments?post=50"}],"version-history":[{"count":2,"href":"https:\/\/aymetalkaplama.com\/index.php\/wp-json\/wp\/v2\/pages\/50\/revisions"}],"predecessor-version":[{"id":120,"href":"https:\/\/aymetalkaplama.com\/index.php\/wp-json\/wp\/v2\/pages\/50\/revisions\/120"}],"wp:attachment":[{"href":"https:\/\/aymetalkaplama.com\/index.php\/wp-json\/wp\/v2\/media?parent=50"}],"curies":[{"name":"wp","href":"https:\/\/api.w.org\/{rel}","templated":true}]}}