{"id":48,"date":"2024-05-05T18:35:31","date_gmt":"2024-05-05T18:35:31","guid":{"rendered":"https:\/\/aymetalkaplama.com\/?page_id=48"},"modified":"2024-05-17T08:57:32","modified_gmt":"2024-05-17T08:57:32","slug":"trapez-levha","status":"publish","type":"page","link":"https:\/\/aymetalkaplama.com\/index.php\/trapez-levha\/","title":{"rendered":"Trapez Levha"},"content":{"rendered":"\n<p class=\"has-small-font-size\"><strong>Faydal\u0131 En&nbsp;:<\/strong>&nbsp;800 mm. (Tolerans: \u00b13 mm.)<\/p>\n\n\n\n<p class=\"has-small-font-size\"><strong>Levha Uzunlu\u011fu :<\/strong>&nbsp;Min. 1000 mm.-Max.12.000 mm.<\/p>\n\n\n\n<p class=\"has-small-font-size\"><strong>Kullan\u0131m Yeri :<\/strong>&nbsp;\u00c7at\u0131 ve Cephe<\/p>\n\n\n\n<p class=\"has-small-font-size\"><strong>Levha Kal\u0131nl\u0131\u011f\u0131 :<\/strong>&nbsp;0.40 mm.- 1.20 mm. Boyal\u0131 Galvaniz Sac<\/p>\n\n\n\n<p class=\"has-small-font-size\">27\/200 formunda boyal\u0131 galvaniz sac yada al\u00fcminyumdan imal edilen tek kat trapezdir. 5 hadvelidir. 800 mm. net uygulama geni\u015fli\u011fine sahiptir.<\/p>\n\n\n\n<figure class=\"wp-block-image\"><img decoding=\"async\" src=\"https:\/\/web.archive.org\/web\/20190102233956im_\/http:\/\/www.aymetalkaplama.com\/\/wp-content\/uploads\/2016\/06\/2-300x131.png\" alt=\"2\" class=\"wp-image-1655\"\/><\/figure>\n\n\n\n<p class=\"has-small-font-size\"><strong>Faydal\u0131 En :<\/strong>&nbsp;1000 mm. (Tolerans: \u00b13 mm.)<\/p>\n\n\n\n<p class=\"has-small-font-size\"><strong>Levha Uzunlu\u011fu :&nbsp;<\/strong>Min. 1000 mm.-Max.12.000 mm.<\/p>\n\n\n\n<p class=\"has-small-font-size\"><strong>Kullan\u0131m Yeri :<\/strong>&nbsp;\u00c7at\u0131 ve Cephe<\/p>\n\n\n\n<p class=\"has-small-font-size\"><strong>Levha Kal\u0131nl\u0131\u011f\u0131 :<\/strong>&nbsp;0.40 mm.- 1.20 mm. Boyal\u0131 Galvaniz Sac<\/p>\n\n\n\n<p class=\"has-small-font-size\">27\/200 formunda boyal\u0131 galvaniz sac yada al\u00fcminyumdan imal edilen tek kat trapezdir. 6 hadvelidir. 1000 mm. net uygulama geni\u015fli\u011fine sahiptir.<\/p>\n\n\n\n<figure class=\"wp-block-image\"><a href=\"https:\/\/web.archive.org\/web\/20190102233956\/http:\/\/www.aymetalkaplama.com\/\/wp-content\/uploads\/2016\/06\/3.png\"><img decoding=\"async\" src=\"https:\/\/web.archive.org\/web\/20190102233956im_\/http:\/\/www.aymetalkaplama.com\/\/wp-content\/uploads\/2016\/06\/3-300x131.png\" alt=\"3\" class=\"wp-image-1656\"\/><\/a><\/figure>\n\n\n\n<p class=\"has-small-font-size\"><strong>Faydal\u0131 En :<\/strong>&nbsp;755 mm. (Tolerans: \u00b13 mm.)<\/p>\n\n\n\n<p class=\"has-small-font-size\"><strong>Levha Uzunlu\u011fu :<\/strong>&nbsp;Min. 1000 mm.-Max.12.000 mm.<\/p>\n\n\n\n<p class=\"has-small-font-size\"><strong>Kullan\u0131m Yeri :<\/strong>&nbsp;\u00c7at\u0131 ve Cephe<\/p>\n\n\n\n<p class=\"has-small-font-size\"><strong>Levha Kal\u0131nl\u0131\u011f\u0131:<\/strong>&nbsp;0.50 mm.- 0.80 mm. Boyal\u0131 Galvaniz Sac<br>38\/151 formunda boyal\u0131 galvaniz sac yada al\u00fcminyumdan imal edilen tek kat trapezdir. 6 hadveli net uygulama geni\u015fli\u011fi 755 mm. olarak \u00fcretilebilir.<\/p>\n\n\n\n<figure class=\"wp-block-image\"><a href=\"https:\/\/web.archive.org\/web\/20190102233956\/http:\/\/www.aymetalkaplama.com\/\/wp-content\/uploads\/2016\/06\/4.png\"><img decoding=\"async\" src=\"https:\/\/web.archive.org\/web\/20190102233956im_\/http:\/\/www.aymetalkaplama.com\/\/wp-content\/uploads\/2016\/06\/4-300x130.png\" alt=\"4\" class=\"wp-image-1657\"\/><\/a><\/figure>\n\n\n\n<p class=\"has-small-font-size\"><strong>Faydal\u0131 En :<\/strong>&nbsp;906 mm. (Tolerans: \u00b13 mm.)<\/p>\n\n\n\n<p class=\"has-small-font-size\"><strong>Levha Uzunlu\u011fu :&nbsp;<\/strong>Min. 1000 mm.-Max.12.000 mm.<\/p>\n\n\n\n<p class=\"has-small-font-size\"><strong>Kullan\u0131m Yeri :<\/strong>&nbsp;\u00c7at\u0131 ve Cephe<\/p>\n\n\n\n<p class=\"has-small-font-size\"><strong>Levha Kal\u0131nl\u0131\u011f\u0131:<\/strong>&nbsp;0.50 mm.- 0.80 mm. Boyal\u0131 Galvaniz Sac<\/p>\n\n\n\n<p class=\"has-small-font-size\">38\/151 formunda boyal\u0131 galvaniz sac yada al\u00fcminyumdan imal edilen tek kat trapezdir. 7 hadvelidir. 906 mm. net uygulama geni\u015fli\u011fine sahiptir.<\/p>\n\n\n\n<p class=\"has-small-font-size\"><\/p>\n","protected":false},"excerpt":{"rendered":"<p>Faydal\u0131 En&nbsp;:&nbsp;800 mm. (Tolerans: \u00b13 mm.) Levha Uzunlu\u011fu :&nbsp;Min. 1000 mm.-Max.12.000 mm. Kullan\u0131m Yeri :&nbsp;\u00c7at\u0131 ve Cephe Levha Kal\u0131nl\u0131\u011f\u0131 :&nbsp;0.40 mm.- 1.20 mm. Boyal\u0131 Galvaniz Sac 27\/200 formunda boyal\u0131 galvaniz sac yada al\u00fcminyumdan imal edilen tek kat trapezdir. 5 hadvelidir.<\/p>\n","protected":false},"author":1,"featured_media":0,"parent":0,"menu_order":0,"comment_status":"closed","ping_status":"closed","template":"","meta":{"footnotes":""},"class_list":["post-48","page","type-page","status-publish","hentry"],"yoast_head":"<!-- This site is optimized with the Yoast SEO plugin v22.7 - https:\/\/yoast.com\/wordpress\/plugins\/seo\/ -->\n<title>Trapez Levha -<\/title>\n<meta name=\"robots\" content=\"index, follow, max-snippet:-1, max-image-preview:large, max-video-preview:-1\" \/>\n<link rel=\"canonical\" href=\"https:\/\/aymetalkaplama.com\/index.php\/trapez-levha\/\" \/>\n<meta property=\"og:locale\" content=\"tr_TR\" \/>\n<meta property=\"og:type\" content=\"article\" \/>\n<meta property=\"og:title\" content=\"Trapez Levha -\" \/>\n<meta property=\"og:description\" content=\"Faydal\u0131 En&nbsp;:&nbsp;800 mm. (Tolerans: \u00b13 mm.) Levha Uzunlu\u011fu :&nbsp;Min. 1000 mm.-Max.12.000 mm. Kullan\u0131m Yeri :&nbsp;\u00c7at\u0131 ve Cephe Levha Kal\u0131nl\u0131\u011f\u0131 :&nbsp;0.40 mm.- 1.20 mm. Boyal\u0131 Galvaniz Sac 27\/200 formunda boyal\u0131 galvaniz sac yada al\u00fcminyumdan imal edilen tek kat trapezdir. 5 hadvelidir.\" \/>\n<meta property=\"og:url\" content=\"https:\/\/aymetalkaplama.com\/index.php\/trapez-levha\/\" \/>\n<meta property=\"article:modified_time\" content=\"2024-05-17T08:57:32+00:00\" \/>\n<meta property=\"og:image\" content=\"https:\/\/web.archive.org\/web\/20190102233956im_\/http:\/\/www.aymetalkaplama.com\/\/wp-content\/uploads\/2016\/06\/2-300x131.png\" \/>\n<meta name=\"twitter:card\" content=\"summary_large_image\" \/>\n<meta name=\"twitter:label1\" content=\"Tahmini okuma s\u00fcresi\" \/>\n\t<meta name=\"twitter:data1\" content=\"2 dakika\" \/>\n<script type=\"application\/ld+json\" class=\"yoast-schema-graph\">{\"@context\":\"https:\/\/schema.org\",\"@graph\":[{\"@type\":\"WebPage\",\"@id\":\"https:\/\/aymetalkaplama.com\/index.php\/trapez-levha\/\",\"url\":\"https:\/\/aymetalkaplama.com\/index.php\/trapez-levha\/\",\"name\":\"Trapez Levha -\",\"isPartOf\":{\"@id\":\"https:\/\/aymetalkaplama.com\/#website\"},\"primaryImageOfPage\":{\"@id\":\"https:\/\/aymetalkaplama.com\/index.php\/trapez-levha\/#primaryimage\"},\"image\":{\"@id\":\"https:\/\/aymetalkaplama.com\/index.php\/trapez-levha\/#primaryimage\"},\"thumbnailUrl\":\"https:\/\/web.archive.org\/web\/20190102233956im_\/http:\/\/www.aymetalkaplama.com\/\/wp-content\/uploads\/2016\/06\/2-300x131.png\",\"datePublished\":\"2024-05-05T18:35:31+00:00\",\"dateModified\":\"2024-05-17T08:57:32+00:00\",\"breadcrumb\":{\"@id\":\"https:\/\/aymetalkaplama.com\/index.php\/trapez-levha\/#breadcrumb\"},\"inLanguage\":\"tr\",\"potentialAction\":[{\"@type\":\"ReadAction\",\"target\":[\"https:\/\/aymetalkaplama.com\/index.php\/trapez-levha\/\"]}]},{\"@type\":\"ImageObject\",\"inLanguage\":\"tr\",\"@id\":\"https:\/\/aymetalkaplama.com\/index.php\/trapez-levha\/#primaryimage\",\"url\":\"https:\/\/web.archive.org\/web\/20190102233956im_\/http:\/\/www.aymetalkaplama.com\/\/wp-content\/uploads\/2016\/06\/2-300x131.png\",\"contentUrl\":\"https:\/\/web.archive.org\/web\/20190102233956im_\/http:\/\/www.aymetalkaplama.com\/\/wp-content\/uploads\/2016\/06\/2-300x131.png\"},{\"@type\":\"BreadcrumbList\",\"@id\":\"https:\/\/aymetalkaplama.com\/index.php\/trapez-levha\/#breadcrumb\",\"itemListElement\":[{\"@type\":\"ListItem\",\"position\":1,\"name\":\"Anasayfa\",\"item\":\"https:\/\/aymetalkaplama.com\/\"},{\"@type\":\"ListItem\",\"position\":2,\"name\":\"Trapez Levha\"}]},{\"@type\":\"WebSite\",\"@id\":\"https:\/\/aymetalkaplama.com\/#website\",\"url\":\"https:\/\/aymetalkaplama.com\/\",\"name\":\"\",\"description\":\"\",\"potentialAction\":[{\"@type\":\"SearchAction\",\"target\":{\"@type\":\"EntryPoint\",\"urlTemplate\":\"https:\/\/aymetalkaplama.com\/?s={search_term_string}\"},\"query-input\":\"required name=search_term_string\"}],\"inLanguage\":\"tr\"}]}<\/script>\n<!-- \/ Yoast SEO plugin. -->","yoast_head_json":{"title":"Trapez Levha -","robots":{"index":"index","follow":"follow","max-snippet":"max-snippet:-1","max-image-preview":"max-image-preview:large","max-video-preview":"max-video-preview:-1"},"canonical":"https:\/\/aymetalkaplama.com\/index.php\/trapez-levha\/","og_locale":"tr_TR","og_type":"article","og_title":"Trapez Levha -","og_description":"Faydal\u0131 En&nbsp;:&nbsp;800 mm. (Tolerans: \u00b13 mm.) Levha Uzunlu\u011fu :&nbsp;Min. 1000 mm.-Max.12.000 mm. Kullan\u0131m Yeri :&nbsp;\u00c7at\u0131 ve Cephe Levha Kal\u0131nl\u0131\u011f\u0131 :&nbsp;0.40 mm.- 1.20 mm. Boyal\u0131 Galvaniz Sac 27\/200 formunda boyal\u0131 galvaniz sac yada al\u00fcminyumdan imal edilen tek kat trapezdir. 5 hadvelidir.","og_url":"https:\/\/aymetalkaplama.com\/index.php\/trapez-levha\/","article_modified_time":"2024-05-17T08:57:32+00:00","og_image":[{"url":"https:\/\/web.archive.org\/web\/20190102233956im_\/http:\/\/www.aymetalkaplama.com\/\/wp-content\/uploads\/2016\/06\/2-300x131.png"}],"twitter_card":"summary_large_image","twitter_misc":{"Tahmini okuma s\u00fcresi":"2 dakika"},"schema":{"@context":"https:\/\/schema.org","@graph":[{"@type":"WebPage","@id":"https:\/\/aymetalkaplama.com\/index.php\/trapez-levha\/","url":"https:\/\/aymetalkaplama.com\/index.php\/trapez-levha\/","name":"Trapez Levha -","isPartOf":{"@id":"https:\/\/aymetalkaplama.com\/#website"},"primaryImageOfPage":{"@id":"https:\/\/aymetalkaplama.com\/index.php\/trapez-levha\/#primaryimage"},"image":{"@id":"https:\/\/aymetalkaplama.com\/index.php\/trapez-levha\/#primaryimage"},"thumbnailUrl":"https:\/\/web.archive.org\/web\/20190102233956im_\/http:\/\/www.aymetalkaplama.com\/\/wp-content\/uploads\/2016\/06\/2-300x131.png","datePublished":"2024-05-05T18:35:31+00:00","dateModified":"2024-05-17T08:57:32+00:00","breadcrumb":{"@id":"https:\/\/aymetalkaplama.com\/index.php\/trapez-levha\/#breadcrumb"},"inLanguage":"tr","potentialAction":[{"@type":"ReadAction","target":["https:\/\/aymetalkaplama.com\/index.php\/trapez-levha\/"]}]},{"@type":"ImageObject","inLanguage":"tr","@id":"https:\/\/aymetalkaplama.com\/index.php\/trapez-levha\/#primaryimage","url":"https:\/\/web.archive.org\/web\/20190102233956im_\/http:\/\/www.aymetalkaplama.com\/\/wp-content\/uploads\/2016\/06\/2-300x131.png","contentUrl":"https:\/\/web.archive.org\/web\/20190102233956im_\/http:\/\/www.aymetalkaplama.com\/\/wp-content\/uploads\/2016\/06\/2-300x131.png"},{"@type":"BreadcrumbList","@id":"https:\/\/aymetalkaplama.com\/index.php\/trapez-levha\/#breadcrumb","itemListElement":[{"@type":"ListItem","position":1,"name":"Anasayfa","item":"https:\/\/aymetalkaplama.com\/"},{"@type":"ListItem","position":2,"name":"Trapez Levha"}]},{"@type":"WebSite","@id":"https:\/\/aymetalkaplama.com\/#website","url":"https:\/\/aymetalkaplama.com\/","name":"","description":"","potentialAction":[{"@type":"SearchAction","target":{"@type":"EntryPoint","urlTemplate":"https:\/\/aymetalkaplama.com\/?s={search_term_string}"},"query-input":"required name=search_term_string"}],"inLanguage":"tr"}]}},"_links":{"self":[{"href":"https:\/\/aymetalkaplama.com\/index.php\/wp-json\/wp\/v2\/pages\/48","targetHints":{"allow":["GET"]}}],"collection":[{"href":"https:\/\/aymetalkaplama.com\/index.php\/wp-json\/wp\/v2\/pages"}],"about":[{"href":"https:\/\/aymetalkaplama.com\/index.php\/wp-json\/wp\/v2\/types\/page"}],"author":[{"embeddable":true,"href":"https:\/\/aymetalkaplama.com\/index.php\/wp-json\/wp\/v2\/users\/1"}],"replies":[{"embeddable":true,"href":"https:\/\/aymetalkaplama.com\/index.php\/wp-json\/wp\/v2\/comments?post=48"}],"version-history":[{"count":2,"href":"https:\/\/aymetalkaplama.com\/index.php\/wp-json\/wp\/v2\/pages\/48\/revisions"}],"predecessor-version":[{"id":193,"href":"https:\/\/aymetalkaplama.com\/index.php\/wp-json\/wp\/v2\/pages\/48\/revisions\/193"}],"wp:attachment":[{"href":"https:\/\/aymetalkaplama.com\/index.php\/wp-json\/wp\/v2\/media?parent=48"}],"curies":[{"name":"wp","href":"https:\/\/api.w.org\/{rel}","templated":true}]}}