{"id":16,"date":"2024-05-05T18:28:36","date_gmt":"2024-05-05T18:28:36","guid":{"rendered":"https:\/\/aymetalkaplama.com\/?page_id=16"},"modified":"2024-05-17T07:33:38","modified_gmt":"2024-05-17T07:33:38","slug":"referanslar","status":"publish","type":"page","link":"https:\/\/aymetalkaplama.com\/index.php\/referanslar\/","title":{"rendered":"REFERANSLAR"},"content":{"rendered":"\n<figure class=\"wp-block-table has-medium-font-size\"><table><tbody><tr><td class=\"has-text-align-center\" data-align=\"center\"><strong>\u0130\u015e\u0130N ADI<\/strong><\/td><td class=\"has-text-align-center\" data-align=\"center\"><strong>\u0130\u015e YER\u0130<\/strong><\/td><td class=\"has-text-align-center\" data-align=\"center\"><strong>M\u0130KTAR<\/strong><\/td><td class=\"has-text-align-center\" data-align=\"center\"><strong>MALZEME C\u0130NS\u0130<\/strong><\/td><\/tr><tr><td class=\"has-text-align-center\" data-align=\"center\"><strong>Merih Asans\u00f6r A.\u015e.<\/strong><br><strong>( Ostim Fabrika Binas\u0131)<\/strong><\/td><td class=\"has-text-align-center\" data-align=\"center\">Ankara<\/td><td class=\"has-text-align-center\" data-align=\"center\">750 m2&nbsp; \u2013 40mm Rall 9002<\/td><td class=\"has-text-align-center\" data-align=\"center\">\u00c7at\u0131 Paneli<\/td><\/tr><tr><td class=\"has-text-align-center\" data-align=\"center\"><strong>SPD Baraj Sistemleri&nbsp; Ltd. \u015eti.<\/strong><\/td><td class=\"has-text-align-center\" data-align=\"center\">Ordu<\/td><td class=\"has-text-align-center\" data-align=\"center\">2.500 m2&nbsp; 50 mm Rall 5017<\/td><td class=\"has-text-align-center\" data-align=\"center\">\u00c7at\u0131 Cephe Paneli<\/td><\/tr><tr><td class=\"has-text-align-center\" data-align=\"center\"><strong>\u00d6z F\u0131nd\u0131k Entegre A.\u015e<\/strong><br><strong>( Fabrika Binas\u0131)<\/strong><\/td><td class=\"has-text-align-center\" data-align=\"center\">Samsun (\u00c7ar\u015famba)<\/td><td class=\"has-text-align-center\" data-align=\"center\">4.500 m2&nbsp; 50 mm Rall 9002<\/td><td class=\"has-text-align-center\" data-align=\"center\">\u00c7at\u0131 Cephe Paneli<\/td><\/tr><tr><td class=\"has-text-align-center\" data-align=\"center\"><strong>Okan Cam Ltd.\u015eti.<\/strong><br><strong>(D\u00fczce Cam)( Fabrika Binas\u0131)<\/strong><\/td><td class=\"has-text-align-center\" data-align=\"center\">Samsun \u2013 Kavak 2015<\/td><td class=\"has-text-align-center\" data-align=\"center\">10.300 m2&nbsp; 50 mm Rall 9002<\/td><td class=\"has-text-align-center\" data-align=\"center\">\u00c7at\u0131 Cephe Paneli<\/td><\/tr><tr><td class=\"has-text-align-center\" data-align=\"center\"><strong>MG M\u00fchendislik Ltd. \u015eti. (Fabrika Binas\u0131)<\/strong><\/td><td class=\"has-text-align-center\" data-align=\"center\">Samsun \u2013 (Sagimat)<\/td><td class=\"has-text-align-center\" data-align=\"center\">1.850 m2&nbsp; 40 mm Rall 9002<\/td><td class=\"has-text-align-center\" data-align=\"center\">\u00c7at\u0131 Paneli<\/td><\/tr><tr><td class=\"has-text-align-center\" data-align=\"center\"><strong>MG M\u00fchendislik Ltd. \u015eti. (Fabrika Binas\u0131<\/strong>)<\/td><td class=\"has-text-align-center\" data-align=\"center\">Samsun(Ankara Yolu)<\/td><td class=\"has-text-align-center\" data-align=\"center\">2.300 m2&nbsp; 40 mm Rall 9002<\/td><td class=\"has-text-align-center\" data-align=\"center\">\u00c7at\u0131 Paneli<\/td><\/tr><tr><td class=\"has-text-align-center\" data-align=\"center\"><strong>Sevin\u00e7 Makine A.\u015f.<\/strong><br><strong>( G\u00fcrcistan Hes Proje \u00c7at\u0131 ve Cephe Paneli)<\/strong><\/td><td class=\"has-text-align-center\" data-align=\"center\">G\u00fcrcistan (Batum)<\/td><td class=\"has-text-align-center\" data-align=\"center\">1.500 m2&nbsp; 60 mm Rall 9002<\/td><td class=\"has-text-align-center\" data-align=\"center\">\u00c7at\u0131 Cephe Paneli<\/td><\/tr><tr><td class=\"has-text-align-center\" data-align=\"center\"><strong>Betonta\u015f Prefabrik ve Yap\u0131 Elamanlar\u0131 Ltd. \u015eti.<\/strong><br><strong> (\u0130malat Binas\u0131)<\/strong><\/td><td class=\"has-text-align-center\" data-align=\"center\">Samsun<\/td><td class=\"has-text-align-center\" data-align=\"center\">5.000 m2&nbsp; 0,70 mm Rall 5010<\/td><td class=\"has-text-align-center\" data-align=\"center\">Trapez \u00c7at\u0131<\/td><\/tr><tr><td class=\"has-text-align-center\" data-align=\"center\"><strong>Sim\u00e7elik Haddecilik Ltd.\u015eti. (Fabrika Binas\u0131)<\/strong><\/td><td class=\"has-text-align-center\" data-align=\"center\">Karab\u00fck<\/td><td class=\"has-text-align-center\" data-align=\"center\">1.600 m2&nbsp; 0,70 mm Rall 9002<\/td><td class=\"has-text-align-center\" data-align=\"center\">Trapez \u00c7at\u0131<\/td><\/tr><tr><td class=\"has-text-align-center\" data-align=\"center\"><strong>Baki Otomotiv<\/strong><\/td><td class=\"has-text-align-center\" data-align=\"center\">Samsun<\/td><td class=\"has-text-align-center\" data-align=\"center\">440 m2 40mm RALL 9002<\/td><td class=\"has-text-align-center\" data-align=\"center\">\u00c7at\u0131 Paneli<\/td><\/tr><tr><td class=\"has-text-align-center\" data-align=\"center\"><strong>MG M\u00fchendislik Ltd. \u015eti. (Fabrika Binas\u0131<\/strong>)<\/td><td class=\"has-text-align-center\" data-align=\"center\">Samsun(Ankara Yolu)<\/td><td class=\"has-text-align-center\" data-align=\"center\">2.300 m2&nbsp; 40 mm Rall 9002<\/td><td class=\"has-text-align-center\" data-align=\"center\">\u00c7at\u0131 Paneli<\/td><\/tr><tr><td class=\"has-text-align-center\" data-align=\"center\"><strong>\u00dc\u00e7ar Gayrimenkul \u0130n\u015faat Ltd.\u015eti. ( Fabrika Binas\u0131)<\/strong><\/td><td class=\"has-text-align-center\" data-align=\"center\">Amasya \u2013 2016<\/td><td class=\"has-text-align-center\" data-align=\"center\">: 8.500 m\u00b2 40 mm Rall 9002<\/td><td class=\"has-text-align-center\" data-align=\"center\">\u00c7at\u0131 Paneli<\/td><\/tr><tr><td class=\"has-text-align-center\" data-align=\"center\"><strong>\u00d6zden Kimya ve Plastik A.\u015e. <\/strong><br><strong>( Smart Boya)<\/strong><\/td><td class=\"has-text-align-center\" data-align=\"center\">Ankara Keresteciler \u2013 2016<\/td><td class=\"has-text-align-center\" data-align=\"center\">8.500 m\u00b2 60mm Rall 9002 Kepli<\/td><td class=\"has-text-align-center\" data-align=\"center\">\u00c7at\u0131 Paneli<\/td><\/tr><tr><td class=\"has-text-align-center\" data-align=\"center\"><strong>Altunek PVC Ltd. \u015eti. \u2013 (Fabrika Binas\u0131)<\/strong><\/td><td class=\"has-text-align-center\" data-align=\"center\">Tokat Organize Sanayi&nbsp; \u2013 2016<\/td><td class=\"has-text-align-center\" data-align=\"center\">2.000 m\u00b2 50mm Rall 9002<\/td><td class=\"has-text-align-center\" data-align=\"center\">\u00c7at\u0131 ve Cephe Paneli<\/td><\/tr><\/tbody><\/table><\/figure>\n","protected":false},"excerpt":{"rendered":"<p>\u0130\u015e\u0130N ADI \u0130\u015e YER\u0130 M\u0130KTAR MALZEME C\u0130NS\u0130 Merih Asans\u00f6r A.\u015e.( Ostim Fabrika Binas\u0131) Ankara 750 m2&nbsp; \u2013 40mm Rall 9002 \u00c7at\u0131 Paneli SPD Baraj Sistemleri&nbsp; Ltd. \u015eti. Ordu 2.500 m2&nbsp; 50 mm Rall 5017 \u00c7at\u0131 Cephe Paneli \u00d6z F\u0131nd\u0131k Entegre<\/p>\n","protected":false},"author":1,"featured_media":0,"parent":0,"menu_order":0,"comment_status":"closed","ping_status":"closed","template":"","meta":{"footnotes":""},"class_list":["post-16","page","type-page","status-publish","hentry"],"yoast_head":"<!-- This site is optimized with the Yoast SEO plugin v22.7 - https:\/\/yoast.com\/wordpress\/plugins\/seo\/ -->\n<title>REFERANSLAR -<\/title>\n<meta name=\"robots\" content=\"index, follow, max-snippet:-1, max-image-preview:large, max-video-preview:-1\" \/>\n<link rel=\"canonical\" href=\"https:\/\/aymetalkaplama.com\/index.php\/referanslar\/\" \/>\n<meta property=\"og:locale\" content=\"tr_TR\" \/>\n<meta property=\"og:type\" content=\"article\" \/>\n<meta property=\"og:title\" content=\"REFERANSLAR -\" \/>\n<meta property=\"og:description\" content=\"\u0130\u015e\u0130N ADI \u0130\u015e YER\u0130 M\u0130KTAR MALZEME C\u0130NS\u0130 Merih Asans\u00f6r A.\u015e.( Ostim Fabrika Binas\u0131) Ankara 750 m2&nbsp; \u2013 40mm Rall 9002 \u00c7at\u0131 Paneli SPD Baraj Sistemleri&nbsp; Ltd. \u015eti. Ordu 2.500 m2&nbsp; 50 mm Rall 5017 \u00c7at\u0131 Cephe Paneli \u00d6z F\u0131nd\u0131k Entegre\" \/>\n<meta property=\"og:url\" content=\"https:\/\/aymetalkaplama.com\/index.php\/referanslar\/\" \/>\n<meta property=\"article:modified_time\" content=\"2024-05-17T07:33:38+00:00\" \/>\n<meta name=\"twitter:card\" content=\"summary_large_image\" \/>\n<meta name=\"twitter:label1\" content=\"Tahmini okuma s\u00fcresi\" \/>\n\t<meta name=\"twitter:data1\" content=\"2 dakika\" \/>\n<script type=\"application\/ld+json\" class=\"yoast-schema-graph\">{\"@context\":\"https:\/\/schema.org\",\"@graph\":[{\"@type\":\"WebPage\",\"@id\":\"https:\/\/aymetalkaplama.com\/index.php\/referanslar\/\",\"url\":\"https:\/\/aymetalkaplama.com\/index.php\/referanslar\/\",\"name\":\"REFERANSLAR -\",\"isPartOf\":{\"@id\":\"https:\/\/aymetalkaplama.com\/#website\"},\"datePublished\":\"2024-05-05T18:28:36+00:00\",\"dateModified\":\"2024-05-17T07:33:38+00:00\",\"breadcrumb\":{\"@id\":\"https:\/\/aymetalkaplama.com\/index.php\/referanslar\/#breadcrumb\"},\"inLanguage\":\"tr\",\"potentialAction\":[{\"@type\":\"ReadAction\",\"target\":[\"https:\/\/aymetalkaplama.com\/index.php\/referanslar\/\"]}]},{\"@type\":\"BreadcrumbList\",\"@id\":\"https:\/\/aymetalkaplama.com\/index.php\/referanslar\/#breadcrumb\",\"itemListElement\":[{\"@type\":\"ListItem\",\"position\":1,\"name\":\"Anasayfa\",\"item\":\"https:\/\/aymetalkaplama.com\/\"},{\"@type\":\"ListItem\",\"position\":2,\"name\":\"REFERANSLAR\"}]},{\"@type\":\"WebSite\",\"@id\":\"https:\/\/aymetalkaplama.com\/#website\",\"url\":\"https:\/\/aymetalkaplama.com\/\",\"name\":\"\",\"description\":\"\",\"potentialAction\":[{\"@type\":\"SearchAction\",\"target\":{\"@type\":\"EntryPoint\",\"urlTemplate\":\"https:\/\/aymetalkaplama.com\/?s={search_term_string}\"},\"query-input\":\"required name=search_term_string\"}],\"inLanguage\":\"tr\"}]}<\/script>\n<!-- \/ Yoast SEO plugin. -->","yoast_head_json":{"title":"REFERANSLAR -","robots":{"index":"index","follow":"follow","max-snippet":"max-snippet:-1","max-image-preview":"max-image-preview:large","max-video-preview":"max-video-preview:-1"},"canonical":"https:\/\/aymetalkaplama.com\/index.php\/referanslar\/","og_locale":"tr_TR","og_type":"article","og_title":"REFERANSLAR -","og_description":"\u0130\u015e\u0130N ADI \u0130\u015e YER\u0130 M\u0130KTAR MALZEME C\u0130NS\u0130 Merih Asans\u00f6r A.\u015e.( Ostim Fabrika Binas\u0131) Ankara 750 m2&nbsp; \u2013 40mm Rall 9002 \u00c7at\u0131 Paneli SPD Baraj Sistemleri&nbsp; Ltd. \u015eti. Ordu 2.500 m2&nbsp; 50 mm Rall 5017 \u00c7at\u0131 Cephe Paneli \u00d6z F\u0131nd\u0131k Entegre","og_url":"https:\/\/aymetalkaplama.com\/index.php\/referanslar\/","article_modified_time":"2024-05-17T07:33:38+00:00","twitter_card":"summary_large_image","twitter_misc":{"Tahmini okuma s\u00fcresi":"2 dakika"},"schema":{"@context":"https:\/\/schema.org","@graph":[{"@type":"WebPage","@id":"https:\/\/aymetalkaplama.com\/index.php\/referanslar\/","url":"https:\/\/aymetalkaplama.com\/index.php\/referanslar\/","name":"REFERANSLAR -","isPartOf":{"@id":"https:\/\/aymetalkaplama.com\/#website"},"datePublished":"2024-05-05T18:28:36+00:00","dateModified":"2024-05-17T07:33:38+00:00","breadcrumb":{"@id":"https:\/\/aymetalkaplama.com\/index.php\/referanslar\/#breadcrumb"},"inLanguage":"tr","potentialAction":[{"@type":"ReadAction","target":["https:\/\/aymetalkaplama.com\/index.php\/referanslar\/"]}]},{"@type":"BreadcrumbList","@id":"https:\/\/aymetalkaplama.com\/index.php\/referanslar\/#breadcrumb","itemListElement":[{"@type":"ListItem","position":1,"name":"Anasayfa","item":"https:\/\/aymetalkaplama.com\/"},{"@type":"ListItem","position":2,"name":"REFERANSLAR"}]},{"@type":"WebSite","@id":"https:\/\/aymetalkaplama.com\/#website","url":"https:\/\/aymetalkaplama.com\/","name":"","description":"","potentialAction":[{"@type":"SearchAction","target":{"@type":"EntryPoint","urlTemplate":"https:\/\/aymetalkaplama.com\/?s={search_term_string}"},"query-input":"required name=search_term_string"}],"inLanguage":"tr"}]}},"_links":{"self":[{"href":"https:\/\/aymetalkaplama.com\/index.php\/wp-json\/wp\/v2\/pages\/16","targetHints":{"allow":["GET"]}}],"collection":[{"href":"https:\/\/aymetalkaplama.com\/index.php\/wp-json\/wp\/v2\/pages"}],"about":[{"href":"https:\/\/aymetalkaplama.com\/index.php\/wp-json\/wp\/v2\/types\/page"}],"author":[{"embeddable":true,"href":"https:\/\/aymetalkaplama.com\/index.php\/wp-json\/wp\/v2\/users\/1"}],"replies":[{"embeddable":true,"href":"https:\/\/aymetalkaplama.com\/index.php\/wp-json\/wp\/v2\/comments?post=16"}],"version-history":[{"count":5,"href":"https:\/\/aymetalkaplama.com\/index.php\/wp-json\/wp\/v2\/pages\/16\/revisions"}],"predecessor-version":[{"id":261,"href":"https:\/\/aymetalkaplama.com\/index.php\/wp-json\/wp\/v2\/pages\/16\/revisions\/261"}],"wp:attachment":[{"href":"https:\/\/aymetalkaplama.com\/index.php\/wp-json\/wp\/v2\/media?parent=16"}],"curies":[{"name":"wp","href":"https:\/\/api.w.org\/{rel}","templated":true}]}}