{"id":14,"date":"2024-05-05T18:28:36","date_gmt":"2024-05-05T18:28:36","guid":{"rendered":"https:\/\/aymetalkaplama.com\/?page_id=14"},"modified":"2024-05-06T08:52:54","modified_gmt":"2024-05-06T08:52:54","slug":"hakkimizda","status":"publish","type":"page","link":"https:\/\/aymetalkaplama.com\/index.php\/hakkimizda\/","title":{"rendered":"HAKKIMIZDA"},"content":{"rendered":"\n<p class=\"has-medium-font-size\">&#8220;<strong>Deneyimli \u00e7al\u0131\u015fanlar\u0131m\u0131z ile teknolojinin getirdi\u011fi kolayl\u0131klar\u0131, m\u00fc\u015fterilerimizin d\u00fc\u015f\u00fcnce ve \u00e7\u0131karlar\u0131yla harmanlayarak, kaliteli \u00fcr\u00fcn\u00fc uygun fiyata zaman\u0131nda teslim etmektir.<\/strong>&#8220;<\/p>\n\n\n\n<p class=\"has-text-align-center has-medium-font-size\"><strong>Misyonumuz<\/strong><\/p>\n\n\n\n<hr class=\"wp-block-separator has-alpha-channel-opacity\"\/>\n\n\n\n<p class=\"has-text-align-left\">Deneyimli \u00e7al\u0131\u015fanlar\u0131m\u0131z ile teknolojinin getirdi\u011fi kolayl\u0131klar\u0131, m\u00fc\u015fterilerimizin d\u00fc\u015f\u00fcnce ve \u00e7\u0131karlar\u0131yla harmanlayarak, kaliteli \u00fcr\u00fcn\u00fc uygun fiyata zaman\u0131nda teslim etmektir.<br><\/p>\n\n\n\n<p class=\"has-text-align-center\"><strong>Bak\u0131\u015f A\u00e7\u0131m\u0131z<\/strong><\/p>\n\n\n\n<hr class=\"wp-block-separator has-alpha-channel-opacity\"\/>\n\n\n\n<p>Panel sekt\u00f6r\u00fcnde Uygulamac\u0131 olarak 15 y\u0131l\u0131 a\u015fan montaj tecr\u00fcbemizi Aymetal Kaplama Ltd. \u015eti. \u00e7at\u0131s\u0131 alt\u0131nda sahip oldu\u011fu bilgi ve tecr\u00fcbeyi, siz de\u011ferli m\u00fc\u015fterileri ile payla\u015fman\u0131n heyecan\u0131n\u0131 duyar. Kuruldu\u011fu g\u00fcnden itibaren \u00e7at\u0131 ve cephe panel konusunda uzman kadroya sahip olan \u015firketimiz;<\/p>\n\n\n\n<p>Karadeniz&nbsp;b\u00f6lgesinde a\u011f\u0131rl\u0131kl\u0131 olarak T\u00fcrkiye\u2019nin her b\u00f6lgesinde uygulamalar\u0131 mevcut olup Sandvi\u00e7&nbsp;\u00e7at\u0131 ve cephe panel i\u015fini yapmaktad\u0131r.<\/p>\n\n\n\n<p>Hizmetlerimiz panel sonras\u0131 ; \u00e7at\u0131 ve cephe kaplama uygulamas\u0131 haricinde duvar ve oluk izolasyonu i\u015flerini kapsamaktad\u0131r.<\/p>\n\n\n\n<p>Orta \u00f6l\u00e7ekli bir i\u015fletme olmas\u0131na ra\u011fmen kuruldu\u011fu ilk andan itibaren kaliteye verdi\u011fi \u00f6nem ve zoru ba\u015farma azmi sayesinde k\u0131sa s\u00fcrede sekt\u00f6r\u00fcnde tan\u0131n\u0131p bu ilkelerinden asla vazge\u00e7meyecektir.<\/p>\n\n\n\n<p><strong>Firman\u0131n de\u011fi\u015fmez prensipleri daima kalite, hizmet, zaman\u0131nda teslim ve uygun fiyat olmu\u015ftur.<\/strong><\/p>\n\n\n\n<p>Paneldeki ba\u015far\u0131 ve s\u00fcreklili\u011fin teminat\u0131 hizmette d\u00fcr\u00fcstl\u00fck ve kalite, prensibiyle \u00e7al\u0131\u015fan Aymetal Kaplama, g\u00f6sterdi\u011finiz yak\u0131n ilgi ve deste\u011finizden dolay\u0131 te\u015fekk\u00fcr ederek sizlere bug\u00fcn ve gelecekte hizmet vermeye devam edecektir.<\/p>\n\n\n\n<p>Aymetal Kaplama Tic. Ltd. \u015eti.<\/p>\n","protected":false},"excerpt":{"rendered":"<p>&#8220;Deneyimli \u00e7al\u0131\u015fanlar\u0131m\u0131z ile teknolojinin getirdi\u011fi kolayl\u0131klar\u0131, m\u00fc\u015fterilerimizin d\u00fc\u015f\u00fcnce ve \u00e7\u0131karlar\u0131yla harmanlayarak, kaliteli \u00fcr\u00fcn\u00fc uygun fiyata zaman\u0131nda teslim etmektir.&#8220; Misyonumuz Deneyimli \u00e7al\u0131\u015fanlar\u0131m\u0131z ile teknolojinin getirdi\u011fi kolayl\u0131klar\u0131, m\u00fc\u015fterilerimizin d\u00fc\u015f\u00fcnce ve \u00e7\u0131karlar\u0131yla harmanlayarak, kaliteli \u00fcr\u00fcn\u00fc uygun fiyata zaman\u0131nda teslim etmektir. Bak\u0131\u015f A\u00e7\u0131m\u0131z Panel<\/p>\n","protected":false},"author":1,"featured_media":0,"parent":0,"menu_order":0,"comment_status":"closed","ping_status":"closed","template":"","meta":{"footnotes":""},"class_list":["post-14","page","type-page","status-publish","hentry"],"yoast_head":"<!-- This site is optimized with the Yoast SEO plugin v22.7 - https:\/\/yoast.com\/wordpress\/plugins\/seo\/ -->\n<title>HAKKIMIZDA -<\/title>\n<meta name=\"robots\" content=\"index, follow, max-snippet:-1, max-image-preview:large, max-video-preview:-1\" \/>\n<link rel=\"canonical\" href=\"https:\/\/aymetalkaplama.com\/index.php\/hakkimizda\/\" \/>\n<meta property=\"og:locale\" content=\"tr_TR\" \/>\n<meta property=\"og:type\" content=\"article\" \/>\n<meta property=\"og:title\" content=\"HAKKIMIZDA -\" \/>\n<meta property=\"og:description\" content=\"&#8220;Deneyimli \u00e7al\u0131\u015fanlar\u0131m\u0131z ile teknolojinin getirdi\u011fi kolayl\u0131klar\u0131, m\u00fc\u015fterilerimizin d\u00fc\u015f\u00fcnce ve \u00e7\u0131karlar\u0131yla harmanlayarak, kaliteli \u00fcr\u00fcn\u00fc uygun fiyata zaman\u0131nda teslim etmektir.&#8220; Misyonumuz Deneyimli \u00e7al\u0131\u015fanlar\u0131m\u0131z ile teknolojinin getirdi\u011fi kolayl\u0131klar\u0131, m\u00fc\u015fterilerimizin d\u00fc\u015f\u00fcnce ve \u00e7\u0131karlar\u0131yla harmanlayarak, kaliteli \u00fcr\u00fcn\u00fc uygun fiyata zaman\u0131nda teslim etmektir. Bak\u0131\u015f A\u00e7\u0131m\u0131z Panel\" \/>\n<meta property=\"og:url\" content=\"https:\/\/aymetalkaplama.com\/index.php\/hakkimizda\/\" \/>\n<meta property=\"article:modified_time\" content=\"2024-05-06T08:52:54+00:00\" \/>\n<meta name=\"twitter:card\" content=\"summary_large_image\" \/>\n<meta name=\"twitter:label1\" content=\"Tahmini okuma s\u00fcresi\" \/>\n\t<meta name=\"twitter:data1\" content=\"2 dakika\" \/>\n<script type=\"application\/ld+json\" class=\"yoast-schema-graph\">{\"@context\":\"https:\/\/schema.org\",\"@graph\":[{\"@type\":\"WebPage\",\"@id\":\"https:\/\/aymetalkaplama.com\/index.php\/hakkimizda\/\",\"url\":\"https:\/\/aymetalkaplama.com\/index.php\/hakkimizda\/\",\"name\":\"HAKKIMIZDA -\",\"isPartOf\":{\"@id\":\"https:\/\/aymetalkaplama.com\/#website\"},\"datePublished\":\"2024-05-05T18:28:36+00:00\",\"dateModified\":\"2024-05-06T08:52:54+00:00\",\"breadcrumb\":{\"@id\":\"https:\/\/aymetalkaplama.com\/index.php\/hakkimizda\/#breadcrumb\"},\"inLanguage\":\"tr\",\"potentialAction\":[{\"@type\":\"ReadAction\",\"target\":[\"https:\/\/aymetalkaplama.com\/index.php\/hakkimizda\/\"]}]},{\"@type\":\"BreadcrumbList\",\"@id\":\"https:\/\/aymetalkaplama.com\/index.php\/hakkimizda\/#breadcrumb\",\"itemListElement\":[{\"@type\":\"ListItem\",\"position\":1,\"name\":\"Anasayfa\",\"item\":\"https:\/\/aymetalkaplama.com\/\"},{\"@type\":\"ListItem\",\"position\":2,\"name\":\"HAKKIMIZDA\"}]},{\"@type\":\"WebSite\",\"@id\":\"https:\/\/aymetalkaplama.com\/#website\",\"url\":\"https:\/\/aymetalkaplama.com\/\",\"name\":\"\",\"description\":\"\",\"potentialAction\":[{\"@type\":\"SearchAction\",\"target\":{\"@type\":\"EntryPoint\",\"urlTemplate\":\"https:\/\/aymetalkaplama.com\/?s={search_term_string}\"},\"query-input\":\"required name=search_term_string\"}],\"inLanguage\":\"tr\"}]}<\/script>\n<!-- \/ Yoast SEO plugin. -->","yoast_head_json":{"title":"HAKKIMIZDA -","robots":{"index":"index","follow":"follow","max-snippet":"max-snippet:-1","max-image-preview":"max-image-preview:large","max-video-preview":"max-video-preview:-1"},"canonical":"https:\/\/aymetalkaplama.com\/index.php\/hakkimizda\/","og_locale":"tr_TR","og_type":"article","og_title":"HAKKIMIZDA -","og_description":"&#8220;Deneyimli \u00e7al\u0131\u015fanlar\u0131m\u0131z ile teknolojinin getirdi\u011fi kolayl\u0131klar\u0131, m\u00fc\u015fterilerimizin d\u00fc\u015f\u00fcnce ve \u00e7\u0131karlar\u0131yla harmanlayarak, kaliteli \u00fcr\u00fcn\u00fc uygun fiyata zaman\u0131nda teslim etmektir.&#8220; Misyonumuz Deneyimli \u00e7al\u0131\u015fanlar\u0131m\u0131z ile teknolojinin getirdi\u011fi kolayl\u0131klar\u0131, m\u00fc\u015fterilerimizin d\u00fc\u015f\u00fcnce ve \u00e7\u0131karlar\u0131yla harmanlayarak, kaliteli \u00fcr\u00fcn\u00fc uygun fiyata zaman\u0131nda teslim etmektir. Bak\u0131\u015f A\u00e7\u0131m\u0131z Panel","og_url":"https:\/\/aymetalkaplama.com\/index.php\/hakkimizda\/","article_modified_time":"2024-05-06T08:52:54+00:00","twitter_card":"summary_large_image","twitter_misc":{"Tahmini okuma s\u00fcresi":"2 dakika"},"schema":{"@context":"https:\/\/schema.org","@graph":[{"@type":"WebPage","@id":"https:\/\/aymetalkaplama.com\/index.php\/hakkimizda\/","url":"https:\/\/aymetalkaplama.com\/index.php\/hakkimizda\/","name":"HAKKIMIZDA -","isPartOf":{"@id":"https:\/\/aymetalkaplama.com\/#website"},"datePublished":"2024-05-05T18:28:36+00:00","dateModified":"2024-05-06T08:52:54+00:00","breadcrumb":{"@id":"https:\/\/aymetalkaplama.com\/index.php\/hakkimizda\/#breadcrumb"},"inLanguage":"tr","potentialAction":[{"@type":"ReadAction","target":["https:\/\/aymetalkaplama.com\/index.php\/hakkimizda\/"]}]},{"@type":"BreadcrumbList","@id":"https:\/\/aymetalkaplama.com\/index.php\/hakkimizda\/#breadcrumb","itemListElement":[{"@type":"ListItem","position":1,"name":"Anasayfa","item":"https:\/\/aymetalkaplama.com\/"},{"@type":"ListItem","position":2,"name":"HAKKIMIZDA"}]},{"@type":"WebSite","@id":"https:\/\/aymetalkaplama.com\/#website","url":"https:\/\/aymetalkaplama.com\/","name":"","description":"","potentialAction":[{"@type":"SearchAction","target":{"@type":"EntryPoint","urlTemplate":"https:\/\/aymetalkaplama.com\/?s={search_term_string}"},"query-input":"required name=search_term_string"}],"inLanguage":"tr"}]}},"_links":{"self":[{"href":"https:\/\/aymetalkaplama.com\/index.php\/wp-json\/wp\/v2\/pages\/14","targetHints":{"allow":["GET"]}}],"collection":[{"href":"https:\/\/aymetalkaplama.com\/index.php\/wp-json\/wp\/v2\/pages"}],"about":[{"href":"https:\/\/aymetalkaplama.com\/index.php\/wp-json\/wp\/v2\/types\/page"}],"author":[{"embeddable":true,"href":"https:\/\/aymetalkaplama.com\/index.php\/wp-json\/wp\/v2\/users\/1"}],"replies":[{"embeddable":true,"href":"https:\/\/aymetalkaplama.com\/index.php\/wp-json\/wp\/v2\/comments?post=14"}],"version-history":[{"count":3,"href":"https:\/\/aymetalkaplama.com\/index.php\/wp-json\/wp\/v2\/pages\/14\/revisions"}],"predecessor-version":[{"id":118,"href":"https:\/\/aymetalkaplama.com\/index.php\/wp-json\/wp\/v2\/pages\/14\/revisions\/118"}],"wp:attachment":[{"href":"https:\/\/aymetalkaplama.com\/index.php\/wp-json\/wp\/v2\/media?parent=14"}],"curies":[{"name":"wp","href":"https:\/\/api.w.org\/{rel}","templated":true}]}}