{"id":130,"date":"2024-05-08T11:55:57","date_gmt":"2024-05-08T11:55:57","guid":{"rendered":"https:\/\/aymetalkaplama.com\/?page_id=130"},"modified":"2024-05-17T12:19:54","modified_gmt":"2024-05-17T12:19:54","slug":"anasayfa","status":"publish","type":"page","link":"https:\/\/aymetalkaplama.com\/","title":{"rendered":"ANASAYFA"},"content":{"rendered":"<div class=\"n2-section-smartslider fitvidsignore  n2_clear\" data-ssid=\"1\" tabindex=\"0\" role=\"region\" aria-label=\"Slider\"><div id=\"n2-ss-1-align\" class=\"n2-ss-align\"><div class=\"n2-padding\"><div id=\"n2-ss-1\" data-creator=\"Smart Slider 3\" data-responsive=\"auto\" class=\"n2-ss-slider n2-ow n2-has-hover n2notransition  \">\n\n\n\n<div class=\"n2-ss-slider-wrapper-inside\">\n        <div class=\"n2-ss-slider-1 n2_ss__touch_element n2-ow\">\n            <div class=\"n2-ss-slider-2 n2-ow\">\n                                                <div class=\"n2-ss-slider-3 n2-ow\">\n\n                    <div class=\"n2-ss-slide-backgrounds n2-ow-all\"><div class=\"n2-ss-slide-background\" data-public-id=\"1\" data-mode=\"fill\"><div class=\"n2-ss-slide-background-image\" data-blur=\"0\" data-opacity=\"100\" data-x=\"50\" data-y=\"50\" data-alt=\"\" data-title=\"\"><picture class=\"skip-lazy\" data-skip-lazy=\"1\"><img decoding=\"async\" src=\"\/\/aymetalkaplama.com\/wp-content\/uploads\/2024\/05\/metinler_57b4515aa08b1-e1595451666132-765x500-1.jpg\" alt=\"\" title=\"\" loading=\"lazy\" class=\"skip-lazy\" data-skip-lazy=\"1\"><\/picture><\/div><div data-color=\"RGBA(255,255,255,0)\" style=\"background-color: RGBA(255,255,255,0);\" class=\"n2-ss-slide-background-color\"><\/div><\/div><div class=\"n2-ss-slide-background\" data-public-id=\"2\" data-mode=\"fill\"><div class=\"n2-ss-slide-background-image\" data-blur=\"0\" data-opacity=\"100\" data-x=\"50\" data-y=\"50\" data-alt=\"\" data-title=\"\"><picture class=\"skip-lazy\" data-skip-lazy=\"1\"><img decoding=\"async\" src=\"\/\/aymetalkaplama.com\/wp-content\/uploads\/2024\/05\/Ozden-Kimya-Smart-Boya-ANKARA-Kepli-Cati-1-scaled-990x500-1.jpg\" alt=\"\" title=\"\" loading=\"lazy\" class=\"skip-lazy\" data-skip-lazy=\"1\"><\/picture><\/div><div data-color=\"RGBA(255,255,255,0)\" style=\"background-color: RGBA(255,255,255,0);\" class=\"n2-ss-slide-background-color\"><\/div><\/div><div class=\"n2-ss-slide-background\" data-public-id=\"3\" data-mode=\"fill\"><div class=\"n2-ss-slide-background-image\" data-blur=\"0\" data-opacity=\"100\" data-x=\"50\" data-y=\"50\" data-alt=\"\" data-title=\"\"><picture class=\"skip-lazy\" data-skip-lazy=\"1\"><img decoding=\"async\" src=\"\/\/aymetalkaplama.com\/wp-content\/uploads\/2024\/05\/YX-Musteri-Cephe-Ornek-Resimleri-990x500-1.jpg\" alt=\"\" title=\"\" loading=\"lazy\" class=\"skip-lazy\" data-skip-lazy=\"1\"><\/picture><\/div><div data-color=\"RGBA(255,255,255,0)\" style=\"background-color: RGBA(255,255,255,0);\" class=\"n2-ss-slide-background-color\"><\/div><\/div><div class=\"n2-ss-slide-background\" data-public-id=\"4\" data-mode=\"fill\"><div class=\"n2-ss-slide-background-image\" data-blur=\"0\" data-opacity=\"100\" data-x=\"50\" data-y=\"50\" data-alt=\"\" data-title=\"\"><picture class=\"skip-lazy\" data-skip-lazy=\"1\"><img decoding=\"async\" src=\"\/\/aymetalkaplama.com\/wp-content\/uploads\/2024\/05\/AYMETAL-SEVINC-BINGOK-ASAGIKALEKOY-HES-2018-123-990x500-1.jpg\" alt=\"\" title=\"\" loading=\"lazy\" class=\"skip-lazy\" data-skip-lazy=\"1\"><\/picture><\/div><div data-color=\"RGBA(255,255,255,0)\" style=\"background-color: RGBA(255,255,255,0);\" class=\"n2-ss-slide-background-color\"><\/div><\/div><\/div>                    <div class=\"n2-ss-slider-4 n2-ow\">\n                        <svg xmlns=\"http:\/\/www.w3.org\/2000\/svg\" viewBox=\"0 0 1200 600\" data-related-device=\"desktopPortrait\" class=\"n2-ow n2-ss-preserve-size n2-ss-preserve-size--slider n2-ss-slide-limiter\"><\/svg><div data-first=\"1\" data-slide-duration=\"0\" data-id=\"3\" data-slide-public-id=\"1\" data-title=\"metinler_57b4515aa08b1-e1595451666132-765x500\" class=\"n2-ss-slide n2-ow  n2-ss-slide-3\"><div role=\"note\" class=\"n2-ss-slide--focus\" tabindex=\"-1\">metinler_57b4515aa08b1-e1595451666132-765&#215;500<\/div><div class=\"n2-ss-layers-container n2-ss-slide-limiter n2-ow\"><div class=\"n2-ss-layer n2-ow n-uc-erCZ5etg1b2N\" data-sstype=\"slide\" data-pm=\"default\"><\/div><\/div><\/div><div data-slide-duration=\"0\" data-id=\"4\" data-slide-public-id=\"2\" data-title=\"\u00d6zden-Kimya-Smart-Boya-ANKARA-Kepli-\u00c7at\u0131-1-scaled-990x500\" class=\"n2-ss-slide n2-ow  n2-ss-slide-4\"><div role=\"note\" class=\"n2-ss-slide--focus\" tabindex=\"-1\">\u00d6zden-Kimya-Smart-Boya-ANKARA-Kepli-\u00c7at\u0131-1-scaled-990&#215;500<\/div><div class=\"n2-ss-layers-container n2-ss-slide-limiter n2-ow\"><div class=\"n2-ss-layer n2-ow n-uc-7h1F5LYWZYmF\" data-sstype=\"slide\" data-pm=\"default\"><\/div><\/div><\/div><div data-slide-duration=\"0\" data-id=\"5\" data-slide-public-id=\"3\" data-title=\"YX-M\u00fc\u015fteri-Cephe-\u00d6rnek-Resimleri-990x500\" class=\"n2-ss-slide n2-ow  n2-ss-slide-5\"><div role=\"note\" class=\"n2-ss-slide--focus\" tabindex=\"-1\">YX-M\u00fc\u015fteri-Cephe-\u00d6rnek-Resimleri-990&#215;500<\/div><div class=\"n2-ss-layers-container n2-ss-slide-limiter n2-ow\"><div class=\"n2-ss-layer n2-ow n-uc-DEmWbGLrNS3Y\" data-sstype=\"slide\" data-pm=\"default\"><\/div><\/div><\/div><div data-slide-duration=\"0\" data-id=\"6\" data-slide-public-id=\"4\" data-title=\"AYMETAL-SEV\u0130N\u00c7-B\u0130NG\u00d6K-A\u015eA\u011eIKALEK\u00d6Y-HES-2018-123-990x500\" class=\"n2-ss-slide n2-ow  n2-ss-slide-6\"><div role=\"note\" class=\"n2-ss-slide--focus\" tabindex=\"-1\">AYMETAL-SEV\u0130N\u00c7-B\u0130NG\u00d6K-A\u015eA\u011eIKALEK\u00d6Y-HES-2018-123-990&#215;500<\/div><div class=\"n2-ss-layers-container n2-ss-slide-limiter n2-ow\"><div class=\"n2-ss-layer n2-ow n-uc-1uuqb8yZYwuQ\" data-sstype=\"slide\" data-pm=\"default\"><\/div><\/div><\/div>                    <\/div>\n\n                                    <\/div>\n            <\/div>\n        <\/div>\n        <div class=\"n2-ss-slider-controls n2-ss-slider-controls-absolute-center-bottom\"><div style=\"--widget-offset:5px;\" class=\"n2-ss-widget n2-ss-control-bullet n2-ow-all n2-ss-control-bullet-horizontal\"><div class=\" nextend-bullet-bar n2-bar-justify-content-center\"><div class=\"n2-bullet n2-style-37b83350d88fb82e7ea26e8ad7887167-dot \" style=\"visibility:hidden;\"><\/div><\/div><\/div><\/div><\/div><\/div><ss3-loader><\/ss3-loader><\/div><\/div><div class=\"n2_clear\"><\/div><\/div>\n\n\n<hr class=\"wp-block-separator has-alpha-channel-opacity is-style-wide\"\/>\n\n\n\n<div class=\"wp-block-media-text is-stacked-on-mobile\"><figure class=\"wp-block-media-text__media\"><img fetchpriority=\"high\" decoding=\"async\" width=\"300\" height=\"176\" src=\"https:\/\/aymetalkaplama.com\/wp-content\/uploads\/2024\/05\/hizmet-politikasi.jpg\" alt=\"\" class=\"wp-image-138 size-full\"\/><\/figure><div class=\"wp-block-media-text__content\">\n<h3 class=\"wp-block-heading has-text-align-center\"><strong>H\u0130ZMET POL\u0130T\u0130KASI<\/strong><\/h3>\n\n\n\n<h3 class=\"wp-block-heading\"><strong>Hizmetlerimiz panel sonras\u0131 ; \u00e7at\u0131 ve cephe kaplama uygulamas\u0131 haricinde duvar ve oluk izolasyonu i\u015flerini kapsamaktad\u0131r.<\/strong><\/h3>\n\n\n\n<h4 class=\"wp-block-heading\">Deneyimli \u00e7al\u0131\u015fanlar\u0131m\u0131z ile teknolojinin getirdi\u011fi kolayl\u0131klar\u0131, m\u00fc\u015fterilerimizin d\u00fc\u015f\u00fcnce ve \u00e7\u0131karlar\u0131yla harmanlayarak, kaliteli \u00fcr\u00fcn\u00fc uygun fiyata zaman\u0131nda teslim etmektir.<\/h4>\n\n\n\n<h4 class=\"wp-block-heading\"><strong>Firman\u0131n de\u011fi\u015fmez prensipleri daima kalite, hizmet, zaman\u0131nda teslim ve uygun fiyat olmu\u015f<\/strong><\/h4>\n<\/div><\/div>\n\n\n\n<hr class=\"wp-block-separator has-alpha-channel-opacity is-style-wide\"\/>\n\n\n\n<div class=\"wp-block-media-text has-media-on-the-right is-stacked-on-mobile\"><div class=\"wp-block-media-text__content\">\n<h3 class=\"wp-block-heading\"><strong>V\u0130ZYON &amp; M\u0130SYON<\/strong><\/h3>\n\n\n\n<h4 class=\"wp-block-heading\"><\/h4>\n\n\n\n<h4 class=\"wp-block-heading\">Paneldeki ba\u015far\u0131 ve s\u00fcreklili\u011fin teminat\u0131 hizmette d\u00fcr\u00fcstl\u00fck ve kalite, prensibiyle \u00e7al\u0131\u015fan AyMetal Kaplama, g\u00f6sterdi\u011finiz yak\u0131n ilgi ve deste\u011finizden dolay\u0131 te\u015fekk\u00fcr ederek sizlere bug\u00fcn ve gelecekte hizmet vermeye devam edecektir.<\/h4>\n\n\n\n<p><\/p>\n<\/div><figure class=\"wp-block-media-text__media\"><img decoding=\"async\" width=\"275\" height=\"183\" src=\"https:\/\/aymetalkaplama.com\/wp-content\/uploads\/2024\/05\/vizyon-misyon.jpeg\" alt=\"\" class=\"wp-image-139 size-full\"\/><\/figure><\/div>\n","protected":false},"excerpt":{"rendered":"<p>H\u0130ZMET POL\u0130T\u0130KASI Hizmetlerimiz panel sonras\u0131 ; \u00e7at\u0131 ve cephe kaplama uygulamas\u0131 haricinde duvar ve oluk izolasyonu i\u015flerini kapsamaktad\u0131r. Deneyimli \u00e7al\u0131\u015fanlar\u0131m\u0131z ile teknolojinin getirdi\u011fi kolayl\u0131klar\u0131, m\u00fc\u015fterilerimizin d\u00fc\u015f\u00fcnce ve \u00e7\u0131karlar\u0131yla harmanlayarak, kaliteli \u00fcr\u00fcn\u00fc uygun fiyata zaman\u0131nda teslim etmektir. Firman\u0131n de\u011fi\u015fmez prensipleri daima<\/p>\n","protected":false},"author":1,"featured_media":0,"parent":0,"menu_order":0,"comment_status":"closed","ping_status":"closed","template":"","meta":{"footnotes":""},"class_list":["post-130","page","type-page","status-publish","hentry"],"yoast_head":"<!-- This site is optimized with the Yoast SEO plugin v22.7 - https:\/\/yoast.com\/wordpress\/plugins\/seo\/ -->\n<title>ANASAYFA -<\/title>\n<meta name=\"robots\" content=\"index, follow, max-snippet:-1, max-image-preview:large, max-video-preview:-1\" \/>\n<link rel=\"canonical\" href=\"https:\/\/aymetalkaplama.com\/\" \/>\n<meta property=\"og:locale\" content=\"tr_TR\" \/>\n<meta property=\"og:type\" content=\"article\" \/>\n<meta property=\"og:title\" content=\"ANASAYFA -\" \/>\n<meta property=\"og:description\" content=\"H\u0130ZMET POL\u0130T\u0130KASI Hizmetlerimiz panel sonras\u0131 ; \u00e7at\u0131 ve cephe kaplama uygulamas\u0131 haricinde duvar ve oluk izolasyonu i\u015flerini kapsamaktad\u0131r. Deneyimli \u00e7al\u0131\u015fanlar\u0131m\u0131z ile teknolojinin getirdi\u011fi kolayl\u0131klar\u0131, m\u00fc\u015fterilerimizin d\u00fc\u015f\u00fcnce ve \u00e7\u0131karlar\u0131yla harmanlayarak, kaliteli \u00fcr\u00fcn\u00fc uygun fiyata zaman\u0131nda teslim etmektir. Firman\u0131n de\u011fi\u015fmez prensipleri daima\" \/>\n<meta property=\"og:url\" content=\"https:\/\/aymetalkaplama.com\/\" \/>\n<meta property=\"article:modified_time\" content=\"2024-05-17T12:19:54+00:00\" \/>\n<meta property=\"og:image\" content=\"https:\/\/aymetalkaplama.com\/wp-content\/uploads\/2024\/05\/hizmet-politikasi.jpg\" \/>\n<meta name=\"twitter:card\" content=\"summary_large_image\" \/>\n<meta name=\"twitter:label1\" content=\"Tahmini okuma s\u00fcresi\" \/>\n\t<meta name=\"twitter:data1\" content=\"1 dakika\" \/>\n<script type=\"application\/ld+json\" class=\"yoast-schema-graph\">{\"@context\":\"https:\/\/schema.org\",\"@graph\":[{\"@type\":\"WebPage\",\"@id\":\"https:\/\/aymetalkaplama.com\/\",\"url\":\"https:\/\/aymetalkaplama.com\/\",\"name\":\"ANASAYFA -\",\"isPartOf\":{\"@id\":\"https:\/\/aymetalkaplama.com\/#website\"},\"primaryImageOfPage\":{\"@id\":\"https:\/\/aymetalkaplama.com\/#primaryimage\"},\"image\":{\"@id\":\"https:\/\/aymetalkaplama.com\/#primaryimage\"},\"thumbnailUrl\":\"https:\/\/aymetalkaplama.com\/wp-content\/uploads\/2024\/05\/hizmet-politikasi.jpg\",\"datePublished\":\"2024-05-08T11:55:57+00:00\",\"dateModified\":\"2024-05-17T12:19:54+00:00\",\"breadcrumb\":{\"@id\":\"https:\/\/aymetalkaplama.com\/#breadcrumb\"},\"inLanguage\":\"tr\",\"potentialAction\":[{\"@type\":\"ReadAction\",\"target\":[\"https:\/\/aymetalkaplama.com\/\"]}]},{\"@type\":\"ImageObject\",\"inLanguage\":\"tr\",\"@id\":\"https:\/\/aymetalkaplama.com\/#primaryimage\",\"url\":\"https:\/\/aymetalkaplama.com\/wp-content\/uploads\/2024\/05\/hizmet-politikasi.jpg\",\"contentUrl\":\"https:\/\/aymetalkaplama.com\/wp-content\/uploads\/2024\/05\/hizmet-politikasi.jpg\",\"width\":300,\"height\":176},{\"@type\":\"BreadcrumbList\",\"@id\":\"https:\/\/aymetalkaplama.com\/#breadcrumb\",\"itemListElement\":[{\"@type\":\"ListItem\",\"position\":1,\"name\":\"Anasayfa\",\"item\":\"https:\/\/aymetalkaplama.com\/\"},{\"@type\":\"ListItem\",\"position\":2,\"name\":\"ANASAYFA\"}]},{\"@type\":\"WebSite\",\"@id\":\"https:\/\/aymetalkaplama.com\/#website\",\"url\":\"https:\/\/aymetalkaplama.com\/\",\"name\":\"\",\"description\":\"\",\"potentialAction\":[{\"@type\":\"SearchAction\",\"target\":{\"@type\":\"EntryPoint\",\"urlTemplate\":\"https:\/\/aymetalkaplama.com\/?s={search_term_string}\"},\"query-input\":\"required name=search_term_string\"}],\"inLanguage\":\"tr\"}]}<\/script>\n<!-- \/ Yoast SEO plugin. -->","yoast_head_json":{"title":"ANASAYFA -","robots":{"index":"index","follow":"follow","max-snippet":"max-snippet:-1","max-image-preview":"max-image-preview:large","max-video-preview":"max-video-preview:-1"},"canonical":"https:\/\/aymetalkaplama.com\/","og_locale":"tr_TR","og_type":"article","og_title":"ANASAYFA -","og_description":"H\u0130ZMET POL\u0130T\u0130KASI Hizmetlerimiz panel sonras\u0131 ; \u00e7at\u0131 ve cephe kaplama uygulamas\u0131 haricinde duvar ve oluk izolasyonu i\u015flerini kapsamaktad\u0131r. Deneyimli \u00e7al\u0131\u015fanlar\u0131m\u0131z ile teknolojinin getirdi\u011fi kolayl\u0131klar\u0131, m\u00fc\u015fterilerimizin d\u00fc\u015f\u00fcnce ve \u00e7\u0131karlar\u0131yla harmanlayarak, kaliteli \u00fcr\u00fcn\u00fc uygun fiyata zaman\u0131nda teslim etmektir. Firman\u0131n de\u011fi\u015fmez prensipleri daima","og_url":"https:\/\/aymetalkaplama.com\/","article_modified_time":"2024-05-17T12:19:54+00:00","og_image":[{"url":"https:\/\/aymetalkaplama.com\/wp-content\/uploads\/2024\/05\/hizmet-politikasi.jpg"}],"twitter_card":"summary_large_image","twitter_misc":{"Tahmini okuma s\u00fcresi":"1 dakika"},"schema":{"@context":"https:\/\/schema.org","@graph":[{"@type":"WebPage","@id":"https:\/\/aymetalkaplama.com\/","url":"https:\/\/aymetalkaplama.com\/","name":"ANASAYFA -","isPartOf":{"@id":"https:\/\/aymetalkaplama.com\/#website"},"primaryImageOfPage":{"@id":"https:\/\/aymetalkaplama.com\/#primaryimage"},"image":{"@id":"https:\/\/aymetalkaplama.com\/#primaryimage"},"thumbnailUrl":"https:\/\/aymetalkaplama.com\/wp-content\/uploads\/2024\/05\/hizmet-politikasi.jpg","datePublished":"2024-05-08T11:55:57+00:00","dateModified":"2024-05-17T12:19:54+00:00","breadcrumb":{"@id":"https:\/\/aymetalkaplama.com\/#breadcrumb"},"inLanguage":"tr","potentialAction":[{"@type":"ReadAction","target":["https:\/\/aymetalkaplama.com\/"]}]},{"@type":"ImageObject","inLanguage":"tr","@id":"https:\/\/aymetalkaplama.com\/#primaryimage","url":"https:\/\/aymetalkaplama.com\/wp-content\/uploads\/2024\/05\/hizmet-politikasi.jpg","contentUrl":"https:\/\/aymetalkaplama.com\/wp-content\/uploads\/2024\/05\/hizmet-politikasi.jpg","width":300,"height":176},{"@type":"BreadcrumbList","@id":"https:\/\/aymetalkaplama.com\/#breadcrumb","itemListElement":[{"@type":"ListItem","position":1,"name":"Anasayfa","item":"https:\/\/aymetalkaplama.com\/"},{"@type":"ListItem","position":2,"name":"ANASAYFA"}]},{"@type":"WebSite","@id":"https:\/\/aymetalkaplama.com\/#website","url":"https:\/\/aymetalkaplama.com\/","name":"","description":"","potentialAction":[{"@type":"SearchAction","target":{"@type":"EntryPoint","urlTemplate":"https:\/\/aymetalkaplama.com\/?s={search_term_string}"},"query-input":"required name=search_term_string"}],"inLanguage":"tr"}]}},"_links":{"self":[{"href":"https:\/\/aymetalkaplama.com\/index.php\/wp-json\/wp\/v2\/pages\/130","targetHints":{"allow":["GET"]}}],"collection":[{"href":"https:\/\/aymetalkaplama.com\/index.php\/wp-json\/wp\/v2\/pages"}],"about":[{"href":"https:\/\/aymetalkaplama.com\/index.php\/wp-json\/wp\/v2\/types\/page"}],"author":[{"embeddable":true,"href":"https:\/\/aymetalkaplama.com\/index.php\/wp-json\/wp\/v2\/users\/1"}],"replies":[{"embeddable":true,"href":"https:\/\/aymetalkaplama.com\/index.php\/wp-json\/wp\/v2\/comments?post=130"}],"version-history":[{"count":7,"href":"https:\/\/aymetalkaplama.com\/index.php\/wp-json\/wp\/v2\/pages\/130\/revisions"}],"predecessor-version":[{"id":225,"href":"https:\/\/aymetalkaplama.com\/index.php\/wp-json\/wp\/v2\/pages\/130\/revisions\/225"}],"wp:attachment":[{"href":"https:\/\/aymetalkaplama.com\/index.php\/wp-json\/wp\/v2\/media?parent=130"}],"curies":[{"name":"wp","href":"https:\/\/api.w.org\/{rel}","templated":true}]}}